{"id":29379,"date":"2025-01-11T11:18:31","date_gmt":"2025-01-11T11:18:31","guid":{"rendered":"http:\/\/localhost\/megalicdb\/product\/maped-patent-olovka-classic\/"},"modified":"2025-01-27T13:09:22","modified_gmt":"2025-01-27T13:09:22","slug":"maped-patent-olovka-classic","status":"publish","type":"product","link":"https:\/\/megalicdb.rs\/?product=maped-patent-olovka-classic","title":{"rendered":"Maped patent olovka Classic"},"content":{"rendered":"","protected":false},"excerpt":{"rendered":"<p>GUMIRANI DR\u017dA\u010c, 50% DU\u017dA MINICA OD STANDARDNE, DEBLJINA 0.5mm<\/p>\n","protected":false},"featured_media":31352,"comment_status":"open","ping_status":"closed","template":"","meta":[],"product_brand":[],"product_cat":[107],"product_tag":[],"class_list":{"0":"post-29379","1":"product","2":"type-product","3":"status-publish","4":"has-post-thumbnail","6":"product_cat-tehnicke-olovke","8":"first","9":"instock","10":"taxable","11":"shipping-taxable","12":"purchasable","13":"product-type-simple"},"aioseo_notices":[],"_links":{"self":[{"href":"https:\/\/megalicdb.rs\/index.php?rest_route=\/wp\/v2\/product\/29379","targetHints":{"allow":["GET"]}}],"collection":[{"href":"https:\/\/megalicdb.rs\/index.php?rest_route=\/wp\/v2\/product"}],"about":[{"href":"https:\/\/megalicdb.rs\/index.php?rest_route=\/wp\/v2\/types\/product"}],"replies":[{"embeddable":true,"href":"https:\/\/megalicdb.rs\/index.php?rest_route=%2Fwp%2Fv2%2Fcomments&post=29379"}],"version-history":[{"count":0,"href":"https:\/\/megalicdb.rs\/index.php?rest_route=\/wp\/v2\/product\/29379\/revisions"}],"wp:featuredmedia":[{"embeddable":true,"href":"https:\/\/megalicdb.rs\/index.php?rest_route=\/wp\/v2\/media\/31352"}],"wp:attachment":[{"href":"https:\/\/megalicdb.rs\/index.php?rest_route=%2Fwp%2Fv2%2Fmedia&parent=29379"}],"wp:term":[{"taxonomy":"product_brand","embeddable":true,"href":"https:\/\/megalicdb.rs\/index.php?rest_route=%2Fwp%2Fv2%2Fproduct_brand&post=29379"},{"taxonomy":"product_cat","embeddable":true,"href":"https:\/\/megalicdb.rs\/index.php?rest_route=%2Fwp%2Fv2%2Fproduct_cat&post=29379"},{"taxonomy":"product_tag","embeddable":true,"href":"https:\/\/megalicdb.rs\/index.php?rest_route=%2Fwp%2Fv2%2Fproduct_tag&post=29379"}],"curies":[{"name":"wp","href":"https:\/\/api.w.org\/{rel}","templated":true}]}}