{"id":32594,"date":"2025-07-03T14:44:59","date_gmt":"2025-07-03T14:44:59","guid":{"rendered":"https:\/\/megalicdb.rs\/?post_type=product&#038;p=32594"},"modified":"2025-11-24T10:42:35","modified_gmt":"2025-11-24T10:42:35","slug":"romani-stevan-sremac","status":"publish","type":"product","link":"https:\/\/megalicdb.rs\/?product=romani-stevan-sremac","title":{"rendered":"Romani-Stevan Sremac"},"content":{"rendered":"<p>Ivkova slava \u2022 Zona Zamfirova \u2022 Pop \u0106ira i pop Spira \u2022 Limunacija na selu \u2022 Vukadin \u2022 Kir Geras<\/p>\n<p>\u201eOno boemsko i istinsko ljudsko u Stevanu Sremcu instinktivno su ga vodili da u malogra\u0111anskom svetu voli ono \u0161to je \u017eivotnije (Ivkovi karda\u0161i, Mane iz\u00a0<em>Zone Zamfirove<\/em>\u00a0i drugi) ili se srda\u010dno smeje ljudskim nastranostima, sme\u0161nim ambicijama i postupcima (<em>Vukadin<\/em>). Sremac, u tom svetu i \u017eivotu, voli pre svega i najvi\u0161e ono \u0161to pobu\u0111uje na smeh, spontan, bu\u010dan, razdragan.\u201c Dimitrije Vu\u010denov<\/p>\n<p>Vi\u0161e od jednog veka romani i du\u017ee pripovetke Stevana Sremca zasmejavaju i razgaljuju \u010ditaoce svojim likovima Ivka jorgand\u017eije i njegovih pajta\u0161a, Maneta i Zone Zamfirove, Vukadina, kir Gerasa, pop \u0106ire i pop Spire, Jule i Melanije, svih onih nezaboravnih karaktera kojima je ovaj pisac u svojim delima o\u017eiveo palana\u010dki mentalitet i sme\u0161ne osobine svog naroda. Budu\u0107i prevashodno humorista, Sremac se odvaja od dotada\u0161njih realista koji su pisali pripovetke iz seoskog \u017eivota i daje \u0161iroku sliku dru\u0161tva, pri \u010demu je do danas ostao jedinstven srpski pisac koji se uspe\u0161no oprobao u tri razli\u010dita nare\u010dja srpskog jezika, obogatio njegovu leksiku i do\u010darao kako partijarhalnu i tradicionalnu tako i onu gra\u0111ansku Srbiju svoga doba.<\/p>\n<p>Nekoliko Srem\u010devih pripovedaka, kao i romane<em>\u00a0Ivkova slava<\/em>\u00a0i\u00a0<em>Zona Zamfirova<\/em>, karakteri\u0161e uspelo kori\u0161\u0107enje dijalekatskih i lokalnih osobina ni\u0161kog govora. U romanu\u00a0<em>Pop \u0106ira i pop Spira<\/em>, najpopularnijem njegovom romanu o sva\u0111i i tu\u010di dvojice popova Ba\u010dvana, tako\u0111e uspe\u0161no iskoristi\u0107e provincijalizme, varvarizme i kolikvijalni govor banatskih i ba\u010dkih \u017eitelja da prika\u017ee dru\u0161tvene prilike u Vojvodini onog vremena. Najzad, Beograd, \u0161umadijsku palanku i govor koji je preovla\u0111ivao u gra\u0111anskim sredinama u Srbiji s kraja XIX veka ovaj klasik srpske knji\u017eevnosti ovekove\u010dio je u romanima i du\u017eim pripovetkama\u00a0<em>Vukadin<\/em>,\u00a0<em>Kir Geras<\/em>,\u00a0<em>Buri i Englezi<\/em>,\u00a0<em>\u010ci\u010da Jordan<\/em>\u00a0i jo\u0161 nekima.<\/p>\n<p>I pored svojih neprolaznih likova, glavni junak Srem\u010devih dela je atmosfera smeha. Sme\u0161ne situacije, anegdote i zbivanja iza\u0161li su iz njegovih romana i zauzeli mesto u narodnom predanju i prepri\u010davanju kao doga\u0111aji koji su se stvarno odigrali. Zato su uvek bili pogodni za pozornicu, pa je jo\u0161 sam pisac dramatizovao svoj roman\u00a0<em>Ivkova slava<\/em>, a do danas se brojne dramatizacije njegovih dela igraju u pozori\u0161tima i prenose na film i televiziju.<\/p>\n","protected":false},"excerpt":{"rendered":"<p>Ivkova slava \u2022 Zona Zamfirova \u2022 Pop \u0106ira i pop Spira \u2022 Limunacija na selu \u2022 Vukadin \u2022 Kir Geras<\/p>\n","protected":false},"featured_media":32595,"comment_status":"open","ping_status":"closed","template":"","meta":[],"product_brand":[],"product_cat":[324,417],"product_tag":[],"class_list":{"0":"post-32594","1":"product","2":"type-product","3":"status-publish","4":"has-post-thumbnail","6":"product_cat-knjige","7":"product_cat-knjizevnost-za-odrasle","9":"first","10":"outofstock","11":"taxable","12":"shipping-taxable","13":"purchasable","14":"product-type-simple"},"aioseo_notices":[],"_links":{"self":[{"href":"https:\/\/megalicdb.rs\/index.php?rest_route=\/wp\/v2\/product\/32594","targetHints":{"allow":["GET"]}}],"collection":[{"href":"https:\/\/megalicdb.rs\/index.php?rest_route=\/wp\/v2\/product"}],"about":[{"href":"https:\/\/megalicdb.rs\/index.php?rest_route=\/wp\/v2\/types\/product"}],"replies":[{"embeddable":true,"href":"https:\/\/megalicdb.rs\/index.php?rest_route=%2Fwp%2Fv2%2Fcomments&post=32594"}],"version-history":[{"count":1,"href":"https:\/\/megalicdb.rs\/index.php?rest_route=\/wp\/v2\/product\/32594\/revisions"}],"predecessor-version":[{"id":32596,"href":"https:\/\/megalicdb.rs\/index.php?rest_route=\/wp\/v2\/product\/32594\/revisions\/32596"}],"wp:featuredmedia":[{"embeddable":true,"href":"https:\/\/megalicdb.rs\/index.php?rest_route=\/wp\/v2\/media\/32595"}],"wp:attachment":[{"href":"https:\/\/megalicdb.rs\/index.php?rest_route=%2Fwp%2Fv2%2Fmedia&parent=32594"}],"wp:term":[{"taxonomy":"product_brand","embeddable":true,"href":"https:\/\/megalicdb.rs\/index.php?rest_route=%2Fwp%2Fv2%2Fproduct_brand&post=32594"},{"taxonomy":"product_cat","embeddable":true,"href":"https:\/\/megalicdb.rs\/index.php?rest_route=%2Fwp%2Fv2%2Fproduct_cat&post=32594"},{"taxonomy":"product_tag","embeddable":true,"href":"https:\/\/megalicdb.rs\/index.php?rest_route=%2Fwp%2Fv2%2Fproduct_tag&post=32594"}],"curies":[{"name":"wp","href":"https:\/\/api.w.org\/{rel}","templated":true}]}}