{"id":32600,"date":"2025-07-03T14:51:04","date_gmt":"2025-07-03T14:51:04","guid":{"rendered":"https:\/\/megalicdb.rs\/?post_type=product&#038;p=32600"},"modified":"2025-07-03T14:51:04","modified_gmt":"2025-07-03T14:51:04","slug":"rat-i-mir-i-lav-tolstoj","status":"publish","type":"product","link":"https:\/\/megalicdb.rs\/?product=rat-i-mir-i-lav-tolstoj","title":{"rendered":"Rat i Mir I Lav Tolstoj"},"content":{"rendered":"<p><em>A i sve ostalo na svetu mu izgleda\u0161e tako besmisleno i ni\u0161tavno kad se uporedi sa onim strogim i veli\u010danstvenim sklopom misli \u0161to su ga u njemu izazivali: slabljenje njegovih sila usled isteka krvi, bolovi i o\u010dekivanje bliske smrti. Zagledav\u0161i se u o\u010di Napoleonu, knez Andrej razmi\u0161lja\u0161e o ni\u0161tavilu ljudske veli\u010dine, o ni\u0161tavnosti \u017eivota kome niko nije mogao da shvati zna\u010daj, i o jo\u0161 ve\u0107oj ni\u0161tavnosti smrti, \u010diji smisao niko \u017eivi nije mogao da shvati i objasni.<br \/>\n<\/em><br \/>\n<em>Rat i mir<\/em>\u00a0je filozofski, istorijski i epski roman-reka u kojem Lav Tolstoj analizira slo\u017een proces istorijske stvarnosti, dru\u0161tvene dinamike i ljudskog pona\u0161anja. Ideali i smisao ljudskog postojanja centralna su tema ovog remek-dela. Radnja se odvija tokom Napoleonove invazije na Rusiju 1812. godine i prati sudbine troje junaka: Pjera Bezuhova, vanbra\u010dnog sina jednog plemi\u0107a, koji se bori za svoje nasledstvo i duhovno ispunjenje, kneza Andreja Bolkonskog koji ostavlja svoju porodicu da bi ratovao protiv Napoleona, i Nata\u0161e Rostove, prelepe mlade grofice koja intrigira obojicu.<\/p>\n<p>Kako Napoleonova vojska napreduje, tako nam Tolstoj u sve \u0161irim potezima oslikava pozadinu istorijskih de\u0161avanja, pa se na pole\u0111ini ove impresivne freske pojavljuju seljaci, vojnici i gra\u0111anstvo u svojoj borbi sa problemima doba u kojem \u017eive. \u0160to se vi\u0161e pred nama razvija ova fascinantna saga, tako njeni junaci prevazilaze svoje knji\u017eevno obli\u010dje i postaju sve dirljivije i \u010ditaocu bli\u017ee figure.<\/p>\n<p>\u201eNajve\u0107i ratni roman u istoriji knji\u017eevnosti.\u201c<br \/>\n\u2013 Tomas Man<\/p>\n","protected":false},"excerpt":{"rendered":"<p>A i sve ostalo na svetu mu izgleda\u0161e tako besmisleno i ni\u0161tavno kad se uporedi sa onim strogim i veli\u010danstvenim<\/p>\n","protected":false},"featured_media":32601,"comment_status":"open","ping_status":"closed","template":"","meta":[],"product_brand":[],"product_cat":[324,417],"product_tag":[],"class_list":{"0":"post-32600","1":"product","2":"type-product","3":"status-publish","4":"has-post-thumbnail","6":"product_cat-knjige","7":"product_cat-knjizevnost-za-odrasle","9":"first","10":"instock","11":"taxable","12":"shipping-taxable","13":"purchasable","14":"product-type-simple"},"aioseo_notices":[],"_links":{"self":[{"href":"https:\/\/megalicdb.rs\/index.php?rest_route=\/wp\/v2\/product\/32600","targetHints":{"allow":["GET"]}}],"collection":[{"href":"https:\/\/megalicdb.rs\/index.php?rest_route=\/wp\/v2\/product"}],"about":[{"href":"https:\/\/megalicdb.rs\/index.php?rest_route=\/wp\/v2\/types\/product"}],"replies":[{"embeddable":true,"href":"https:\/\/megalicdb.rs\/index.php?rest_route=%2Fwp%2Fv2%2Fcomments&post=32600"}],"version-history":[{"count":1,"href":"https:\/\/megalicdb.rs\/index.php?rest_route=\/wp\/v2\/product\/32600\/revisions"}],"predecessor-version":[{"id":32602,"href":"https:\/\/megalicdb.rs\/index.php?rest_route=\/wp\/v2\/product\/32600\/revisions\/32602"}],"wp:featuredmedia":[{"embeddable":true,"href":"https:\/\/megalicdb.rs\/index.php?rest_route=\/wp\/v2\/media\/32601"}],"wp:attachment":[{"href":"https:\/\/megalicdb.rs\/index.php?rest_route=%2Fwp%2Fv2%2Fmedia&parent=32600"}],"wp:term":[{"taxonomy":"product_brand","embeddable":true,"href":"https:\/\/megalicdb.rs\/index.php?rest_route=%2Fwp%2Fv2%2Fproduct_brand&post=32600"},{"taxonomy":"product_cat","embeddable":true,"href":"https:\/\/megalicdb.rs\/index.php?rest_route=%2Fwp%2Fv2%2Fproduct_cat&post=32600"},{"taxonomy":"product_tag","embeddable":true,"href":"https:\/\/megalicdb.rs\/index.php?rest_route=%2Fwp%2Fv2%2Fproduct_tag&post=32600"}],"curies":[{"name":"wp","href":"https:\/\/api.w.org\/{rel}","templated":true}]}}