{"id":32615,"date":"2025-07-03T16:36:29","date_gmt":"2025-07-03T16:36:29","guid":{"rendered":"https:\/\/megalicdb.rs\/?post_type=product&#038;p=32615"},"modified":"2025-07-03T16:36:29","modified_gmt":"2025-07-03T16:36:29","slug":"orkanski-visovi-emili-bronte","status":"publish","type":"product","link":"https:\/\/megalicdb.rs\/?product=orkanski-visovi-emili-bronte","title":{"rendered":"Orkanski visovi Emili Bronte"},"content":{"rendered":"<p>\u010cuvena pri\u010da o ljubavi, zavisti, izdaji i osveti<\/p>\n<p><em>Sad bi za mene bilo poni\u017eenje da se udam za Hitklifa, te on ne\u0107e nikad saznati koliko ga volim, i to ne zato \u0161to je lep, Neli, ve\u0107 zato \u0161to je vi\u0161e ja nego \u0161to sam i sama. Bilo od \u010dega da su na\u0161e du\u0161e sazdane, njegova i moja su iste.<\/em><\/p>\n<p>Orkanski visovi su strastvena pri\u010da o intenzivnoj i gotovo demonskoj ljubavi izme\u0111u Ketrin Ern\u0161o i Hitklifa, naho\u010deta kojeg je usvojio Ketrinin otac. Nakon smrti gospodina Ern\u0161oa, Ketrinin brat Hindli maltretira i poni\u017eava Hitklifa, a on, pogre\u0161no verujuc\u0301i da mu ljubav prema Ketrin nije uzvrac\u0301ena, napu\u0161ta imanje da bi se godinama kasnije vratio kao bogat i ugla\u0111en \u010dovek. Ketrin se u me\u0111uvremenu udala za \u010doveka sa susednog imanja, a onda umire. Mu\u010den demonima \u010de\u017enje za izgubljenom ljubavlju, Hitklif \u0107e bezose\u0107ajno sprovoditi nasilnu osvetu nad dve porodice, dok se u smrti ne ujedini s jedinim bi\u0107em prema kojem je ose\u0107ao bliskost i ne\u017enost.<\/p>\n<p>Roman Emili Bronte neprestano otkriva nove slojeve smisla u novim \u010ditanjima, i ne prestaje da zapanjuje svojom moderno\u0161\u0107u i relevantno\u0161\u0107u za svako novo doba.<\/p>\n<p>\u201eRazbaru\u0161eno remek-delo Emili Bronte nije zna\u010dajno samo zbog svoje divlje lepote, vec\u0301 i zbog smelog preoblikovanja same forme romana.\u201c<br \/>\n\u2013\u00a0<em>Guardian<\/em><\/p>\n<p>\u201eKad sa osamnaest godina \u010ditate\u00a0<em>Orkanske visove<\/em>\u00a0do\u017eivljavate Hitklifa kao romanti\u010dnog junaka; sa trideset ga vidite kao \u010dudovi\u0161te, a sa pedeset uvi\u0111ate da je obi\u010dno ljudsko bi\u0107e.\u201c<br \/>\n\u2013 En Tajler<\/p>\n","protected":false},"excerpt":{"rendered":"<p>\u010cuvena pri\u010da o ljubavi, zavisti, izdaji i osveti Sad bi za mene bilo poni\u017eenje da se udam za Hitklifa, te<\/p>\n","protected":false},"featured_media":32616,"comment_status":"open","ping_status":"closed","template":"","meta":[],"product_brand":[],"product_cat":[416,324,417],"product_tag":[],"class_list":{"0":"post-32615","1":"product","2":"type-product","3":"status-publish","4":"has-post-thumbnail","6":"product_cat-beletristika","7":"product_cat-knjige","8":"product_cat-knjizevnost-za-odrasle","10":"first","11":"instock","12":"taxable","13":"shipping-taxable","14":"purchasable","15":"product-type-simple"},"aioseo_notices":[],"_links":{"self":[{"href":"https:\/\/megalicdb.rs\/index.php?rest_route=\/wp\/v2\/product\/32615","targetHints":{"allow":["GET"]}}],"collection":[{"href":"https:\/\/megalicdb.rs\/index.php?rest_route=\/wp\/v2\/product"}],"about":[{"href":"https:\/\/megalicdb.rs\/index.php?rest_route=\/wp\/v2\/types\/product"}],"replies":[{"embeddable":true,"href":"https:\/\/megalicdb.rs\/index.php?rest_route=%2Fwp%2Fv2%2Fcomments&post=32615"}],"version-history":[{"count":1,"href":"https:\/\/megalicdb.rs\/index.php?rest_route=\/wp\/v2\/product\/32615\/revisions"}],"predecessor-version":[{"id":32617,"href":"https:\/\/megalicdb.rs\/index.php?rest_route=\/wp\/v2\/product\/32615\/revisions\/32617"}],"wp:featuredmedia":[{"embeddable":true,"href":"https:\/\/megalicdb.rs\/index.php?rest_route=\/wp\/v2\/media\/32616"}],"wp:attachment":[{"href":"https:\/\/megalicdb.rs\/index.php?rest_route=%2Fwp%2Fv2%2Fmedia&parent=32615"}],"wp:term":[{"taxonomy":"product_brand","embeddable":true,"href":"https:\/\/megalicdb.rs\/index.php?rest_route=%2Fwp%2Fv2%2Fproduct_brand&post=32615"},{"taxonomy":"product_cat","embeddable":true,"href":"https:\/\/megalicdb.rs\/index.php?rest_route=%2Fwp%2Fv2%2Fproduct_cat&post=32615"},{"taxonomy":"product_tag","embeddable":true,"href":"https:\/\/megalicdb.rs\/index.php?rest_route=%2Fwp%2Fv2%2Fproduct_tag&post=32615"}],"curies":[{"name":"wp","href":"https:\/\/api.w.org\/{rel}","templated":true}]}}