{"id":32618,"date":"2025-07-03T16:38:27","date_gmt":"2025-07-03T16:38:27","guid":{"rendered":"https:\/\/megalicdb.rs\/?post_type=product&#038;p=32618"},"modified":"2025-07-03T16:38:27","modified_gmt":"2025-07-03T16:38:27","slug":"portret-umetnika-u-mladosti-dzejms-dzojs","status":"publish","type":"product","link":"https:\/\/megalicdb.rs\/?product=portret-umetnika-u-mladosti-dzejms-dzojs","title":{"rendered":"Portret umetnika u mladosti D\u017eejms D\u017eojs"},"content":{"rendered":"<p>D\u017eojsov umetni\u010dki i \u017eivotni manifest.<em><\/p>\n<p>Ne pla\u0161im se da budem sam, ni da budem odgurnut zbog nekog drugog, niti da napustim ono \u0161to moram napustiti. I ne pla\u0161im se da po\u010dinim gre\u0161ku, \u010dak ni veliku gre\u0161ku koja mo\u017ee potrajati \u010ditav \u017eivot, a mo\u017eda \u010dak i ve\u010dnost.<\/em><\/p>\n<p>Prvi, najkrac\u0301i i najpristupa\u010dniji roman D\u017eejmsa D\u017eojsa\u00a0<em>Portret umetnika u mladosti<\/em>\u00a0govori o mladi\u0107kim danima autorovog alter ega Stivena Dedalusa. Za Stivena nema pregovora ni s porodicom, ni s crkvom, odbija da se politi\u010dki anga\u017euje uprkos uverenjima, procenjuju\u0107i da kompromisi ugro\u017eavaju ono \u0161to je jedino bitno. Samoizgnanstvo je odluka koja je samo na prvi pogled protivna svetu: Stiven je, poput svog autora, sasvim siguran da jedino tako sti\u010de adekvatnu poziciju, iz koje mo\u017ee najvi\u0161e dati istom tom svetu.<\/p>\n<p>Dok opisuje detinjstvo i vaspitanje svog alter ega, D\u017eojs ispisuje novu vrstu modernog i modernisti\u010dkog romana, bez pretenzije da bude \u201eeksperimentalan\u201c, s namerom da prona\u0111e pravi oblik i na\u010din za iskazivanje razvojne svesti umetnika koji se bezuslovno posve\u0107uje svom pozivu.<\/p>\n<p>\u201e<em>Portret umetnika u mladosti<\/em>\u00a0opisuje bremenitost du\u0161e.\u201c<br \/>\n\u2013 Ri\u010dard Elman<\/p>\n<p>\u201eLik Stivena Dedalusa je uverljiv kao retko koji fiktivan junak.\u201c<br \/>\n\u2013 H. D\u017e. Vels<\/p>\n<p>\u201eD\u017eojs po svaku cenu nastoji da otkrije treperenje tog najdubljeg plamena koji bleska kroz mno\u0161tvo poruka u mozgu, i sa izvanrednom hrabro\u0161c\u0301u zanemaruje sve za \u0161ta se obi\u010dno hvatamo kada pu\u0161tamo ma\u0161ti na volju.\u201c<br \/>\n\u2013 Vird\u017einija Vulf<\/p>\n","protected":false},"excerpt":{"rendered":"<p>D\u017eojsov umetni\u010dki i \u017eivotni manifest. Ne pla\u0161im se da budem sam, ni da budem odgurnut zbog nekog drugog, niti da<\/p>\n","protected":false},"featured_media":32619,"comment_status":"open","ping_status":"closed","template":"","meta":[],"product_brand":[],"product_cat":[416,324,417],"product_tag":[],"class_list":{"0":"post-32618","1":"product","2":"type-product","3":"status-publish","4":"has-post-thumbnail","6":"product_cat-beletristika","7":"product_cat-knjige","8":"product_cat-knjizevnost-za-odrasle","10":"first","11":"instock","12":"taxable","13":"shipping-taxable","14":"purchasable","15":"product-type-simple"},"aioseo_notices":[],"_links":{"self":[{"href":"https:\/\/megalicdb.rs\/index.php?rest_route=\/wp\/v2\/product\/32618","targetHints":{"allow":["GET"]}}],"collection":[{"href":"https:\/\/megalicdb.rs\/index.php?rest_route=\/wp\/v2\/product"}],"about":[{"href":"https:\/\/megalicdb.rs\/index.php?rest_route=\/wp\/v2\/types\/product"}],"replies":[{"embeddable":true,"href":"https:\/\/megalicdb.rs\/index.php?rest_route=%2Fwp%2Fv2%2Fcomments&post=32618"}],"version-history":[{"count":1,"href":"https:\/\/megalicdb.rs\/index.php?rest_route=\/wp\/v2\/product\/32618\/revisions"}],"predecessor-version":[{"id":32620,"href":"https:\/\/megalicdb.rs\/index.php?rest_route=\/wp\/v2\/product\/32618\/revisions\/32620"}],"wp:featuredmedia":[{"embeddable":true,"href":"https:\/\/megalicdb.rs\/index.php?rest_route=\/wp\/v2\/media\/32619"}],"wp:attachment":[{"href":"https:\/\/megalicdb.rs\/index.php?rest_route=%2Fwp%2Fv2%2Fmedia&parent=32618"}],"wp:term":[{"taxonomy":"product_brand","embeddable":true,"href":"https:\/\/megalicdb.rs\/index.php?rest_route=%2Fwp%2Fv2%2Fproduct_brand&post=32618"},{"taxonomy":"product_cat","embeddable":true,"href":"https:\/\/megalicdb.rs\/index.php?rest_route=%2Fwp%2Fv2%2Fproduct_cat&post=32618"},{"taxonomy":"product_tag","embeddable":true,"href":"https:\/\/megalicdb.rs\/index.php?rest_route=%2Fwp%2Fv2%2Fproduct_tag&post=32618"}],"curies":[{"name":"wp","href":"https:\/\/api.w.org\/{rel}","templated":true}]}}