{"id":32624,"date":"2025-07-03T16:42:17","date_gmt":"2025-07-03T16:42:17","guid":{"rendered":"https:\/\/megalicdb.rs\/?post_type=product&#038;p=32624"},"modified":"2025-07-03T16:42:17","modified_gmt":"2025-07-03T16:42:17","slug":"seobe-milos-crnjanski","status":"publish","type":"product","link":"https:\/\/megalicdb.rs\/?product=seobe-milos-crnjanski","title":{"rendered":"Seobe Milo\u0161 Crnjanski"},"content":{"rendered":"<p><em>Seobe<\/em>\u00a0i\u00a0<em>Druga knjiga Seoba<\/em>\u00a0u jednoj knjizi.<\/p>\n<p><em>Bilo je seoba i bi\u0107e ih ve\u010dno, kao i poro\u0111aja, koji \u0107e se nastaviti.<br \/>\nIma seoba.<br \/>\nSmrti nema!<\/em><\/p>\n<p><em>Seobe<\/em>\u00a0(1929) istovremeno predstavljaju porodi\u010dni roman tri lika i nacionalni roman o Srbima u Habzbur\u0161koj monarhiji u vreme Marije Terezije. Poeti\u010dnim pripovedanjem bez premca u srpskoj prozi pri\u010da o sudbinama srpskog oficira Vuka Isakovi\u010da, njegove \u017eene i njegovog puka tokom vojnog pohoda 1744. godine razgranava se u povest o op\u0161toj tragediji nepripadanja, o lutanju, potrazi za smislom i snovima o uto\u010di\u0161tu.<\/p>\n<p>Odmah po objavljivanju roman dobija nagradu SANU, a tokom decenija postaje jedno od temeljnih dela u svakoj ku\u0107noj biblioteci. Do\u017eiveo je brojna strana izdanja, a u Francuskoj je progla\u0161en za inostrani roman godine.<\/p>\n<p><em>Druga knjiga Seoba<\/em>\u00a0(1962) posve\u0107ena je seobi Srba iz Austrije u Rusiju 1752. godine. Kroz pri\u010du o oficirima Pavlu Isakovi\u010du i njegovoj bra\u0107i koji nastoje da se ukorene u novoj domovini uobli\u010dena je veli\u010danstveno razu\u0111ena slika neostvarivosti sna o uto\u010di\u0161tu.<\/p>\n<p>U preplitanju \u017eivopisnih likova, prizora i doga\u0111aja i smenjivanju ironi\u010dnih, tragi\u010dnih, i grotesknih perspektiva ispisuju se najoriginalnije stranice u srpskoj pripovednoj knji\u017eevnosti.<\/p>\n<p>\u201eOgromna istorijska freska u kojoj se pojedina\u010dne sudbine uzdi\u017eu iznad kolektivnog \u017eivota jednog naroda, epska poema u kojoj se smenjuju avantura i tragedija, pesma ljubavi upu\u0107ena zemlji i mrtvima \u2013\u00a0<em>Seobe<\/em>\u00a0su sve to istovremeno. Drugim re\u010dima, to je izvanredno delo koje je u svojoj neaktuelnosti izuzetno aktuelno. \u201c\u00a0<em>Le Figaro<\/em>, Pariz<\/p>\n<p>\u201eNajve\u0107e delo srpske proze koje se u celini mo\u017ee meriti sa najve\u0107im delima svetske literature.\u201c \u00a0Nikola Milo\u0161evi\u0107<\/p>\n<p>\u201ePoput Tolstoja, Crnjanski ume da spoji individualnu sudbinu i mahnitanje istorije. Knjiga u kojoj nema nijedne re\u010denice koja ne o\u010darava svojom tamnom, svetlucavom lepotom.\u201c\u00a0<em>La Quinzaine Litt\u00e9raire<\/em>, Pariz<\/p>\n","protected":false},"excerpt":{"rendered":"<p>Seobe\u00a0i\u00a0Druga knjiga Seoba\u00a0u jednoj knjizi. Bilo je seoba i bi\u0107e ih ve\u010dno, kao i poro\u0111aja, koji \u0107e se nastaviti. Ima<\/p>\n","protected":false},"featured_media":32625,"comment_status":"open","ping_status":"closed","template":"","meta":[],"product_brand":[],"product_cat":[324,417],"product_tag":[],"class_list":{"0":"post-32624","1":"product","2":"type-product","3":"status-publish","4":"has-post-thumbnail","6":"product_cat-knjige","7":"product_cat-knjizevnost-za-odrasle","9":"first","10":"instock","11":"taxable","12":"shipping-taxable","13":"purchasable","14":"product-type-simple"},"aioseo_notices":[],"_links":{"self":[{"href":"https:\/\/megalicdb.rs\/index.php?rest_route=\/wp\/v2\/product\/32624","targetHints":{"allow":["GET"]}}],"collection":[{"href":"https:\/\/megalicdb.rs\/index.php?rest_route=\/wp\/v2\/product"}],"about":[{"href":"https:\/\/megalicdb.rs\/index.php?rest_route=\/wp\/v2\/types\/product"}],"replies":[{"embeddable":true,"href":"https:\/\/megalicdb.rs\/index.php?rest_route=%2Fwp%2Fv2%2Fcomments&post=32624"}],"version-history":[{"count":1,"href":"https:\/\/megalicdb.rs\/index.php?rest_route=\/wp\/v2\/product\/32624\/revisions"}],"predecessor-version":[{"id":32626,"href":"https:\/\/megalicdb.rs\/index.php?rest_route=\/wp\/v2\/product\/32624\/revisions\/32626"}],"wp:featuredmedia":[{"embeddable":true,"href":"https:\/\/megalicdb.rs\/index.php?rest_route=\/wp\/v2\/media\/32625"}],"wp:attachment":[{"href":"https:\/\/megalicdb.rs\/index.php?rest_route=%2Fwp%2Fv2%2Fmedia&parent=32624"}],"wp:term":[{"taxonomy":"product_brand","embeddable":true,"href":"https:\/\/megalicdb.rs\/index.php?rest_route=%2Fwp%2Fv2%2Fproduct_brand&post=32624"},{"taxonomy":"product_cat","embeddable":true,"href":"https:\/\/megalicdb.rs\/index.php?rest_route=%2Fwp%2Fv2%2Fproduct_cat&post=32624"},{"taxonomy":"product_tag","embeddable":true,"href":"https:\/\/megalicdb.rs\/index.php?rest_route=%2Fwp%2Fv2%2Fproduct_tag&post=32624"}],"curies":[{"name":"wp","href":"https:\/\/api.w.org\/{rel}","templated":true}]}}