{"id":32630,"date":"2025-07-03T16:48:07","date_gmt":"2025-07-03T16:48:07","guid":{"rendered":"https:\/\/megalicdb.rs\/?post_type=product&#038;p=32630"},"modified":"2025-07-03T16:48:08","modified_gmt":"2025-07-03T16:48:08","slug":"lovac-na-zmajeve-hiljadu-cudesnih-sunaca-a-planine-odjeknuse-haled-hoseini","status":"publish","type":"product","link":"https:\/\/megalicdb.rs\/?product=lovac-na-zmajeve-hiljadu-cudesnih-sunaca-a-planine-odjeknuse-haled-hoseini","title":{"rendered":"Lovac na zmajeve &#8211; Hiljadu \u010dudesnih sunaca &#8211; A planine odjeknu\u0161e Haled Hoseini"},"content":{"rendered":"<p>Tri romana u jednoj knjizi.<\/p>\n<p>Nakon objavljivanja svog prvog romana\u00a0<em>Lovac na zmajeve<\/em>\u00a0Haled Hoseini je postao svojevrsno knji\u017eevno \u010dudo i osvojio srca miliona \u010ditalaca. Glavna tema njegovih romana je porodica, stoga su i pri\u010de koje nam pripoveda univerzalno zanimljive. S druge strane, re\u010d je o avganistanskim porodicama, te je u kulturolo\u0161kom i istorijskom kontekstu njihova sudbina specifi\u010dna. Dok se u romanu\u00a0<em>Lovac na zmajeve<\/em>\u00a0bavi ulogom mu\u0161karca u porodici i avganistanskom dru\u0161tvu, roman\u00a0<em>Hiljadu \u010dudesnih sunaca<\/em>\u00a0posve\u0107en je avganistanskim majkama i \u017eenama. Tre\u0107i roman,\u00a0<em>A planine odjeknu\u0161e<\/em>, opisuje odnos izme\u0111u brata i sestre u porodici koja je radi opstanka morala biti razdvojena.<\/p>\n<p>Sam autor obrazla\u017ee izbor ovakve teme za svoja knji\u017eevna dela re\u010dima: \u201eTo je uglavnom zato \u0161to mislim da se sve velike \u017eivotne teme, sve ljudske teme mogu na\u0107i unutar porodi\u010dnih pri\u010da \u2013 ljubav, tuga, sukob, du\u017enost, \u017ertvovanje. A ipak, one se odvijaju razli\u010dito od porodice do porodice, i svaka ima sopstvenu strukturu, dinamiku i zapaljive suprotnosti, bez obzira na to koliko su zasnovane na ljubavi. I zato postoje beskona\u010dne varijacije na temu. Porodice su za mene zagonetke koje se odgonetaju \u010ditavog \u017eivota \u2013 \u010desto neuspe\u0161no \u2013 i volim da istra\u017eujem kako ljudi u njima poku\u0161avaju da se pove\u017eu, kroz ljubav, du\u017enost ili splet okolnosti.\u201c<\/p>\n<p>Oni koji su ve\u0107 \u010ditali Hoseinijeve romane znaju da se njihova snaga krije u re\u010dima ispisanim bez la\u017ei, ukrasa ili prenemaganja. Surova je stvarnost o kojoj pi\u0161e, i bolna, ali i kada prikazuje portret jedne ranjene zemlje i ljudi \u010dije su sudbine unapred zavijene u veo tuge, on u nama budi izuzetnu empatiju i ose\u0107anje katarze.<\/p>\n<p>\u201eMajstorsko pripoveda\u010dko tkanje&#8230; Hoseini je pisac od \u010dije ve\u0161tine zastaje dah.\u201c\u00a0<em>Evening Standard<\/em><\/p>\n<p>\u201eHoseini poseduje onaj redak dar, dikensovski ose\u0107aj za pri\u010du.\u201c\u00a0<em>Daily Telegraph<\/em><\/p>\n<p>\u201eStrastvena, \u017eestoka, potresna i \u017eivotna proza.\u201c<em>\u00a0Image<\/em><\/p>\n","protected":false},"excerpt":{"rendered":"<p>Tri romana u jednoj knjizi. Nakon objavljivanja svog prvog romana\u00a0Lovac na zmajeve\u00a0Haled Hoseini je postao svojevrsno knji\u017eevno \u010dudo i osvojio<\/p>\n","protected":false},"featured_media":32631,"comment_status":"open","ping_status":"closed","template":"","meta":[],"product_brand":[],"product_cat":[324,417],"product_tag":[],"class_list":{"0":"post-32630","1":"product","2":"type-product","3":"status-publish","4":"has-post-thumbnail","6":"product_cat-knjige","7":"product_cat-knjizevnost-za-odrasle","9":"first","10":"instock","11":"taxable","12":"shipping-taxable","13":"purchasable","14":"product-type-simple"},"aioseo_notices":[],"_links":{"self":[{"href":"https:\/\/megalicdb.rs\/index.php?rest_route=\/wp\/v2\/product\/32630","targetHints":{"allow":["GET"]}}],"collection":[{"href":"https:\/\/megalicdb.rs\/index.php?rest_route=\/wp\/v2\/product"}],"about":[{"href":"https:\/\/megalicdb.rs\/index.php?rest_route=\/wp\/v2\/types\/product"}],"replies":[{"embeddable":true,"href":"https:\/\/megalicdb.rs\/index.php?rest_route=%2Fwp%2Fv2%2Fcomments&post=32630"}],"version-history":[{"count":1,"href":"https:\/\/megalicdb.rs\/index.php?rest_route=\/wp\/v2\/product\/32630\/revisions"}],"predecessor-version":[{"id":32632,"href":"https:\/\/megalicdb.rs\/index.php?rest_route=\/wp\/v2\/product\/32630\/revisions\/32632"}],"wp:featuredmedia":[{"embeddable":true,"href":"https:\/\/megalicdb.rs\/index.php?rest_route=\/wp\/v2\/media\/32631"}],"wp:attachment":[{"href":"https:\/\/megalicdb.rs\/index.php?rest_route=%2Fwp%2Fv2%2Fmedia&parent=32630"}],"wp:term":[{"taxonomy":"product_brand","embeddable":true,"href":"https:\/\/megalicdb.rs\/index.php?rest_route=%2Fwp%2Fv2%2Fproduct_brand&post=32630"},{"taxonomy":"product_cat","embeddable":true,"href":"https:\/\/megalicdb.rs\/index.php?rest_route=%2Fwp%2Fv2%2Fproduct_cat&post=32630"},{"taxonomy":"product_tag","embeddable":true,"href":"https:\/\/megalicdb.rs\/index.php?rest_route=%2Fwp%2Fv2%2Fproduct_tag&post=32630"}],"curies":[{"name":"wp","href":"https:\/\/api.w.org\/{rel}","templated":true}]}}