{"id":32645,"date":"2025-07-03T16:59:50","date_gmt":"2025-07-03T16:59:50","guid":{"rendered":"https:\/\/megalicdb.rs\/?post_type=product&#038;p=32645"},"modified":"2025-07-03T16:59:51","modified_gmt":"2025-07-03T16:59:51","slug":"pored-puta-ivo-andric","status":"publish","type":"product","link":"https:\/\/megalicdb.rs\/?product=pored-puta-ivo-andric","title":{"rendered":"Pored puta Ivo Andri\u0107"},"content":{"rendered":"<p><em>Znakovi pored puta<br \/>\nSveske<br \/>\nOmer-pa\u0161a Latas<br \/>\nKu\u0107a na osami<\/em><\/p>\n<p>Knji\u017eevni dragulji koji kruni\u0161u Andri\u0107ev opus!<\/p>\n<p>\u201eZa\u0161to balkanske zemlje ne mogu da u\u0111u u krug prosve\u0107enog sveta, \u010dak ni preko svojih najboljih i najdarovitijih predstavnika? Odgovor nije jednostavan. Ali \u010dini mi se da je jedan od razloga odsustvo po\u0161tovanja \u010doveka, njegovog punog dostojanstva i pune unutarnje slobode, i to bezuslovnog i doslednog po\u0161tovanja.\u201c<\/p>\n<p>\u201eSvi umru samo jednom, a veliki ljudi dva puta \u2013 jednom kad ih nestane sa zemlje, a drugi put kad propadne njihova zadu\u017ebina.\u201c<\/p>\n<p>\u201eDugotrajno robovanje i r\u0111ava uprava mogu toliko zbuniti i unakaziti shvatanja jednog naroda da zdrav razum i prav sud u njemu otan\u010daju i oslabe, da se potpuno izvitopere. Takav poreme\u0107en narod ne mo\u017ee vi\u0161e da razlikuje ne samo dobro od zla u svetu oko sebe nego ni svoju sopstvenu korist od o\u010digledne \u0161tete.\u201c<\/p>\n<p>\u201eSve su Drine ovog sveta krive i nikad se one ne\u0107e mo\u0107i svekolike ni potpuno ispraviti, ali nikad ne smemo prestati da ih ispravljamo.\u201c<\/p>\n<p>\u201e\u017dena se zamori da bude \u010doveku prijatelj.\u201c<\/p>\n<p>U najzna\u010dajnije nedovr\u0161ene prozne celine iz Andri\u0107eve zaostav\u0161tine spadaju njegovi zapisi, zapa\u017eanja, romaneskne i pripoveda\u010dke zamisli, saveti za pisce i bele\u0161ke o ljudima, pojavama, jeziku i knji\u017eevnosti koje je pisao celog \u017eivota, od 20-ih godina XX veka, i sabirao ih u celinu koju je simboli\u010dno nazvao\u00a0<em>Znakovi pored puta<\/em>.<\/p>\n<p>Primer pi\u0161\u010deve radionice i svojevrsnu dopunu\u00a0<em>Znakova pored puta<\/em>\u00a0predstavljaju ispisi, citati i zapisi iz brojnih pi\u0161\u010devih bele\u017enica \u010diji je izbor posthumno objavljen pod naslovom\u00a0<em>Sveske<\/em>. Pritom, brojni Andri\u0107evi ispisi iz svoje lektire na stranim jezicima (nema\u010dki, francuski, latinski, italijanski i \u0161panski)\u00a0<strong>prvi put su prevedeni\u00a0<\/strong>u ovom izdanju i utoliko je ovaj veliki segment iz njegove zaostav\u0161tine sada prvi put kompletan.<\/p>\n<p>Najzad, nedovr\u0161eni roman\u00a0<em>Omer-pa\u0161a Latas<\/em>, o osmanskom pa\u0161i srpskog porekla koji je u drugoj polovini XIX veka poslat u Sarajevo da ugu\u0161i begovski ustanak protiv sultanovih reformi u Bosni, i nedovr\u0161ena zbirka pri\u010da\u00a0<em>Ku\u0107a na osami<\/em>\u00a0\u2013 prava su kruna i sublimat Andri\u0107evog pripoveda\u010dkog opusa.<\/p>\n<p>Objedinjeni me\u0111u koricama jedne knjige, ovi \u201eusputni\u201c rukopisi neodvojiv su deo Andri\u0107evog kapitalnog opusa i klju\u010d za razumevanje njegovog knji\u017eevnog postupka i dela.<\/p>\n","protected":false},"excerpt":{"rendered":"<p>Znakovi pored puta Sveske Omer-pa\u0161a Latas Ku\u0107a na osami Knji\u017eevni dragulji koji kruni\u0161u Andri\u0107ev opus! \u201eZa\u0161to balkanske zemlje ne mogu<\/p>\n","protected":false},"featured_media":32646,"comment_status":"open","ping_status":"closed","template":"","meta":[],"product_brand":[],"product_cat":[324,417],"product_tag":[],"class_list":{"0":"post-32645","1":"product","2":"type-product","3":"status-publish","4":"has-post-thumbnail","6":"product_cat-knjige","7":"product_cat-knjizevnost-za-odrasle","9":"first","10":"instock","11":"taxable","12":"shipping-taxable","13":"purchasable","14":"product-type-simple"},"aioseo_notices":[],"_links":{"self":[{"href":"https:\/\/megalicdb.rs\/index.php?rest_route=\/wp\/v2\/product\/32645","targetHints":{"allow":["GET"]}}],"collection":[{"href":"https:\/\/megalicdb.rs\/index.php?rest_route=\/wp\/v2\/product"}],"about":[{"href":"https:\/\/megalicdb.rs\/index.php?rest_route=\/wp\/v2\/types\/product"}],"replies":[{"embeddable":true,"href":"https:\/\/megalicdb.rs\/index.php?rest_route=%2Fwp%2Fv2%2Fcomments&post=32645"}],"version-history":[{"count":1,"href":"https:\/\/megalicdb.rs\/index.php?rest_route=\/wp\/v2\/product\/32645\/revisions"}],"predecessor-version":[{"id":32647,"href":"https:\/\/megalicdb.rs\/index.php?rest_route=\/wp\/v2\/product\/32645\/revisions\/32647"}],"wp:featuredmedia":[{"embeddable":true,"href":"https:\/\/megalicdb.rs\/index.php?rest_route=\/wp\/v2\/media\/32646"}],"wp:attachment":[{"href":"https:\/\/megalicdb.rs\/index.php?rest_route=%2Fwp%2Fv2%2Fmedia&parent=32645"}],"wp:term":[{"taxonomy":"product_brand","embeddable":true,"href":"https:\/\/megalicdb.rs\/index.php?rest_route=%2Fwp%2Fv2%2Fproduct_brand&post=32645"},{"taxonomy":"product_cat","embeddable":true,"href":"https:\/\/megalicdb.rs\/index.php?rest_route=%2Fwp%2Fv2%2Fproduct_cat&post=32645"},{"taxonomy":"product_tag","embeddable":true,"href":"https:\/\/megalicdb.rs\/index.php?rest_route=%2Fwp%2Fv2%2Fproduct_tag&post=32645"}],"curies":[{"name":"wp","href":"https:\/\/api.w.org\/{rel}","templated":true}]}}