{"id":32654,"date":"2025-07-03T17:06:21","date_gmt":"2025-07-03T17:06:21","guid":{"rendered":"https:\/\/megalicdb.rs\/?post_type=product&#038;p=32654"},"modified":"2025-11-24T09:48:28","modified_gmt":"2025-11-24T09:48:28","slug":"hajduci-branislav-nusic","status":"publish","type":"product","link":"https:\/\/megalicdb.rs\/?product=hajduci-branislav-nusic","title":{"rendered":"Hajduci Branislav Nu\u0161i\u0107"},"content":{"rendered":"<p><em>\u2013 Mogu li ja da odem u hajduke pa da otud, iz planine, napi\u0161em pismo na\u010delniku: \u201eAko mi profesori poprave bele\u0161ke, preda\u0107u se vlasti, a ako ne\u0107e da mi poprave, osta\u0107u i dalje hajduk.\u201c \u2013 Budalo jedna \u2013 re\u0107i \u0107e \u010ceda \u2013 pa kad si hajduk, \u0161ta \u0107e ti dobre bele\u0161ke?<br \/>\n<\/em><br \/>\nSvakog \u010detvrtka i nedelje grupica de\u010daka okuplja se pored hrastovog stabla na obali Dunava. Tu u\u017eivaju u dokolici, igraju se loptom, ma\u0161taju i izmi\u0161ljaju razli\u010dite pri\u010de umesto da rade doma\u0107e zadatke. Iz odbojnosti prema \u0161koli i obavezama rodi\u0107e se ideja da pobegnu od ku\u0107e i odmetnu se u hajduke. Ova nesta\u0161na avantura, puna zgoda i nezgoda, opameti\u0107e mlade hajduke i nasmejati \u010ditaoce do suza.<\/p>\n<p><em>Hajduci\u00a0<\/em>su jedan od prvih humoristi\u010dkih romana za decu u srpskoj knji\u017eevnosti, a i dan-danas spadaju u naj\u010ditanija i najpopularnija dela kako ovog autora tako i doma\u0107e knji\u017eevnosti za decu.<\/p>\n<p>\u201eAko se moji mali \u010ditaoci iz ove pri\u010de nemaju \u010demu pou\u010diti, izvesno je da \u0107e se imati \u010demu nasmejati.\u201c<\/p>\n<p>Branislav Nu\u0161i\u0107<\/p>\n","protected":false},"excerpt":{"rendered":"<p>\u2013 Mogu li ja da odem u hajduke pa da otud, iz planine, napi\u0161em pismo na\u010delniku: \u201eAko mi profesori poprave<\/p>\n","protected":false},"featured_media":32655,"comment_status":"open","ping_status":"closed","template":"","meta":[],"product_brand":[],"product_cat":[324,343],"product_tag":[],"class_list":{"0":"post-32654","1":"product","2":"type-product","3":"status-publish","4":"has-post-thumbnail","6":"product_cat-knjige","7":"product_cat-knjizevnost-za-decu","9":"first","10":"outofstock","11":"taxable","12":"shipping-taxable","13":"purchasable","14":"product-type-simple"},"aioseo_notices":[],"_links":{"self":[{"href":"https:\/\/megalicdb.rs\/index.php?rest_route=\/wp\/v2\/product\/32654","targetHints":{"allow":["GET"]}}],"collection":[{"href":"https:\/\/megalicdb.rs\/index.php?rest_route=\/wp\/v2\/product"}],"about":[{"href":"https:\/\/megalicdb.rs\/index.php?rest_route=\/wp\/v2\/types\/product"}],"replies":[{"embeddable":true,"href":"https:\/\/megalicdb.rs\/index.php?rest_route=%2Fwp%2Fv2%2Fcomments&post=32654"}],"version-history":[{"count":1,"href":"https:\/\/megalicdb.rs\/index.php?rest_route=\/wp\/v2\/product\/32654\/revisions"}],"predecessor-version":[{"id":32656,"href":"https:\/\/megalicdb.rs\/index.php?rest_route=\/wp\/v2\/product\/32654\/revisions\/32656"}],"wp:featuredmedia":[{"embeddable":true,"href":"https:\/\/megalicdb.rs\/index.php?rest_route=\/wp\/v2\/media\/32655"}],"wp:attachment":[{"href":"https:\/\/megalicdb.rs\/index.php?rest_route=%2Fwp%2Fv2%2Fmedia&parent=32654"}],"wp:term":[{"taxonomy":"product_brand","embeddable":true,"href":"https:\/\/megalicdb.rs\/index.php?rest_route=%2Fwp%2Fv2%2Fproduct_brand&post=32654"},{"taxonomy":"product_cat","embeddable":true,"href":"https:\/\/megalicdb.rs\/index.php?rest_route=%2Fwp%2Fv2%2Fproduct_cat&post=32654"},{"taxonomy":"product_tag","embeddable":true,"href":"https:\/\/megalicdb.rs\/index.php?rest_route=%2Fwp%2Fv2%2Fproduct_tag&post=32654"}],"curies":[{"name":"wp","href":"https:\/\/api.w.org\/{rel}","templated":true}]}}