{"id":32657,"date":"2025-07-03T17:16:07","date_gmt":"2025-07-03T17:16:07","guid":{"rendered":"https:\/\/megalicdb.rs\/?post_type=product&#038;p=32657"},"modified":"2025-07-03T17:16:08","modified_gmt":"2025-07-03T17:16:08","slug":"dnevnik-o-carnojevicu-milos-crnjanski","status":"publish","type":"product","link":"https:\/\/megalicdb.rs\/?product=dnevnik-o-carnojevicu-milos-crnjanski","title":{"rendered":"Dnevnik o \u010carnojevi\u0107u Milo\u0161 Crnjanski"},"content":{"rendered":"<p><em>Ne, nije vi\u0161e znao \u0161ta je dobro, a \u0161ta zlo, niti je znao za\u0161to govore toliko o \u017eivotu, nije se me\u0161ao u prepirke, i nije vi\u0161e verovao ni u \u0161ta, do u neke plave obale na Sumatri. Tamo je bila njegova sudbina. Ose\u0107ao je da je njegov \u017eivot samo rumene jedne biljke radi na Sumatri. I on se sme\u0161io mirno.<br \/>\n<\/em><br \/>\n<em>Dnevnik o \u010carnojevi\u0107u<\/em>, roman prvenac Milo\u0161a Crnjanskog, smatra se prvim ekspresionisti\u010dkim romanom u srpskoj knji\u017eevnosti. Nastav\u0161i iz dnevnika koji je s vremenom dobio romanesknu formu, ovo lirsko delo, aktuelno i dan-danas zbog inovativnog stila pripovedanja, odabira tema i jedinstvenog jezi\u010dkog izraza, predstavlja sudbinu \u010doveka upletenog u besmisao rata i tragediju koju nose razaranje, bolest i smrt.<\/p>\n<p>U podzemnim rovovima, me\u0111u ranjenicima i poginulima, mladala\u010dke iluzije i predratni ideali glavnog junaka uru\u0161avaju se pred neminovno\u0161\u0107u ni\u0161tavila. Pod naletom nemilosrdne stvarnosti, koja je poni\u0161tila pro\u0161lost i budu\u0107nost, moralne i religijske norme, Petar Raji\u0107 se otiskuje iz ovog sveta pronalaze\u0107i pribe\u017ei\u0161te u sumatraisti\u010dkom egzistencijalnom idealu.<\/p>\n<p><em>Ja nisam vi\u0161e \u017eeljan da me ko voli, nego da svi zavole li\u0161\u0107e.<\/p>\n<p>Najposle meni nikog nije \u017eao, najmanje sebe. Mi treba da nestanemo, mi nismo za \u017eivot, mi smo za smrt. Za nama \u0107e do\u0107i bolje stole\u0107e, ono uvek dolazi.<\/em><\/p>\n","protected":false},"excerpt":{"rendered":"<p>Ne, nije vi\u0161e znao \u0161ta je dobro, a \u0161ta zlo, niti je znao za\u0161to govore toliko o \u017eivotu, nije se<\/p>\n","protected":false},"featured_media":32658,"comment_status":"open","ping_status":"closed","template":"","meta":[],"product_brand":[],"product_cat":[324,417],"product_tag":[],"class_list":{"0":"post-32657","1":"product","2":"type-product","3":"status-publish","4":"has-post-thumbnail","6":"product_cat-knjige","7":"product_cat-knjizevnost-za-odrasle","9":"first","10":"instock","11":"taxable","12":"shipping-taxable","13":"purchasable","14":"product-type-simple"},"aioseo_notices":[],"_links":{"self":[{"href":"https:\/\/megalicdb.rs\/index.php?rest_route=\/wp\/v2\/product\/32657","targetHints":{"allow":["GET"]}}],"collection":[{"href":"https:\/\/megalicdb.rs\/index.php?rest_route=\/wp\/v2\/product"}],"about":[{"href":"https:\/\/megalicdb.rs\/index.php?rest_route=\/wp\/v2\/types\/product"}],"replies":[{"embeddable":true,"href":"https:\/\/megalicdb.rs\/index.php?rest_route=%2Fwp%2Fv2%2Fcomments&post=32657"}],"version-history":[{"count":1,"href":"https:\/\/megalicdb.rs\/index.php?rest_route=\/wp\/v2\/product\/32657\/revisions"}],"predecessor-version":[{"id":32659,"href":"https:\/\/megalicdb.rs\/index.php?rest_route=\/wp\/v2\/product\/32657\/revisions\/32659"}],"wp:featuredmedia":[{"embeddable":true,"href":"https:\/\/megalicdb.rs\/index.php?rest_route=\/wp\/v2\/media\/32658"}],"wp:attachment":[{"href":"https:\/\/megalicdb.rs\/index.php?rest_route=%2Fwp%2Fv2%2Fmedia&parent=32657"}],"wp:term":[{"taxonomy":"product_brand","embeddable":true,"href":"https:\/\/megalicdb.rs\/index.php?rest_route=%2Fwp%2Fv2%2Fproduct_brand&post=32657"},{"taxonomy":"product_cat","embeddable":true,"href":"https:\/\/megalicdb.rs\/index.php?rest_route=%2Fwp%2Fv2%2Fproduct_cat&post=32657"},{"taxonomy":"product_tag","embeddable":true,"href":"https:\/\/megalicdb.rs\/index.php?rest_route=%2Fwp%2Fv2%2Fproduct_tag&post=32657"}],"curies":[{"name":"wp","href":"https:\/\/api.w.org\/{rel}","templated":true}]}}