{"id":32734,"date":"2025-07-04T17:29:22","date_gmt":"2025-07-04T17:29:22","guid":{"rendered":"https:\/\/megalicdb.rs\/?post_type=product&#038;p=32734"},"modified":"2025-07-04T17:29:22","modified_gmt":"2025-07-04T17:29:22","slug":"mali-princ-antoan-de-sent-egziperi","status":"publish","type":"product","link":"https:\/\/megalicdb.rs\/?product=mali-princ-antoan-de-sent-egziperi","title":{"rendered":"Mali princ Antoan de Sent Egziperi"},"content":{"rendered":"<p><em>&#8230;Ka\u017eete li im: \u201eDokaz da je mali princ postojao jeste to \u0161to je bio divan, \u0161to se smejao, \u0161to je \u017eeleo ovcu. Kad \u010dovek \u017eeli ovcu, to je dokaz da postoji\u201c, oni \u0107e slegnuti ramenima i smatra\u0107e vas detetom! Me\u0111utim, ukoliko im saop\u0161tite: \u201ePlaneta s koje je do\u0161ao mali princ jeste asteroid B612\u201c, bi\u0107e zadovoljni i ne\u0107e vam vi\u0161e dosa\u0111ivati pitanjima. Takvi su oni. Ne valja se zato na njih ljutiti. Deca moraju mnogo toga da pra\u0161taju odraslima.<\/em><\/p>\n<p>U svom kratkom letu od asteroida B612 do \u010dudne i njemu strane planete Zemlje mali princ otkriva nekoliko drugih planeta i njihovih stanovnika. Svi su oni uobra\u017eeni i samo\u017eivi i bez ikakve ljubavi ili razumevanja obavljaju poslove koji malom princu izgledaju kao da su potpuno besmisleni i beskorisni. Iz duhovne pustinje takvih svetova mali princ se spu\u0161ta na Zemlju, gde naizgled slu\u010dajno pada u stvarnu pustinju \u2013 Saharu. Na toj Zemlji bez ljudi on malo-pomalo spoznaje da su rad, prijateljstvo i ljubav vrednosti bez kojih \u010dovek ne mo\u017ee da \u017eivi.<\/p>\n","protected":false},"excerpt":{"rendered":"<p>&#8230;Ka\u017eete li im: \u201eDokaz da je mali princ postojao jeste to \u0161to je bio divan, \u0161to se smejao, \u0161to je<\/p>\n","protected":false},"featured_media":32735,"comment_status":"open","ping_status":"closed","template":"","meta":[],"product_brand":[],"product_cat":[324,343,417],"product_tag":[],"class_list":{"0":"post-32734","1":"product","2":"type-product","3":"status-publish","4":"has-post-thumbnail","6":"product_cat-knjige","7":"product_cat-knjizevnost-za-decu","8":"product_cat-knjizevnost-za-odrasle","10":"first","11":"instock","12":"taxable","13":"shipping-taxable","14":"purchasable","15":"product-type-simple"},"aioseo_notices":[],"_links":{"self":[{"href":"https:\/\/megalicdb.rs\/index.php?rest_route=\/wp\/v2\/product\/32734","targetHints":{"allow":["GET"]}}],"collection":[{"href":"https:\/\/megalicdb.rs\/index.php?rest_route=\/wp\/v2\/product"}],"about":[{"href":"https:\/\/megalicdb.rs\/index.php?rest_route=\/wp\/v2\/types\/product"}],"replies":[{"embeddable":true,"href":"https:\/\/megalicdb.rs\/index.php?rest_route=%2Fwp%2Fv2%2Fcomments&post=32734"}],"version-history":[{"count":1,"href":"https:\/\/megalicdb.rs\/index.php?rest_route=\/wp\/v2\/product\/32734\/revisions"}],"predecessor-version":[{"id":32736,"href":"https:\/\/megalicdb.rs\/index.php?rest_route=\/wp\/v2\/product\/32734\/revisions\/32736"}],"wp:featuredmedia":[{"embeddable":true,"href":"https:\/\/megalicdb.rs\/index.php?rest_route=\/wp\/v2\/media\/32735"}],"wp:attachment":[{"href":"https:\/\/megalicdb.rs\/index.php?rest_route=%2Fwp%2Fv2%2Fmedia&parent=32734"}],"wp:term":[{"taxonomy":"product_brand","embeddable":true,"href":"https:\/\/megalicdb.rs\/index.php?rest_route=%2Fwp%2Fv2%2Fproduct_brand&post=32734"},{"taxonomy":"product_cat","embeddable":true,"href":"https:\/\/megalicdb.rs\/index.php?rest_route=%2Fwp%2Fv2%2Fproduct_cat&post=32734"},{"taxonomy":"product_tag","embeddable":true,"href":"https:\/\/megalicdb.rs\/index.php?rest_route=%2Fwp%2Fv2%2Fproduct_tag&post=32734"}],"curies":[{"name":"wp","href":"https:\/\/api.w.org\/{rel}","templated":true}]}}