{"id":32737,"date":"2025-07-04T17:31:46","date_gmt":"2025-07-04T17:31:46","guid":{"rendered":"https:\/\/megalicdb.rs\/?post_type=product&#038;p=32737"},"modified":"2025-07-04T17:31:46","modified_gmt":"2025-07-04T17:31:46","slug":"velika-ocekivanja-carls-dikens","status":"publish","type":"product","link":"https:\/\/megalicdb.rs\/?product=velika-ocekivanja-carls-dikens","title":{"rendered":"Velika o\u010dekivanja \u010carls Dikens"},"content":{"rendered":"<p>\u010cuvena pri\u010da o siro\u010detu koje je postalo d\u017eentlmen.<\/p>\n<p><em>Za mene je to bio znamenit dan, jer je prouzrokovao velike promene u meni. Ali isto je tako sa svakim \u017eivotom. Zamislite da je jedan odabran dan izbrisan iz njega i shvati\u0107ete koliko bi razli\u010dit bio njegov tok. Vi koji \u010ditate ovo, zastanite i promislite za trenutak o dugom \u017eeleznom ili zlatnom lancu, trnovitom ili cvetnom, koji vas nikad ne bi vezao da se prva karika nije bila stvorila jednog znamenitog dana.<br \/>\n<\/em><br \/>\nPip ne o\u010dekuje mnogo od \u017eivota&#8230; Svojoj starijoj sestri, udatoj za kova\u010da D\u017eoa Gard\u017eerija, mali Pip je samo teret. Ali kad ga neo\u010dekivano dobro\u010dinstvo odvede u London, stvari po\u010dinju da se menjaju. Dok Pip otkriva istinu iza sopstvenih \u201evelikih o\u010dekivanja\u201c u\u010de\u0107i da postane d\u017eentlmen, misterije pro\u0161losti i zavojiti putevi sudbine kroz niz uzbudljivih avantura usmeravaju ga ka zrelosti i njegovom najva\u017enijem otkri\u0107u \u2013 istini o sebi.<\/p>\n<p>Ve\u0107 od dramati\u010dnog po\u010detka u sumornim mo\u010dvarama Kenta, ova pri\u010da obiluje nekim od Dikensovih najupe\u010datljivijih likova zbog \u010dega mnogi smatraju da su\u00a0<em>Velika o\u010dekivanja<\/em>\u00a0njegov najbolji roman. Sna\u017ean i dirljiv, pro\u017eet je Dikensovim se\u0107anjima na sopstveno detinjstvo, i postavlja uznemiruju\u0107a pitanja o snazi tu\u0111eg uticaja na na\u0161 \u017eivot.<\/p>\n<p>\u201eVerovatno najve\u0107i pisac svog vremena, \u010carls Dikens je oblikovao na\u010din na koji do\u017eivljavamo viktorijansku Britaniju. Njegovi \u017eivopisni, neobi\u010dni likovi \u2013 a mnogi od njih su oli\u010denje ljudi koje je poznavao \u2013 ne samo da su izdr\u017eali ve\u0107 su nam dali i briljantne portrete ljudi kakvi postoje i danas.\u201c<br \/>\n\u2013\u00a0<em>Guardian<\/em><\/p>\n<p>\u201eNajbolji ljubavni zaplet koji je Dikens ikada izmislio.\u201c<br \/>\n\u2013\u00a0<em>Atlantic<\/em><\/p>\n","protected":false},"excerpt":{"rendered":"<p>\u010cuvena pri\u010da o siro\u010detu koje je postalo d\u017eentlmen. Za mene je to bio znamenit dan, jer je prouzrokovao velike promene<\/p>\n","protected":false},"featured_media":32738,"comment_status":"open","ping_status":"closed","template":"","meta":[],"product_brand":[],"product_cat":[324,417],"product_tag":[],"class_list":{"0":"post-32737","1":"product","2":"type-product","3":"status-publish","4":"has-post-thumbnail","6":"product_cat-knjige","7":"product_cat-knjizevnost-za-odrasle","9":"first","10":"instock","11":"taxable","12":"shipping-taxable","13":"purchasable","14":"product-type-simple"},"aioseo_notices":[],"_links":{"self":[{"href":"https:\/\/megalicdb.rs\/index.php?rest_route=\/wp\/v2\/product\/32737","targetHints":{"allow":["GET"]}}],"collection":[{"href":"https:\/\/megalicdb.rs\/index.php?rest_route=\/wp\/v2\/product"}],"about":[{"href":"https:\/\/megalicdb.rs\/index.php?rest_route=\/wp\/v2\/types\/product"}],"replies":[{"embeddable":true,"href":"https:\/\/megalicdb.rs\/index.php?rest_route=%2Fwp%2Fv2%2Fcomments&post=32737"}],"version-history":[{"count":1,"href":"https:\/\/megalicdb.rs\/index.php?rest_route=\/wp\/v2\/product\/32737\/revisions"}],"predecessor-version":[{"id":32739,"href":"https:\/\/megalicdb.rs\/index.php?rest_route=\/wp\/v2\/product\/32737\/revisions\/32739"}],"wp:featuredmedia":[{"embeddable":true,"href":"https:\/\/megalicdb.rs\/index.php?rest_route=\/wp\/v2\/media\/32738"}],"wp:attachment":[{"href":"https:\/\/megalicdb.rs\/index.php?rest_route=%2Fwp%2Fv2%2Fmedia&parent=32737"}],"wp:term":[{"taxonomy":"product_brand","embeddable":true,"href":"https:\/\/megalicdb.rs\/index.php?rest_route=%2Fwp%2Fv2%2Fproduct_brand&post=32737"},{"taxonomy":"product_cat","embeddable":true,"href":"https:\/\/megalicdb.rs\/index.php?rest_route=%2Fwp%2Fv2%2Fproduct_cat&post=32737"},{"taxonomy":"product_tag","embeddable":true,"href":"https:\/\/megalicdb.rs\/index.php?rest_route=%2Fwp%2Fv2%2Fproduct_tag&post=32737"}],"curies":[{"name":"wp","href":"https:\/\/api.w.org\/{rel}","templated":true}]}}