{"id":32740,"date":"2025-07-04T17:33:35","date_gmt":"2025-07-04T17:33:35","guid":{"rendered":"https:\/\/megalicdb.rs\/?post_type=product&#038;p=32740"},"modified":"2025-07-04T17:33:35","modified_gmt":"2025-07-04T17:33:35","slug":"sljivin-cvet-u-vazi-od-zlata-nepoznati-pisac","status":"publish","type":"product","link":"https:\/\/megalicdb.rs\/?product=sljivin-cvet-u-vazi-od-zlata-nepoznati-pisac","title":{"rendered":"\u0160ljivin cvet u vazi od zlata Nepoznati pisac"},"content":{"rendered":"<p><em>Prvo remek-delo kineske knji\u017eevnosti<br \/>\n<\/em><br \/>\nNepoznati autor iz XVI veka ostavio je za sobom veli\u010danstveno delo. Legenda ka\u017ee da ga je napisao da bi osvetio smrt svoga oca. Stranice rukopisa je natrljao otrovom, i poslao ih o\u010devom ubici. Po predanju, \u017ertva nije prestajala da \u010dita knjigu i umrla je \u010dim ju je zavr\u0161ila jer je roman pro\u010ditala u dahu.<\/p>\n<p>Simen \u0106ing je mlad, lep i bogat naslednik, uticajan i ugledan, a uz to razuzdan, iskvaren i raskala\u0161an. Posle smrti roditelja vreme provodi u ku\u0107ama za u\u017eivanje, upoznajemo njegove brojne \u017eene i konkubine, poslugu i podjednako ugledne i uspe\u0161ne \u201eprijatelje\u201c. Pred nama se uzdi\u017ee slika dru\u0161tva pro\u017eetog la\u017eima, korupcijom, podmetanjima i kriminalom. A bogatstvo se polako osipa\u2026<\/p>\n<p>U ovu neprolaznu pri\u010du o strastima i prevrtljivosti sudbine anonimni autor utkao je erotiku, stihove, i raznovrsna svedo\u010danstva tog vremena sa\u010dinivi\u0161i izvanredno \u017eivopisan prikaz ljudske prirode. Roman je dugo bio cenzurisan i zabranjivan u Kini zbog \u201enepristojnosti\u201c, \u0161to nije spre\u010davalo \u010ditaoce da mu se dive i \u010ditaju ga u potaji.<\/p>\n<p>\u201eBonton za posrnule. \u010citaoci te epohe sigurno su ga krili ispod du\u0161eka.\u201c<br \/>\n\u2013 Ejmi Tan<\/p>\n<p>\u201eSvet\u00a0<em>\u0160ljivinog cveta u vazi od zlata<\/em>\u00a0lep je i mra\u010dan, prizeman ali i uzvi\u0161en, ispunjen vrlinom ali i opscenostima, bo\u017eanstven i \u0161okantan, bestidan ali i veli\u010danstven. Knjiga je stara \u010detiristo godina, a kao da je napisana danas.\u201c<br \/>\n\u2013\u00a0<em>Los Angeles Review of Books<\/em><\/p>\n","protected":false},"excerpt":{"rendered":"<p>Prvo remek-delo kineske knji\u017eevnosti Nepoznati autor iz XVI veka ostavio je za sobom veli\u010danstveno delo. Legenda ka\u017ee da ga je<\/p>\n","protected":false},"featured_media":32741,"comment_status":"open","ping_status":"closed","template":"","meta":[],"product_brand":[],"product_cat":[324,417],"product_tag":[],"class_list":{"0":"post-32740","1":"product","2":"type-product","3":"status-publish","4":"has-post-thumbnail","6":"product_cat-knjige","7":"product_cat-knjizevnost-za-odrasle","9":"first","10":"instock","11":"taxable","12":"shipping-taxable","13":"purchasable","14":"product-type-simple"},"aioseo_notices":[],"_links":{"self":[{"href":"https:\/\/megalicdb.rs\/index.php?rest_route=\/wp\/v2\/product\/32740","targetHints":{"allow":["GET"]}}],"collection":[{"href":"https:\/\/megalicdb.rs\/index.php?rest_route=\/wp\/v2\/product"}],"about":[{"href":"https:\/\/megalicdb.rs\/index.php?rest_route=\/wp\/v2\/types\/product"}],"replies":[{"embeddable":true,"href":"https:\/\/megalicdb.rs\/index.php?rest_route=%2Fwp%2Fv2%2Fcomments&post=32740"}],"version-history":[{"count":1,"href":"https:\/\/megalicdb.rs\/index.php?rest_route=\/wp\/v2\/product\/32740\/revisions"}],"predecessor-version":[{"id":32742,"href":"https:\/\/megalicdb.rs\/index.php?rest_route=\/wp\/v2\/product\/32740\/revisions\/32742"}],"wp:featuredmedia":[{"embeddable":true,"href":"https:\/\/megalicdb.rs\/index.php?rest_route=\/wp\/v2\/media\/32741"}],"wp:attachment":[{"href":"https:\/\/megalicdb.rs\/index.php?rest_route=%2Fwp%2Fv2%2Fmedia&parent=32740"}],"wp:term":[{"taxonomy":"product_brand","embeddable":true,"href":"https:\/\/megalicdb.rs\/index.php?rest_route=%2Fwp%2Fv2%2Fproduct_brand&post=32740"},{"taxonomy":"product_cat","embeddable":true,"href":"https:\/\/megalicdb.rs\/index.php?rest_route=%2Fwp%2Fv2%2Fproduct_cat&post=32740"},{"taxonomy":"product_tag","embeddable":true,"href":"https:\/\/megalicdb.rs\/index.php?rest_route=%2Fwp%2Fv2%2Fproduct_tag&post=32740"}],"curies":[{"name":"wp","href":"https:\/\/api.w.org\/{rel}","templated":true}]}}