{"id":32749,"date":"2025-07-04T17:38:58","date_gmt":"2025-07-04T17:38:58","guid":{"rendered":"https:\/\/megalicdb.rs\/?post_type=product&#038;p=32749"},"modified":"2025-07-04T17:38:58","modified_gmt":"2025-07-04T17:38:58","slug":"zamak-franc-kafka","status":"publish","type":"product","link":"https:\/\/megalicdb.rs\/?product=zamak-franc-kafka","title":{"rendered":"Zamak Franc Kafka"},"content":{"rendered":"<p>\u201e<em>Zamak<\/em>\u00a0je najlep\u0161i, i mo\u017eda, najemotivniji Kafkin roman.\u201c<br \/>\n\u2013\u00a0<em>Guardian<\/em><\/p>\n<p><em>Zamak tamo gore, ve\u0107 zagonetno zamra\u010den, u koji se K. nadao da \u0107e dospeti jo\u0161 danas, opet se udaljavao. Ali kao da su hteli da mu prilikom ovog privremenog rastanka pru\u017ee jo\u0161 jedan znak, tamo gore odjeknu zvuk zvona, razdragan zvuk zvona koji u\u010dini da bar za trenutak srce zadrhti, kao da mu preti \u2013 jer u zvuku je bilo i ne\u010deg bolnog \u2013 ispunjenje onog za \u010dim je nesigurno te\u017eilo.<br \/>\n<\/em><br \/>\nFranc Kafka nas destabilizuje svojom prozom u kojoj banalnost svakodnevice poprima obrise neobi\u010dnog sna ili bajke. Njegovi junaci se vrte ukrug, poku\u0161avaju\u0107i da postignu ne\u0161to za \u0161ta im je potrebno odobrenje autoriteta pred kojim je svaka individualnost bezna\u010dajna i potisnuta.<\/p>\n<p>Roman po\u010dinje dolaskom glavnog junaka K. u seoce podno zamka, iz kojeg se, kako izgleda, upravlja seoskim \u017eivotom i poslovima. K. nailazi na niz prepreka, nepoznanica i nezadovoljstava dok poku\u0161ava da dopre do zamka, kako bi obavio posao koji ga je tamo i doveo. Nestrpljiv je, \u017eeli da mu se ispune prava, on je odgovoran pojedinac, \u0161to bi naru\u0161ilo utvr\u0111eni poredak u selu. Zato je u o\u010dima seljana apsurdna pojava, stranac, uljez.<\/p>\n<p>Dok K. vodi bitku sa nevidljivom birokratijom, naslu\u0107ujemo da je ovde re\u010d o ne\u010demu mnogo dubljem, va\u017enijem, da smo svedoci iskonske borbe sa bolom, samo\u0107om i \u017eeljom da se bude sa drugim.<\/p>\n<p>\u201e\u010citanje Kafke je mapiranje intenzivnog li\u010dnog odnosa prema pi\u0161\u010devim veli\u010danstvenim i zastra\u0161uju\u0107im zagonetkama.\u201c<br \/>\n\u2013 D\u017eonatan Letem<\/p>\n<p>\u201eOvo je Kafkino najve\u0107e delo jer najbolje ispunjava njegovu maksimu da knjiga treba da bude sekira za razbijanje zale\u0111enog mora u nama.\u201c<br \/>\n\u2013\u00a0<em>Guardian<\/em><\/p>\n","protected":false},"excerpt":{"rendered":"<p>\u201eZamak\u00a0je najlep\u0161i, i mo\u017eda, najemotivniji Kafkin roman.\u201c \u2013\u00a0Guardian Zamak tamo gore, ve\u0107 zagonetno zamra\u010den, u koji se K. nadao da<\/p>\n","protected":false},"featured_media":32750,"comment_status":"open","ping_status":"closed","template":"","meta":[],"product_brand":[],"product_cat":[324,417],"product_tag":[],"class_list":{"0":"post-32749","1":"product","2":"type-product","3":"status-publish","4":"has-post-thumbnail","6":"product_cat-knjige","7":"product_cat-knjizevnost-za-odrasle","9":"first","10":"instock","11":"taxable","12":"shipping-taxable","13":"purchasable","14":"product-type-simple"},"aioseo_notices":[],"_links":{"self":[{"href":"https:\/\/megalicdb.rs\/index.php?rest_route=\/wp\/v2\/product\/32749","targetHints":{"allow":["GET"]}}],"collection":[{"href":"https:\/\/megalicdb.rs\/index.php?rest_route=\/wp\/v2\/product"}],"about":[{"href":"https:\/\/megalicdb.rs\/index.php?rest_route=\/wp\/v2\/types\/product"}],"replies":[{"embeddable":true,"href":"https:\/\/megalicdb.rs\/index.php?rest_route=%2Fwp%2Fv2%2Fcomments&post=32749"}],"version-history":[{"count":1,"href":"https:\/\/megalicdb.rs\/index.php?rest_route=\/wp\/v2\/product\/32749\/revisions"}],"predecessor-version":[{"id":32751,"href":"https:\/\/megalicdb.rs\/index.php?rest_route=\/wp\/v2\/product\/32749\/revisions\/32751"}],"wp:featuredmedia":[{"embeddable":true,"href":"https:\/\/megalicdb.rs\/index.php?rest_route=\/wp\/v2\/media\/32750"}],"wp:attachment":[{"href":"https:\/\/megalicdb.rs\/index.php?rest_route=%2Fwp%2Fv2%2Fmedia&parent=32749"}],"wp:term":[{"taxonomy":"product_brand","embeddable":true,"href":"https:\/\/megalicdb.rs\/index.php?rest_route=%2Fwp%2Fv2%2Fproduct_brand&post=32749"},{"taxonomy":"product_cat","embeddable":true,"href":"https:\/\/megalicdb.rs\/index.php?rest_route=%2Fwp%2Fv2%2Fproduct_cat&post=32749"},{"taxonomy":"product_tag","embeddable":true,"href":"https:\/\/megalicdb.rs\/index.php?rest_route=%2Fwp%2Fv2%2Fproduct_tag&post=32749"}],"curies":[{"name":"wp","href":"https:\/\/api.w.org\/{rel}","templated":true}]}}