{"id":32752,"date":"2025-07-04T17:40:27","date_gmt":"2025-07-04T17:40:27","guid":{"rendered":"https:\/\/megalicdb.rs\/?post_type=product&#038;p=32752"},"modified":"2025-11-24T10:22:33","modified_gmt":"2025-11-24T10:22:33","slug":"kockar-fjodor-mihailovic-dostojevski","status":"publish","type":"product","link":"https:\/\/megalicdb.rs\/?product=kockar-fjodor-mihailovic-dostojevski","title":{"rendered":"Kockar Fjodor Mihailovi\u010d Dostojevski"},"content":{"rendered":"<p>\u201eGlavni zna\u010daj Dostojevskog nije toliko u filozofiji, psihologiji ili mistici koliko u otvaranju nove, zbilja genijalne stranice u istoriji evropskog romana.\u201c<br \/>\n\u2013 Leonid Grosman<\/p>\n<p><em>Ube\u0111en sam da je u tome bilo pedeset posto moje sujete; \u017eeleo sam da gledaoce zadivim bezumnim rizikom, i \u2013 \u010dudno ose\u0107anje \u2013 jasno se se\u0107am kako me je, bez ikakvog izazova samoljublja, obuzela jeziva \u017eelja da rizikujem. Mo\u017ee biti da se du\u0161a, prolaze\u0107i kroz tolika ose\u0107anja, ne zasi\u0107uje, nego se samo razdra\u017euje i tra\u017ei sve ja\u010da i ja\u010da ose\u0107anja, do kona\u010dnog zamora.<br \/>\n<\/em><br \/>\nU imaginarnom gradi\u0107u Ruletenburgu zati\u010demo skromnog u\u010ditelja Alekseja Ivanovi\u010da u dru\u0161tvu stranaca koji se kockaju. Zaljubljen u svoju u\u010denicu Polinu, usvojenicu starog generala kome preti finansijska propast, Aleksej u\u010destvuje u vrtoglavim doga\u0111ajima koji se pletu oko ovog dru\u0161tva omamljenog mirisom novca.<\/p>\n<p>Tokom petnaest godina Dostojevski je patio od iste zavisnosti, strastveno se kockaju\u0107i od Moskve do Baden-Badena, a ovaj roman je napisao za samo dvadeset sedam dana kako bi ispunio obavezu prema svom izdava\u010du.<\/p>\n<p>\u201eJa uzimam neposrednu prirodu, no ipak veoma razu\u0111enog \u010doveka, ali u svemu nedovr\u0161enog! \u010coveka koji je izgubio veru i koji ne sme da ne veruje, koji ustaje protiv autoriteta i koji ih se pla\u0161i&#8230; Glavna stvar je u tome \u0161to su svi njegovi \u017eivotni sokovi, snaga, vitalnost, smelost oti\u0161li na rulet. On je kockar, ali ne obi\u010dan kockar, kao \u0161to Pu\u0161kinov vitez tvrdica nije obi\u010dan cicija&#8230;\u201c<br \/>\n\u2013 Fjodor Dostojevski u pismu 1863. godine<\/p>\n","protected":false},"excerpt":{"rendered":"<p>\u201eGlavni zna\u010daj Dostojevskog nije toliko u filozofiji, psihologiji ili mistici koliko u otvaranju nove, zbilja genijalne stranice u istoriji evropskog<\/p>\n","protected":false},"featured_media":32753,"comment_status":"open","ping_status":"closed","template":"","meta":[],"product_brand":[],"product_cat":[324,417],"product_tag":[],"class_list":{"0":"post-32752","1":"product","2":"type-product","3":"status-publish","4":"has-post-thumbnail","6":"product_cat-knjige","7":"product_cat-knjizevnost-za-odrasle","9":"first","10":"instock","11":"taxable","12":"shipping-taxable","13":"purchasable","14":"product-type-simple"},"aioseo_notices":[],"_links":{"self":[{"href":"https:\/\/megalicdb.rs\/index.php?rest_route=\/wp\/v2\/product\/32752","targetHints":{"allow":["GET"]}}],"collection":[{"href":"https:\/\/megalicdb.rs\/index.php?rest_route=\/wp\/v2\/product"}],"about":[{"href":"https:\/\/megalicdb.rs\/index.php?rest_route=\/wp\/v2\/types\/product"}],"replies":[{"embeddable":true,"href":"https:\/\/megalicdb.rs\/index.php?rest_route=%2Fwp%2Fv2%2Fcomments&post=32752"}],"version-history":[{"count":1,"href":"https:\/\/megalicdb.rs\/index.php?rest_route=\/wp\/v2\/product\/32752\/revisions"}],"predecessor-version":[{"id":32754,"href":"https:\/\/megalicdb.rs\/index.php?rest_route=\/wp\/v2\/product\/32752\/revisions\/32754"}],"wp:featuredmedia":[{"embeddable":true,"href":"https:\/\/megalicdb.rs\/index.php?rest_route=\/wp\/v2\/media\/32753"}],"wp:attachment":[{"href":"https:\/\/megalicdb.rs\/index.php?rest_route=%2Fwp%2Fv2%2Fmedia&parent=32752"}],"wp:term":[{"taxonomy":"product_brand","embeddable":true,"href":"https:\/\/megalicdb.rs\/index.php?rest_route=%2Fwp%2Fv2%2Fproduct_brand&post=32752"},{"taxonomy":"product_cat","embeddable":true,"href":"https:\/\/megalicdb.rs\/index.php?rest_route=%2Fwp%2Fv2%2Fproduct_cat&post=32752"},{"taxonomy":"product_tag","embeddable":true,"href":"https:\/\/megalicdb.rs\/index.php?rest_route=%2Fwp%2Fv2%2Fproduct_tag&post=32752"}],"curies":[{"name":"wp","href":"https:\/\/api.w.org\/{rel}","templated":true}]}}