{"id":32758,"date":"2025-07-04T17:43:18","date_gmt":"2025-07-04T17:43:18","guid":{"rendered":"https:\/\/megalicdb.rs\/?post_type=product&#038;p=32758"},"modified":"2025-07-04T17:43:18","modified_gmt":"2025-07-04T17:43:18","slug":"zli-dusi-ii-fjodor-mihailovic-dostojevski","status":"publish","type":"product","link":"https:\/\/megalicdb.rs\/?product=zli-dusi-ii-fjodor-mihailovic-dostojevski","title":{"rendered":"Zli dusi II Fjodor Mihailovi\u010d Dostojevski"},"content":{"rendered":"<p><em>Proro\u010dki roman o revolucionarnom fanatizmu<br \/>\n<\/em><br \/>\n<em>Ti zli dusi \u0161to su izi\u0161li iz bolesnika i u\u0161li u svinje, to su sve gnojne rane, sav trule\u017e, sva ne\u010disto\u0107a, svi zli dusi i svi \u0111avol\u010di\u0107i koji su se namno\u017eili u na\u0161em velikom i dragom bolesniku, u na\u0161oj Rusiji, vekovima, vekovima!&#8230; Ali velika misao i velika volja blagoslovi\u0107e je sa nebesa, kao i onog bezumnika opsednutog zlim duhom, i izi\u0107i \u0107e svi ti zli dusi, sva ne\u010disto\u0107a, sva gadost koja se na povr\u0161ini zagnojila\u2026 i sami \u0107e moliti da u\u0111u u svinje.<br \/>\n<\/em><br \/>\nObjavljen pet godina posle\u00a0<em>Zlo\u010dina i kazne<\/em>\u00a0i devet pre\u00a0<em>Bra\u0107e Karamazova<\/em>, roman\u00a0<em>Zli dusi<\/em>\u00a0je inspirisan stvarnim doga\u0111ajem politi\u010dkog ubistva koje je zapanjilo Rusiju 1869. godine. Dostojevski je zamislio da to bude roman-pamflet u kojem \u0107e izneti sve o po\u0161asti materijalisti\u010dke ideologije koja je po\u010dela da hara njegovom zemljom. Proro\u010dka kritika svih ideologija, ova pri\u010da o mladim revolucionarima koji \u017eele da svrgnu postoje\u0107i re\u017eim pokazuje kako fanati\u010dna opsednutost idejom vodi tragi\u010dnom ishodu, kako za pojedinca tako i za mno\u0161tvo.<\/p>\n<p>\u201e<em>Zli dusi<\/em>\u00a0su roman na\u0161eg vremena.\u201c<br \/>\n\u2013\u00a0<em>Publisher<\/em><\/p>\n<p>\u201eNi Dikens, tobo\u017enji u\u010ditelj Dostojevskog, ne bi mogao bolje.\u201c<br \/>\n\u2013 D\u017eojs Kerol Outs<\/p>\n<p>\u201eNajve\u0107i politi\u010dki roman svih vremena.\u201c<br \/>\n\u2013 Orhan Pamuk<\/p>\n","protected":false},"excerpt":{"rendered":"<p>Proro\u010dki roman o revolucionarnom fanatizmu Ti zli dusi \u0161to su izi\u0161li iz bolesnika i u\u0161li u svinje, to su sve<\/p>\n","protected":false},"featured_media":32759,"comment_status":"open","ping_status":"closed","template":"","meta":[],"product_brand":[],"product_cat":[324,417],"product_tag":[],"class_list":{"0":"post-32758","1":"product","2":"type-product","3":"status-publish","4":"has-post-thumbnail","6":"product_cat-knjige","7":"product_cat-knjizevnost-za-odrasle","9":"first","10":"instock","11":"taxable","12":"shipping-taxable","13":"purchasable","14":"product-type-simple"},"aioseo_notices":[],"_links":{"self":[{"href":"https:\/\/megalicdb.rs\/index.php?rest_route=\/wp\/v2\/product\/32758","targetHints":{"allow":["GET"]}}],"collection":[{"href":"https:\/\/megalicdb.rs\/index.php?rest_route=\/wp\/v2\/product"}],"about":[{"href":"https:\/\/megalicdb.rs\/index.php?rest_route=\/wp\/v2\/types\/product"}],"replies":[{"embeddable":true,"href":"https:\/\/megalicdb.rs\/index.php?rest_route=%2Fwp%2Fv2%2Fcomments&post=32758"}],"version-history":[{"count":1,"href":"https:\/\/megalicdb.rs\/index.php?rest_route=\/wp\/v2\/product\/32758\/revisions"}],"predecessor-version":[{"id":32760,"href":"https:\/\/megalicdb.rs\/index.php?rest_route=\/wp\/v2\/product\/32758\/revisions\/32760"}],"wp:featuredmedia":[{"embeddable":true,"href":"https:\/\/megalicdb.rs\/index.php?rest_route=\/wp\/v2\/media\/32759"}],"wp:attachment":[{"href":"https:\/\/megalicdb.rs\/index.php?rest_route=%2Fwp%2Fv2%2Fmedia&parent=32758"}],"wp:term":[{"taxonomy":"product_brand","embeddable":true,"href":"https:\/\/megalicdb.rs\/index.php?rest_route=%2Fwp%2Fv2%2Fproduct_brand&post=32758"},{"taxonomy":"product_cat","embeddable":true,"href":"https:\/\/megalicdb.rs\/index.php?rest_route=%2Fwp%2Fv2%2Fproduct_cat&post=32758"},{"taxonomy":"product_tag","embeddable":true,"href":"https:\/\/megalicdb.rs\/index.php?rest_route=%2Fwp%2Fv2%2Fproduct_tag&post=32758"}],"curies":[{"name":"wp","href":"https:\/\/api.w.org\/{rel}","templated":true}]}}