{"id":32802,"date":"2025-07-07T08:00:22","date_gmt":"2025-07-07T08:00:22","guid":{"rendered":"https:\/\/megalicdb.rs\/?post_type=product&#038;p=32802"},"modified":"2025-07-07T08:01:51","modified_gmt":"2025-07-07T08:01:51","slug":"kum-mario-puzo","status":"publish","type":"product","link":"https:\/\/megalicdb.rs\/?product=kum-mario-puzo","title":{"rendered":"Kum Mario Puzo"},"content":{"rendered":"<div><em>Najslavniji roman svih vremena o Mafiji<br \/>\n<\/em><br \/>\nSvetski poznato remek-delo Marija Puza\u00a0<em>Kum<\/em>\u00a0neprikosnoveno vlada filmskim i knji\u017eevnim nasle\u0111em i izaziva strahopo\u0161tovanje. Bestseler\u00a0<em>New York Timesa<\/em>\u00a0od trenutka kada se pojavio 1969. godine, u\u0161ao je u legendu: Frensis Ford Kopola ga je preneo na filmsko platno i osvojio jedanaest Oskara.<\/div>\n<div>Pri\u010da o don Vitu Korleoneu po\u010dinje u Njujor\u0161ku 1946. godine. On je porodi\u010dan \u010dovek, velikodu\u0161an i razuman s jedne strane, ali i nemilosrdan sicilijanski mafija\u0161, neupitni poglavar\u00a0<em>Cosa nostre<\/em>. Dani su mu odbrojani, ali jo\u0161 nema pravog naslednika kome mo\u017ee da prepusti svoje carstvo iako deluje da je najmla\u0111i Majkl dovoljno sr\u010dan i odan da nastavi istim putem. Odnosi izme\u0111u pet glavnih mafija\u0161kih porodica u Njujorku zao\u0161travaju se, a Korleonove \u0107e poneti krvava ambicija, juna\u0161tvo i o\u010daj u odbrani porodi\u010dnog dostojanstva.\u201eSpektakularan trijumf&#8230; Najbolji roman o zlokobnom bratstvu po zlo\u010dinu.\u201c<br \/>\n<em>\u2013 Saturday Review<br \/>\n<\/em><br \/>\n\u201ePrvo ne mo\u017eete da prestanete da \u010ditate, a onda ne mo\u017eete da prestanete da ne ma\u0161tate o tome.\u201c<br \/>\n<em>\u2013 New York Magazine<br \/>\n<\/em><br \/>\n\u201eIzuzetan roman, u kojem neizvesnost ne popu\u0161ta sve dok se ne rasprsne u vatromet dramati\u010dnih raspleta.\u201c<br \/>\n<em>\u2013 Library Journal<br \/>\n<\/em><br \/>\n\u201eMo\u0107na i prosto briljantna knjiga.\u201c<br \/>\n<em>\u2013 Guardian<\/em><\/p>\n<\/div>\n","protected":false},"excerpt":{"rendered":"<p>Najslavniji roman svih vremena o Mafiji Svetski poznato remek-delo Marija Puza\u00a0Kum\u00a0neprikosnoveno vlada filmskim i knji\u017eevnim nasle\u0111em i izaziva strahopo\u0161tovanje. Bestseler\u00a0New<\/p>\n","protected":false},"featured_media":32804,"comment_status":"open","ping_status":"closed","template":"","meta":[],"product_brand":[],"product_cat":[324,417],"product_tag":[],"class_list":{"0":"post-32802","1":"product","2":"type-product","3":"status-publish","4":"has-post-thumbnail","6":"product_cat-knjige","7":"product_cat-knjizevnost-za-odrasle","9":"first","10":"instock","11":"taxable","12":"shipping-taxable","13":"purchasable","14":"product-type-simple"},"aioseo_notices":[],"_links":{"self":[{"href":"https:\/\/megalicdb.rs\/index.php?rest_route=\/wp\/v2\/product\/32802","targetHints":{"allow":["GET"]}}],"collection":[{"href":"https:\/\/megalicdb.rs\/index.php?rest_route=\/wp\/v2\/product"}],"about":[{"href":"https:\/\/megalicdb.rs\/index.php?rest_route=\/wp\/v2\/types\/product"}],"replies":[{"embeddable":true,"href":"https:\/\/megalicdb.rs\/index.php?rest_route=%2Fwp%2Fv2%2Fcomments&post=32802"}],"version-history":[{"count":2,"href":"https:\/\/megalicdb.rs\/index.php?rest_route=\/wp\/v2\/product\/32802\/revisions"}],"predecessor-version":[{"id":32805,"href":"https:\/\/megalicdb.rs\/index.php?rest_route=\/wp\/v2\/product\/32802\/revisions\/32805"}],"wp:featuredmedia":[{"embeddable":true,"href":"https:\/\/megalicdb.rs\/index.php?rest_route=\/wp\/v2\/media\/32804"}],"wp:attachment":[{"href":"https:\/\/megalicdb.rs\/index.php?rest_route=%2Fwp%2Fv2%2Fmedia&parent=32802"}],"wp:term":[{"taxonomy":"product_brand","embeddable":true,"href":"https:\/\/megalicdb.rs\/index.php?rest_route=%2Fwp%2Fv2%2Fproduct_brand&post=32802"},{"taxonomy":"product_cat","embeddable":true,"href":"https:\/\/megalicdb.rs\/index.php?rest_route=%2Fwp%2Fv2%2Fproduct_cat&post=32802"},{"taxonomy":"product_tag","embeddable":true,"href":"https:\/\/megalicdb.rs\/index.php?rest_route=%2Fwp%2Fv2%2Fproduct_tag&post=32802"}],"curies":[{"name":"wp","href":"https:\/\/api.w.org\/{rel}","templated":true}]}}