{"id":32806,"date":"2025-07-07T08:04:26","date_gmt":"2025-07-07T08:04:26","guid":{"rendered":"https:\/\/megalicdb.rs\/?post_type=product&#038;p=32806"},"modified":"2025-07-07T08:04:27","modified_gmt":"2025-07-07T08:04:27","slug":"ana-o-metju-blejk","status":"publish","type":"product","link":"https:\/\/megalicdb.rs\/?product=ana-o-metju-blejk","title":{"rendered":"Ana O Metju Blejk"},"content":{"rendered":"<p>Svetski bestseler<br \/>\nPreporuke \u010dasopisa\u00a0<em>Times<\/em>,\u00a0<em>Observer<\/em>,\u00a0<em>People<\/em><\/p>\n<p><em>Da li je Ana uspavana lepotica ili uspavani ubica?<br \/>\n<\/em><br \/>\nAna O nije otvorila o\u010di \u010detiri godine, jo\u0161 od no\u0107i kad je prona\u0111ena u dubokom snu pored mrtvih tela svojih najboljih prijatelja. Sumnja se da je odgovorna za ova zastra\u0161uju\u0107a ubistva.<\/p>\n<p>Za doktora Benedikta Prinsa, psihologa iz londonskog Harli strita, bu\u0111enje Ane O moglo bi biti prekretnica u karijeri. On je vrhunski stru\u010dnjak za spavanje, poznaje sva tamna mesta uma, tajne zarobljene u podsvesti.<\/p>\n<p>Prou\u010davaju\u0107i njene snove i se\u0107anja, vra\u0107aju\u0107i Anu O na mesto jezivog doga\u0111aja, doktor Prins \u0107e uhvatiti nit mnogo skrivenije, mra\u010dnije misterije.<\/p>\n<p>Samo Ana zna istinu o kobnoj no\u0107i, ali jedino Benedikt mo\u017ee da je otkrije. Da li je Ana odgovorna za ubistva? Jesu li oboje u opasnosti zbog onog \u0161to \u0107e saznati?<\/p>\n<p>Anino bu\u0111enje nije kraj, ve\u0107 samo po\u010detak pri\u010de.<\/p>\n<p>\u201eOsve\u017eavaju\u0107e nov pristup \u017eanru, pri\u010da koja vas nemilice nagoni da \u010ditate dalje.\u201c<br \/>\n\u2013\u00a0<em>Guardian<\/em><\/p>\n<p>\u201eVrhunski roman. Genijalan triler.\u201c<br \/>\n\u2013\u00a0<em>Times<\/em><\/p>\n<p>\u201eIzvanredno! Bestseler sa zaslu\u017eenim pravom na tu titulu.\u201c<br \/>\n<em>\u2013 Daily Mail<br \/>\n<\/em><br \/>\n\u201eRoman ima jedan od najboljih zapleta koje sam pro\u010ditao.\u201c<br \/>\n\u2013 Dejvid Balda\u010di<\/p>\n<p>\u201eUverljivo i briljantno!\u201c<br \/>\n\u2013\u00a0<em>Sun<\/em><\/p>\n","protected":false},"excerpt":{"rendered":"<p>Svetski bestseler Preporuke \u010dasopisa\u00a0Times,\u00a0Observer,\u00a0People Da li je Ana uspavana lepotica ili uspavani ubica? Ana O nije otvorila o\u010di \u010detiri godine,<\/p>\n","protected":false},"featured_media":32807,"comment_status":"open","ping_status":"closed","template":"","meta":[],"product_brand":[],"product_cat":[416,324,417],"product_tag":[],"class_list":{"0":"post-32806","1":"product","2":"type-product","3":"status-publish","4":"has-post-thumbnail","6":"product_cat-beletristika","7":"product_cat-knjige","8":"product_cat-knjizevnost-za-odrasle","10":"first","11":"instock","12":"taxable","13":"shipping-taxable","14":"purchasable","15":"product-type-simple"},"aioseo_notices":[],"_links":{"self":[{"href":"https:\/\/megalicdb.rs\/index.php?rest_route=\/wp\/v2\/product\/32806","targetHints":{"allow":["GET"]}}],"collection":[{"href":"https:\/\/megalicdb.rs\/index.php?rest_route=\/wp\/v2\/product"}],"about":[{"href":"https:\/\/megalicdb.rs\/index.php?rest_route=\/wp\/v2\/types\/product"}],"replies":[{"embeddable":true,"href":"https:\/\/megalicdb.rs\/index.php?rest_route=%2Fwp%2Fv2%2Fcomments&post=32806"}],"version-history":[{"count":1,"href":"https:\/\/megalicdb.rs\/index.php?rest_route=\/wp\/v2\/product\/32806\/revisions"}],"predecessor-version":[{"id":32808,"href":"https:\/\/megalicdb.rs\/index.php?rest_route=\/wp\/v2\/product\/32806\/revisions\/32808"}],"wp:featuredmedia":[{"embeddable":true,"href":"https:\/\/megalicdb.rs\/index.php?rest_route=\/wp\/v2\/media\/32807"}],"wp:attachment":[{"href":"https:\/\/megalicdb.rs\/index.php?rest_route=%2Fwp%2Fv2%2Fmedia&parent=32806"}],"wp:term":[{"taxonomy":"product_brand","embeddable":true,"href":"https:\/\/megalicdb.rs\/index.php?rest_route=%2Fwp%2Fv2%2Fproduct_brand&post=32806"},{"taxonomy":"product_cat","embeddable":true,"href":"https:\/\/megalicdb.rs\/index.php?rest_route=%2Fwp%2Fv2%2Fproduct_cat&post=32806"},{"taxonomy":"product_tag","embeddable":true,"href":"https:\/\/megalicdb.rs\/index.php?rest_route=%2Fwp%2Fv2%2Fproduct_tag&post=32806"}],"curies":[{"name":"wp","href":"https:\/\/api.w.org\/{rel}","templated":true}]}}