{"id":32809,"date":"2025-07-07T08:06:38","date_gmt":"2025-07-07T08:06:38","guid":{"rendered":"https:\/\/megalicdb.rs\/?post_type=product&#038;p=32809"},"modified":"2025-07-07T08:06:38","modified_gmt":"2025-07-07T08:06:38","slug":"sutra-je-novi-dan-i-tom-margaret-micel","status":"publish","type":"product","link":"https:\/\/megalicdb.rs\/?product=sutra-je-novi-dan-i-tom-margaret-micel","title":{"rendered":"Sutra je novi dan \u2013 I tom Margaret Mi\u010del"},"content":{"rendered":"<p>Pulicerova nagrada za najbolji roman.<em><br \/>\n<\/em><br \/>\nRoman po kojem je snimljen film\u00a0<em>Prohujalo sa vihorom<\/em>.<\/p>\n<p>Vi\u0161e od osamdeset godina nakon objavljivanja,\u00a0<em>Sutra je novi dan<\/em>\u00a0\u2013 klasik ameri\u010dke knji\u017eevnosti \u2013 kako na istorijskom tako i na psiholo\u0161kom planu podjednako je moderan kao u trenutku svog nastanka.<\/p>\n<p>Tokom ameri\u010dkog gra\u0111anskog rata, o\u010daravaju\u0107a i energi\u010dna Skarlet O\u2019Hara gleda kako njena svetla budu\u0107nost zauvek nestaje. Neumorna, preduzimljiva i bezobzirna, bori\u0107e se svim snagama kako bi spasla zemlju i nasledstvo: Taru. Rastrzana izme\u0111u nemogu\u0107e ljubavi prema dva mu\u0161karca \u2013 E\u0161liju Vilksu, slabi\u0107u koji ne ume da se sna\u0111e u novim okolnostima, i zavodljivom Retu Batleru, tajkunu svoga doba i surovo mo\u0107nom igra\u010du \u2013 Skarlet je otelotvorenje tragedije pre\u017eivljavanja koja je zadesila planta\u017eerske porodice na Jugu 1865. godine.<\/p>\n<p>U Sjedinjenim Dr\u017eavama napisane su mnoge knjige koje su se pozabavile temom gra\u0111anskog rata, ali nijedna nam nije predstavila ameri\u010dki Jug poput ove, niti tako uverljive likove \u010dije \u0107emo re\u010di, strahove i \u010de\u017enje pamtiti celog \u017eivota. Kao \u0161to na pomen Napoleonovog ratovanja u Rusiji najpre pomislimo na\u00a0<em>Rat i mir<\/em>, tako i pri pomenu ameri\u010dkog gra\u0111anskog rata najpre pomislimo na\u00a0<em>Sutra je novi dan<\/em>.<\/p>\n<p>\u201eNajbolji roman koji je ikada napisan o Jugu, neprevazi\u0111en u celokupnoj ameri\u010dkoj knji\u017eevnosti.\u201c<br \/>\n<em>\u2013 Washington Post<\/em><\/p>\n","protected":false},"excerpt":{"rendered":"<p>Pulicerova nagrada za najbolji roman. Roman po kojem je snimljen film\u00a0Prohujalo sa vihorom. Vi\u0161e od osamdeset godina nakon objavljivanja,\u00a0Sutra je<\/p>\n","protected":false},"featured_media":32810,"comment_status":"open","ping_status":"closed","template":"","meta":[],"product_brand":[],"product_cat":[416,324,417],"product_tag":[],"class_list":{"0":"post-32809","1":"product","2":"type-product","3":"status-publish","4":"has-post-thumbnail","6":"product_cat-beletristika","7":"product_cat-knjige","8":"product_cat-knjizevnost-za-odrasle","10":"first","11":"instock","12":"taxable","13":"shipping-taxable","14":"purchasable","15":"product-type-simple"},"aioseo_notices":[],"_links":{"self":[{"href":"https:\/\/megalicdb.rs\/index.php?rest_route=\/wp\/v2\/product\/32809","targetHints":{"allow":["GET"]}}],"collection":[{"href":"https:\/\/megalicdb.rs\/index.php?rest_route=\/wp\/v2\/product"}],"about":[{"href":"https:\/\/megalicdb.rs\/index.php?rest_route=\/wp\/v2\/types\/product"}],"replies":[{"embeddable":true,"href":"https:\/\/megalicdb.rs\/index.php?rest_route=%2Fwp%2Fv2%2Fcomments&post=32809"}],"version-history":[{"count":1,"href":"https:\/\/megalicdb.rs\/index.php?rest_route=\/wp\/v2\/product\/32809\/revisions"}],"predecessor-version":[{"id":32811,"href":"https:\/\/megalicdb.rs\/index.php?rest_route=\/wp\/v2\/product\/32809\/revisions\/32811"}],"wp:featuredmedia":[{"embeddable":true,"href":"https:\/\/megalicdb.rs\/index.php?rest_route=\/wp\/v2\/media\/32810"}],"wp:attachment":[{"href":"https:\/\/megalicdb.rs\/index.php?rest_route=%2Fwp%2Fv2%2Fmedia&parent=32809"}],"wp:term":[{"taxonomy":"product_brand","embeddable":true,"href":"https:\/\/megalicdb.rs\/index.php?rest_route=%2Fwp%2Fv2%2Fproduct_brand&post=32809"},{"taxonomy":"product_cat","embeddable":true,"href":"https:\/\/megalicdb.rs\/index.php?rest_route=%2Fwp%2Fv2%2Fproduct_cat&post=32809"},{"taxonomy":"product_tag","embeddable":true,"href":"https:\/\/megalicdb.rs\/index.php?rest_route=%2Fwp%2Fv2%2Fproduct_tag&post=32809"}],"curies":[{"name":"wp","href":"https:\/\/api.w.org\/{rel}","templated":true}]}}