{"id":32827,"date":"2025-07-07T08:19:25","date_gmt":"2025-07-07T08:19:25","guid":{"rendered":"https:\/\/megalicdb.rs\/?post_type=product&#038;p=32827"},"modified":"2025-07-07T08:19:25","modified_gmt":"2025-07-07T08:19:25","slug":"ukrstene-reci-zoran-kostic-cane","status":"publish","type":"product","link":"https:\/\/megalicdb.rs\/?product=ukrstene-reci-zoran-kostic-cane","title":{"rendered":"Ukr\u0161tene re\u010di Zoran Kosti\u0107 Cane"},"content":{"rendered":"<p><em>Unapred mrtvi,<br \/>\nza besmrtnost se borimo.<br \/>\n\u017dive\u0107emo u onome<br \/>\n\u0161to stvorimo.<\/em><\/p>\n<p>\u201eOvo nije ljubazna knjiga, \u010citao\u010de, iz nje ne\u0107e\u0161 mo\u0107i spokojno sebi da recituje\u0161 poeziju. Svaka pesma je ovde, ne susret, ve\u0107 suo\u010denje. Dr\u017ea\u0107e te budnim, ne\u0107e ti dati da predahne\u0161, ima\u0107e\u0161 neprekidno utisak da te posmatra ogledalo.<br \/>\nOvde pesme vi\u010du i kad \u0161apu\u0107u, misli su o\u0161trih ivica i durske i molske. Rime su nekad prekori, nekad rugalice. Zato \u0161to se u ovim pesmama jedan \u010dovek beskompromisno hvata uko\u0161tac sa sudbinom i \u017eivotom: svojim, ali i tvojim.<br \/>\n\u0160to je du\u017ee \u010dita\u0161, ova knjiga te vi\u0161e zabrinjava, rastu\u017euje, i sve vi\u0161e te se ti\u010de. Kad je savlada\u0161 do kraja, na\u0107i \u0107e\u0161 jednu tanku zlatnu nit: ovo je knjiga koja \u0107e ti dati hrabrosti i ne\u0107e te ostaviti bez nade.\u201c<br \/>\n\u2013 Ivana Dimi\u0107<\/p>\n","protected":false},"excerpt":{"rendered":"<p>Unapred mrtvi, za besmrtnost se borimo. \u017dive\u0107emo u onome \u0161to stvorimo. \u201eOvo nije ljubazna knjiga, \u010citao\u010de, iz nje ne\u0107e\u0161 mo\u0107i<\/p>\n","protected":false},"featured_media":32828,"comment_status":"open","ping_status":"closed","template":"","meta":[],"product_brand":[],"product_cat":[324,417],"product_tag":[],"class_list":{"0":"post-32827","1":"product","2":"type-product","3":"status-publish","4":"has-post-thumbnail","6":"product_cat-knjige","7":"product_cat-knjizevnost-za-odrasle","9":"first","10":"instock","11":"taxable","12":"shipping-taxable","13":"purchasable","14":"product-type-simple"},"aioseo_notices":[],"_links":{"self":[{"href":"https:\/\/megalicdb.rs\/index.php?rest_route=\/wp\/v2\/product\/32827","targetHints":{"allow":["GET"]}}],"collection":[{"href":"https:\/\/megalicdb.rs\/index.php?rest_route=\/wp\/v2\/product"}],"about":[{"href":"https:\/\/megalicdb.rs\/index.php?rest_route=\/wp\/v2\/types\/product"}],"replies":[{"embeddable":true,"href":"https:\/\/megalicdb.rs\/index.php?rest_route=%2Fwp%2Fv2%2Fcomments&post=32827"}],"version-history":[{"count":1,"href":"https:\/\/megalicdb.rs\/index.php?rest_route=\/wp\/v2\/product\/32827\/revisions"}],"predecessor-version":[{"id":32829,"href":"https:\/\/megalicdb.rs\/index.php?rest_route=\/wp\/v2\/product\/32827\/revisions\/32829"}],"wp:featuredmedia":[{"embeddable":true,"href":"https:\/\/megalicdb.rs\/index.php?rest_route=\/wp\/v2\/media\/32828"}],"wp:attachment":[{"href":"https:\/\/megalicdb.rs\/index.php?rest_route=%2Fwp%2Fv2%2Fmedia&parent=32827"}],"wp:term":[{"taxonomy":"product_brand","embeddable":true,"href":"https:\/\/megalicdb.rs\/index.php?rest_route=%2Fwp%2Fv2%2Fproduct_brand&post=32827"},{"taxonomy":"product_cat","embeddable":true,"href":"https:\/\/megalicdb.rs\/index.php?rest_route=%2Fwp%2Fv2%2Fproduct_cat&post=32827"},{"taxonomy":"product_tag","embeddable":true,"href":"https:\/\/megalicdb.rs\/index.php?rest_route=%2Fwp%2Fv2%2Fproduct_tag&post=32827"}],"curies":[{"name":"wp","href":"https:\/\/api.w.org\/{rel}","templated":true}]}}