{"id":32830,"date":"2025-07-07T08:21:09","date_gmt":"2025-07-07T08:21:09","guid":{"rendered":"https:\/\/megalicdb.rs\/?post_type=product&#038;p=32830"},"modified":"2025-07-07T08:21:09","modified_gmt":"2025-07-07T08:21:09","slug":"ruski-konzul-vuk-draskovic","status":"publish","type":"product","link":"https:\/\/megalicdb.rs\/?product=ruski-konzul-vuk-draskovic","title":{"rendered":"Ruski konzul Vuk Dra\u0161kovi\u0107"},"content":{"rendered":"<div>Najlep\u0161i i najtu\u017eniji roman o Kosovu.<\/p>\n<p>\u201ePri odre\u0111enom polo\u017eaju i odnosu zvezda, sve se i ovde, na Zemlji, mora ponoviti. Jula 1879. i maja 1970. godine, isto je bilo rastojanje od Vla\u0161i\u0107a do Sjevernja\u010de i od Velikih Kola do Marsa i Jupitera. Zato je u maju 1970. Ivan Stepanovi\u010d Jastrebov, to jest ja, opet postavljen za carskog konzula u Prizrenu. Ne ba\u0161 u Prizrenu, ve\u0107 ovde u \u0110akovici, ali razdaljina je mala i bez zna\u010daja&#8230; Smrt je privid, ona ne postoji. Budu\u0107nost je u pro\u0161losti i pro\u0161lost u budu\u0107nosti: sve se vrti u krugu koji vi\u0161e sile kotrljaju nebesima. I kad se, u tome kotrljanju i tumbanju vremena, ponove negda\u0161nje prilike, opet \u0107e se stoi\u010dar povezivati sa epikurejcem i ubijati Cezara, opet \u0107e onaj pustolov pucati u Pu\u0161kina, opet \u0107e Rusija biti Rusija i pravoslavna, opet \u0107e&#8230; Opet \u0107e Srbi osloboditi Kosovo!\u201c<\/p><\/div>\n<div>\n***<\/div>\n<div>\n\u201eZbilja: \u0161ta je meni Kosovo? Evo me u Nik\u0161i\u0107u, u \u017eeninom stanu, \u017eivim od \u017eenine plate, buljim u ru\u0161evine kule u kojoj su, nekad, potur\u010deni i bijesni Mu\u0161ovi\u0107i begovali. Sve je tu\u0111e oko mene. Nemam ni svog stana, ni svog stani\u0161ta, ni posla, ni svog zavi\u010daja. Selo Jugovi\u0107i, gdje sam ro\u0111en, od ro\u0111enja moga ne postoji. U selo Osmanovi\u0107e, gdje sam odrastao, vi\u0161e svra\u0107ati ne smijem. Ja sam njih, poru\u010duju mi Osmanovi\u0107i, moji Osmanovi\u0107i, na Kosovu osramotio. Ne znam gdje mi je majka Ljubica sahranjena, a ne mogu obi\u0107i ni grob pomajke Rabije, jer sam zlo\u010dinac, izdajnik. Sve sam, zbog Kosova, izgubio! Roditelje, djetinjstvo, groblja, \u010dak i svoje zanimanje. Zbog Kosova sam postradao na Kosovu i prognan sa Kosova. Zbog Kosova sam izgubio i Kosovo!\u201c<\/div>\n","protected":false},"excerpt":{"rendered":"<p>Najlep\u0161i i najtu\u017eniji roman o Kosovu. \u201ePri odre\u0111enom polo\u017eaju i odnosu zvezda, sve se i ovde, na Zemlji, mora ponoviti.<\/p>\n","protected":false},"featured_media":32831,"comment_status":"open","ping_status":"closed","template":"","meta":[],"product_brand":[],"product_cat":[324,417],"product_tag":[],"class_list":{"0":"post-32830","1":"product","2":"type-product","3":"status-publish","4":"has-post-thumbnail","6":"product_cat-knjige","7":"product_cat-knjizevnost-za-odrasle","9":"first","10":"instock","11":"taxable","12":"shipping-taxable","13":"purchasable","14":"product-type-simple"},"aioseo_notices":[],"_links":{"self":[{"href":"https:\/\/megalicdb.rs\/index.php?rest_route=\/wp\/v2\/product\/32830","targetHints":{"allow":["GET"]}}],"collection":[{"href":"https:\/\/megalicdb.rs\/index.php?rest_route=\/wp\/v2\/product"}],"about":[{"href":"https:\/\/megalicdb.rs\/index.php?rest_route=\/wp\/v2\/types\/product"}],"replies":[{"embeddable":true,"href":"https:\/\/megalicdb.rs\/index.php?rest_route=%2Fwp%2Fv2%2Fcomments&post=32830"}],"version-history":[{"count":1,"href":"https:\/\/megalicdb.rs\/index.php?rest_route=\/wp\/v2\/product\/32830\/revisions"}],"predecessor-version":[{"id":32832,"href":"https:\/\/megalicdb.rs\/index.php?rest_route=\/wp\/v2\/product\/32830\/revisions\/32832"}],"wp:featuredmedia":[{"embeddable":true,"href":"https:\/\/megalicdb.rs\/index.php?rest_route=\/wp\/v2\/media\/32831"}],"wp:attachment":[{"href":"https:\/\/megalicdb.rs\/index.php?rest_route=%2Fwp%2Fv2%2Fmedia&parent=32830"}],"wp:term":[{"taxonomy":"product_brand","embeddable":true,"href":"https:\/\/megalicdb.rs\/index.php?rest_route=%2Fwp%2Fv2%2Fproduct_brand&post=32830"},{"taxonomy":"product_cat","embeddable":true,"href":"https:\/\/megalicdb.rs\/index.php?rest_route=%2Fwp%2Fv2%2Fproduct_cat&post=32830"},{"taxonomy":"product_tag","embeddable":true,"href":"https:\/\/megalicdb.rs\/index.php?rest_route=%2Fwp%2Fv2%2Fproduct_tag&post=32830"}],"curies":[{"name":"wp","href":"https:\/\/api.w.org\/{rel}","templated":true}]}}