{"id":32841,"date":"2025-07-07T14:31:43","date_gmt":"2025-07-07T14:31:43","guid":{"rendered":"https:\/\/megalicdb.rs\/?post_type=product&#038;p=32841"},"modified":"2025-07-07T14:31:43","modified_gmt":"2025-07-07T14:31:43","slug":"najnormalniji-covek-na-svetu-jubilarno-izdanje-ivan-tokin","status":"publish","type":"product","link":"https:\/\/megalicdb.rs\/?product=najnormalniji-covek-na-svetu-jubilarno-izdanje-ivan-tokin","title":{"rendered":"Najnormalniji \u010dovek na svetu \u2013 jubilarno izdanje Ivan Tokin"},"content":{"rendered":"<p><em>10 GODINA \u2013 jubilarno izdanje<\/em><\/p>\n<p>U zemlji u kojoj je normalnost ve\u0107 dugo retka pojava nije \u010dudo \u0161to je roman Ivana Tokina\u00a0<em>Najnormalniji \u010dovek na svetu<\/em>\u00a0odmah po objavljivanju postao najomiljenija knjiga ovda\u0161nje publike.<\/p>\n<p>Zamislite pri\u010du o \u010doveku \u010diji se \u017eivot mo\u017ee svesti na \u0161est stavki:<\/p>\n<p>1. Imam psa.<br \/>\n2. Umem da skuvam odli\u010dan \u010dorbast pasulj sa suvim rebrima, bez zapr\u0161ke.<br \/>\n3. Imam prijateljicu na tre\u0107em spratu.<br \/>\n4. Zgodan sam, u odre\u0111enoj meri. Bled sam, ali ne izgledam lo\u0161e.<br \/>\n5. Voleo bih da imam \u017eenu da s njom jedem pasulj i da je obo\u017eavam.<br \/>\n6. Osumnji\u010den sam.<\/p>\n<p>Izme\u0111u policijskih privo\u0111enja i saslu\u0161anja, Tokinov junak vodi sasvim obi\u010dan \u017eivot u samom srcu Beograda, u kojem uspeva da radi i zaradi, pro\u0161eta se sa psom, okupa u Dunavu, da popije koju, porazgovara s lokalnim taksistom filozofom, da se fer potu\u010de, pa i da se zaljubi u svoju advokaticu. Tu su i svakodnevni razgovori s fotografijama porodice koje vi\u0161e nema, kao i \u010ditanje \u017eivotnog priru\u010dnika predaka, koji nudi kratka i precizna \u201euputstva za rukovanje samim sobom\u201c i odre\u0111eni broj neispisanih stranica koje tek treba popuniti.<\/p>\n<p>Bilo da ste se ve\u0107 upoznali s Tokinovim neobi\u010dno obi\u010dnim junakom ili ste tek na po\u010detku puta ka razumevanju \u0161ta zna\u010di posedovati normalnost kao supermo\u0107, jubilarno izdanje\u00a0<em>Najnormalnijeg \u010doveka na svetu<\/em>\u00a0\u2013 sa ekskluzivnim intervjuom u kojem nam autor otkriva tajne pisanja ovog nezaboravnog romana \u2013 pru\u017ei\u0107e vam uto\u010di\u0161te od svakodnevnog ludila.<\/p>\n","protected":false},"excerpt":{"rendered":"<p>10 GODINA \u2013 jubilarno izdanje U zemlji u kojoj je normalnost ve\u0107 dugo retka pojava nije \u010dudo \u0161to je roman<\/p>\n","protected":false},"featured_media":32842,"comment_status":"open","ping_status":"closed","template":"","meta":[],"product_brand":[],"product_cat":[324,417],"product_tag":[],"class_list":{"0":"post-32841","1":"product","2":"type-product","3":"status-publish","4":"has-post-thumbnail","6":"product_cat-knjige","7":"product_cat-knjizevnost-za-odrasle","9":"first","10":"instock","11":"taxable","12":"shipping-taxable","13":"purchasable","14":"product-type-simple"},"aioseo_notices":[],"_links":{"self":[{"href":"https:\/\/megalicdb.rs\/index.php?rest_route=\/wp\/v2\/product\/32841","targetHints":{"allow":["GET"]}}],"collection":[{"href":"https:\/\/megalicdb.rs\/index.php?rest_route=\/wp\/v2\/product"}],"about":[{"href":"https:\/\/megalicdb.rs\/index.php?rest_route=\/wp\/v2\/types\/product"}],"replies":[{"embeddable":true,"href":"https:\/\/megalicdb.rs\/index.php?rest_route=%2Fwp%2Fv2%2Fcomments&post=32841"}],"version-history":[{"count":1,"href":"https:\/\/megalicdb.rs\/index.php?rest_route=\/wp\/v2\/product\/32841\/revisions"}],"predecessor-version":[{"id":32843,"href":"https:\/\/megalicdb.rs\/index.php?rest_route=\/wp\/v2\/product\/32841\/revisions\/32843"}],"wp:featuredmedia":[{"embeddable":true,"href":"https:\/\/megalicdb.rs\/index.php?rest_route=\/wp\/v2\/media\/32842"}],"wp:attachment":[{"href":"https:\/\/megalicdb.rs\/index.php?rest_route=%2Fwp%2Fv2%2Fmedia&parent=32841"}],"wp:term":[{"taxonomy":"product_brand","embeddable":true,"href":"https:\/\/megalicdb.rs\/index.php?rest_route=%2Fwp%2Fv2%2Fproduct_brand&post=32841"},{"taxonomy":"product_cat","embeddable":true,"href":"https:\/\/megalicdb.rs\/index.php?rest_route=%2Fwp%2Fv2%2Fproduct_cat&post=32841"},{"taxonomy":"product_tag","embeddable":true,"href":"https:\/\/megalicdb.rs\/index.php?rest_route=%2Fwp%2Fv2%2Fproduct_tag&post=32841"}],"curies":[{"name":"wp","href":"https:\/\/api.w.org\/{rel}","templated":true}]}}