{"id":32844,"date":"2025-07-07T14:33:17","date_gmt":"2025-07-07T14:33:17","guid":{"rendered":"https:\/\/megalicdb.rs\/?post_type=product&#038;p=32844"},"modified":"2025-11-24T10:34:33","modified_gmt":"2025-11-24T10:34:33","slug":"naci-cu-te-harlan-koben","status":"publish","type":"product","link":"https:\/\/megalicdb.rs\/?product=naci-cu-te-harlan-koben","title":{"rendered":"Na\u0107i \u0107u te Harlan Koben"},"content":{"rendered":"<p>Nevin \u010dovek je pre pet godina po\u010deo slu\u017eiti do\u017eivotnu kaznu za ubistvo svog sina.<\/p>\n<p>Danas je saznao da mu je sin \u017eiv.<\/p>\n<p><em>Tuga retko napada spreda. Dra\u017ee joj je da ti se prikrade kad je najmanje o\u010dekuje\u0161.<br \/>\n<\/em><br \/>\nDejvid, \u0160eril i njihov trogodi\u0161nji sin Metju \u017eiveli su idili\u010dno sve do no\u0107i kad je Dejvid otkrio da mu je sin ubijen u susednoj sobi.<\/p>\n<p>Iako nevin, Dejvid je osu\u0111en za ubistvo deteta i sada slu\u017ei kaznu u zatvoru sa maksimalnim obezbe\u0111enjem. Ophrvan bolom i krivicom \u0161to nije spre\u010dio sinovljevu smrt, on je prihvatio svoju sudbinu bez volje da se bori za pravdu. U stanju letargije bi\u0107e sve dok mu u iznenadnu posetu ne do\u0111e \u0160erilina mla\u0111a sestra i poka\u017ee mu fotografiju koju joj je poslao prijatelj. Na slici je zabavni park prepun ljudi. U pozadini, na samoj ivici kadra vidi se de\u010dak koji zastra\u0161uju\u0107e li\u010di na Metjua. Iako je to nemogu\u0107e, Dejvid ose\u0107a da je njegov sin jo\u0161 \u017eiv.<\/p>\n<p>Dejvid sada ima cilj. On planira mukotrpan beg odlu\u010dan da spase sina, povrati \u010dast i otkrije istinu o svemu \u0161to se dogodilo. Rizikuju\u0107i \u017eivot svakog trenutka, s agentima FBI-ja za petama, mo\u017ee li Dejvid otkriti \u0161okantnu istinu pre nego \u0161to se ponovo na\u0111e iza re\u0161etaka?<\/p>\n","protected":false},"excerpt":{"rendered":"<p>Nevin \u010dovek je pre pet godina po\u010deo slu\u017eiti do\u017eivotnu kaznu za ubistvo svog sina. Danas je saznao da mu je<\/p>\n","protected":false},"featured_media":32845,"comment_status":"open","ping_status":"closed","template":"","meta":[],"product_brand":[],"product_cat":[416,324,417],"product_tag":[],"class_list":{"0":"post-32844","1":"product","2":"type-product","3":"status-publish","4":"has-post-thumbnail","6":"product_cat-beletristika","7":"product_cat-knjige","8":"product_cat-knjizevnost-za-odrasle","10":"first","11":"outofstock","12":"taxable","13":"shipping-taxable","14":"purchasable","15":"product-type-simple"},"aioseo_notices":[],"_links":{"self":[{"href":"https:\/\/megalicdb.rs\/index.php?rest_route=\/wp\/v2\/product\/32844","targetHints":{"allow":["GET"]}}],"collection":[{"href":"https:\/\/megalicdb.rs\/index.php?rest_route=\/wp\/v2\/product"}],"about":[{"href":"https:\/\/megalicdb.rs\/index.php?rest_route=\/wp\/v2\/types\/product"}],"replies":[{"embeddable":true,"href":"https:\/\/megalicdb.rs\/index.php?rest_route=%2Fwp%2Fv2%2Fcomments&post=32844"}],"version-history":[{"count":1,"href":"https:\/\/megalicdb.rs\/index.php?rest_route=\/wp\/v2\/product\/32844\/revisions"}],"predecessor-version":[{"id":32846,"href":"https:\/\/megalicdb.rs\/index.php?rest_route=\/wp\/v2\/product\/32844\/revisions\/32846"}],"wp:featuredmedia":[{"embeddable":true,"href":"https:\/\/megalicdb.rs\/index.php?rest_route=\/wp\/v2\/media\/32845"}],"wp:attachment":[{"href":"https:\/\/megalicdb.rs\/index.php?rest_route=%2Fwp%2Fv2%2Fmedia&parent=32844"}],"wp:term":[{"taxonomy":"product_brand","embeddable":true,"href":"https:\/\/megalicdb.rs\/index.php?rest_route=%2Fwp%2Fv2%2Fproduct_brand&post=32844"},{"taxonomy":"product_cat","embeddable":true,"href":"https:\/\/megalicdb.rs\/index.php?rest_route=%2Fwp%2Fv2%2Fproduct_cat&post=32844"},{"taxonomy":"product_tag","embeddable":true,"href":"https:\/\/megalicdb.rs\/index.php?rest_route=%2Fwp%2Fv2%2Fproduct_tag&post=32844"}],"curies":[{"name":"wp","href":"https:\/\/api.w.org\/{rel}","templated":true}]}}