{"id":32847,"date":"2025-07-07T14:35:31","date_gmt":"2025-07-07T14:35:31","guid":{"rendered":"https:\/\/megalicdb.rs\/?post_type=product&#038;p=32847"},"modified":"2025-07-07T14:35:31","modified_gmt":"2025-07-07T14:35:31","slug":"egomanijak-vaj-kiland","status":"publish","type":"product","link":"https:\/\/megalicdb.rs\/?product=egomanijak-vaj-kiland","title":{"rendered":"Egomanijak Vaj Kiland"},"content":{"rendered":"<p>Bestseler autorka\u00a0<em>New York Timesa.<br \/>\n<\/em><br \/>\n\u201eSeksi, duhovito, ispunjeno \u010dulnim u\u017eivanjima.\u201c<br \/>\n\u2013\u00a0<em>Addicted to romance<\/em><\/p>\n<p>Te no\u0107i kada sam upoznala Drua D\u017eegera, on je provalio u moju novu kancelariju na Park aveniji. Zapretila sam da \u0107u pozvati policiju pre no \u0161to sam sko\u010dila na njega uz zahvat koji sam nau\u010dila na kursu borila\u010dkih ve\u0161tina. Brzo me je savladao i nasmejao se.<\/p>\n<p>Naravno, morao je da bude nadmen jer se ispostavilo da je advokat i zakoniti korisnik mog novog poslovnog prostora. Prevarant, koji se predstavio kao vlasnik nekretnine, uspeo je da mi uzme pare unapred za kancelariju koja je ve\u0107 bila izdata. Ostala sam bez deset hiljada dolara, cele svoje u\u0161te\u0111evine.<\/p>\n<p>No Dru se ipak sa\u017ealio na mene i dao mi ponudu koju nisam mogla da odbijem. U zamenu za javljanje na telefon, po\u0161to mu je sekretarica na bolovanju, mogu da ostanem kod njega dok ne na\u0111em novu kancelariju.<\/p>\n<p>Verovatno je trebalo da iz zahvalnosti dr\u017eim jezik za zubima i da ne kritikujem savete koje daje klijentima. Ali nisam mogla da se uzdr\u017eim, morala sam da mu ka\u017eem \u0161ta mislim.<\/p>\n<p>Nisam o\u010dekivala da \u0107e moje telo tako burno reagovati svaki put kad se posva\u0111amo. Pogotovo jer je izgledalo da nam samo sva\u0111a polazi za rukom. Nas dvoje smo potpune suprotnosti. Dru je ogor\u010den, gnevan, zgodan do bola, razvaljiva\u010d veza i odnosa. A moj posao je da pomognem ljudima da spasu brak. Jedino \u0161to nam je bilo zajedni\u010dko su poslovni prostor koji smo delili i privla\u010dnost koju je svakim danom bilo sve te\u017ee pore\u0107i.<\/p>\n","protected":false},"excerpt":{"rendered":"<p>Bestseler autorka\u00a0New York Timesa. \u201eSeksi, duhovito, ispunjeno \u010dulnim u\u017eivanjima.\u201c \u2013\u00a0Addicted to romance Te no\u0107i kada sam upoznala Drua D\u017eegera, on<\/p>\n","protected":false},"featured_media":32848,"comment_status":"open","ping_status":"closed","template":"","meta":[],"product_brand":[],"product_cat":[416,324,417],"product_tag":[],"class_list":{"0":"post-32847","1":"product","2":"type-product","3":"status-publish","4":"has-post-thumbnail","6":"product_cat-beletristika","7":"product_cat-knjige","8":"product_cat-knjizevnost-za-odrasle","10":"first","11":"instock","12":"taxable","13":"shipping-taxable","14":"purchasable","15":"product-type-simple"},"aioseo_notices":[],"_links":{"self":[{"href":"https:\/\/megalicdb.rs\/index.php?rest_route=\/wp\/v2\/product\/32847","targetHints":{"allow":["GET"]}}],"collection":[{"href":"https:\/\/megalicdb.rs\/index.php?rest_route=\/wp\/v2\/product"}],"about":[{"href":"https:\/\/megalicdb.rs\/index.php?rest_route=\/wp\/v2\/types\/product"}],"replies":[{"embeddable":true,"href":"https:\/\/megalicdb.rs\/index.php?rest_route=%2Fwp%2Fv2%2Fcomments&post=32847"}],"version-history":[{"count":1,"href":"https:\/\/megalicdb.rs\/index.php?rest_route=\/wp\/v2\/product\/32847\/revisions"}],"predecessor-version":[{"id":32849,"href":"https:\/\/megalicdb.rs\/index.php?rest_route=\/wp\/v2\/product\/32847\/revisions\/32849"}],"wp:featuredmedia":[{"embeddable":true,"href":"https:\/\/megalicdb.rs\/index.php?rest_route=\/wp\/v2\/media\/32848"}],"wp:attachment":[{"href":"https:\/\/megalicdb.rs\/index.php?rest_route=%2Fwp%2Fv2%2Fmedia&parent=32847"}],"wp:term":[{"taxonomy":"product_brand","embeddable":true,"href":"https:\/\/megalicdb.rs\/index.php?rest_route=%2Fwp%2Fv2%2Fproduct_brand&post=32847"},{"taxonomy":"product_cat","embeddable":true,"href":"https:\/\/megalicdb.rs\/index.php?rest_route=%2Fwp%2Fv2%2Fproduct_cat&post=32847"},{"taxonomy":"product_tag","embeddable":true,"href":"https:\/\/megalicdb.rs\/index.php?rest_route=%2Fwp%2Fv2%2Fproduct_tag&post=32847"}],"curies":[{"name":"wp","href":"https:\/\/api.w.org\/{rel}","templated":true}]}}