{"id":32850,"date":"2025-07-07T14:37:20","date_gmt":"2025-07-07T14:37:20","guid":{"rendered":"https:\/\/megalicdb.rs\/?post_type=product&#038;p=32850"},"modified":"2025-07-07T14:37:20","modified_gmt":"2025-07-07T14:37:20","slug":"zanimljiva-istorija-srba-u-147-prica-momcilo-petrovic","status":"publish","type":"product","link":"https:\/\/megalicdb.rs\/?product=zanimljiva-istorija-srba-u-147-prica-momcilo-petrovic","title":{"rendered":"Zanimljiva istorija Srba u 147 pri\u010da Mom\u010dilo Petrovi\u0107"},"content":{"rendered":"<div>Istoriju jedne nacije ne \u010dine samo se\u0107anja na sudbonosne bitke i velike heroje.\u00a0<em>Zanimljiva istorija Srba u 147 pri\u010da<\/em>\u00a0bele\u017ei i osvetljava one doga\u0111aje i pojedince za koje u zvani\u010dnim hronikama \u010desto neopravdano nije bilo mesta.<\/p>\n<p>Kratke i upe\u010datljive pri\u010de iz ovog svojevrsnog istorijskog zabavnika dopa\u0161\u0107e se \u010ditaocima razli\u010ditih generacija i sigurno \u0107e iznenaditi nepoznatim detaljima i interesantnim \u010dinjenicama mnoge koji smatraju da dobro poznaju nacionalnu istoriju, knji\u017eevnost i dru\u0161tveno-politi\u010dke prilike.\n<\/p><\/div>\n<ul>\n<li>Za\u0161to su neki podaci skrivani, ulep\u0161avani ili falsifikovani?<\/li>\n<li>Da li je na\u0161e kolektivno se\u0107anje ipak uspelo da od zaborava sa\u010duva neke na prvi pogled sitne i neznatne detalje koji mnogo toga otkrivaju?<\/li>\n<li>Ko je Milo\u0161a Obrenovi\u0107a nau\u010dio da pije viski?<\/li>\n<li>Kako je falsifikovan govor na Njego\u0161evoj sahrani?<\/li>\n<li>Koji je general naredio prebijanje \u0110ure Jak\u0161i\u0107a?<\/li>\n<li>Kome je Radoje Domanovi\u0107 opsovao majku nad rakom Janka Veselinovi\u0107a?<\/li>\n<li>Za\u0161to su Srbi pora\u017eeni na \u010cegru?<\/li>\n<li>\u0160ta je objavljeno u novinama koje su \u0161tampane u no\u0107i uo\u010di 6. aprila 1941. godine?<\/li>\n<li>Koliko je dragocenosti \u010cer\u010dilov vojni izaslanik ukrao od \u010detnika tokom Drugog svetskog rata?<\/li>\n<li>Kako je u Srbiji ro\u0111en turizam i otkud nudizam na Savi?<\/li>\n<li>Za\u0161to vozovi u Srbiji kasne?<\/li>\n<\/ul>\n<div>\nOdgovori na ova pitanja i jo\u0161 mnogo zanimljivih i manje poznatih istorijskih podataka koji dopunjavaju zvani\u010dnu istoriju Srbije nalaze se unutar korica ove knjige.<\/div>\n","protected":false},"excerpt":{"rendered":"<p>Istoriju jedne nacije ne \u010dine samo se\u0107anja na sudbonosne bitke i velike heroje.\u00a0Zanimljiva istorija Srba u 147 pri\u010da\u00a0bele\u017ei i osvetljava<\/p>\n","protected":false},"featured_media":32851,"comment_status":"open","ping_status":"closed","template":"","meta":[],"product_brand":[],"product_cat":[324,417],"product_tag":[],"class_list":{"0":"post-32850","1":"product","2":"type-product","3":"status-publish","4":"has-post-thumbnail","6":"product_cat-knjige","7":"product_cat-knjizevnost-za-odrasle","9":"first","10":"instock","11":"taxable","12":"shipping-taxable","13":"purchasable","14":"product-type-simple"},"aioseo_notices":[],"_links":{"self":[{"href":"https:\/\/megalicdb.rs\/index.php?rest_route=\/wp\/v2\/product\/32850","targetHints":{"allow":["GET"]}}],"collection":[{"href":"https:\/\/megalicdb.rs\/index.php?rest_route=\/wp\/v2\/product"}],"about":[{"href":"https:\/\/megalicdb.rs\/index.php?rest_route=\/wp\/v2\/types\/product"}],"replies":[{"embeddable":true,"href":"https:\/\/megalicdb.rs\/index.php?rest_route=%2Fwp%2Fv2%2Fcomments&post=32850"}],"version-history":[{"count":1,"href":"https:\/\/megalicdb.rs\/index.php?rest_route=\/wp\/v2\/product\/32850\/revisions"}],"predecessor-version":[{"id":32852,"href":"https:\/\/megalicdb.rs\/index.php?rest_route=\/wp\/v2\/product\/32850\/revisions\/32852"}],"wp:featuredmedia":[{"embeddable":true,"href":"https:\/\/megalicdb.rs\/index.php?rest_route=\/wp\/v2\/media\/32851"}],"wp:attachment":[{"href":"https:\/\/megalicdb.rs\/index.php?rest_route=%2Fwp%2Fv2%2Fmedia&parent=32850"}],"wp:term":[{"taxonomy":"product_brand","embeddable":true,"href":"https:\/\/megalicdb.rs\/index.php?rest_route=%2Fwp%2Fv2%2Fproduct_brand&post=32850"},{"taxonomy":"product_cat","embeddable":true,"href":"https:\/\/megalicdb.rs\/index.php?rest_route=%2Fwp%2Fv2%2Fproduct_cat&post=32850"},{"taxonomy":"product_tag","embeddable":true,"href":"https:\/\/megalicdb.rs\/index.php?rest_route=%2Fwp%2Fv2%2Fproduct_tag&post=32850"}],"curies":[{"name":"wp","href":"https:\/\/api.w.org\/{rel}","templated":true}]}}