{"id":32853,"date":"2025-07-07T14:38:53","date_gmt":"2025-07-07T14:38:53","guid":{"rendered":"https:\/\/megalicdb.rs\/?post_type=product&#038;p=32853"},"modified":"2025-07-07T14:38:53","modified_gmt":"2025-07-07T14:38:53","slug":"gle-maca-dejvid-larosel","status":"publish","type":"product","link":"https:\/\/megalicdb.rs\/?product=gle-maca-dejvid-larosel","title":{"rendered":"Gle, maca! Dejvid Laro\u0161el"},"content":{"rendered":"<p>Ilustrovao Majk Vonutka<\/p>\n<p>\u0160ta se dogodi kad se knjiga zbuni?<\/p>\n<p>Maks nije maca \u2013 Maks je kuca! Ali i pored toga, knjiga stalno tra\u017ei od \u010ditaoca da pogleda macu. Kako \u0107e se Maks sna\u0107i u ovoj knjizi kad je PAS?<\/p>\n","protected":false},"excerpt":{"rendered":"<p>Ilustrovao Majk Vonutka \u0160ta se dogodi kad se knjiga zbuni? Maks nije maca \u2013 Maks je kuca! Ali i pored<\/p>\n","protected":false},"featured_media":32854,"comment_status":"open","ping_status":"closed","template":"","meta":[],"product_brand":[],"product_cat":[324,343],"product_tag":[],"class_list":{"0":"post-32853","1":"product","2":"type-product","3":"status-publish","4":"has-post-thumbnail","6":"product_cat-knjige","7":"product_cat-knjizevnost-za-decu","9":"first","10":"instock","11":"taxable","12":"shipping-taxable","13":"purchasable","14":"product-type-simple"},"aioseo_notices":[],"_links":{"self":[{"href":"https:\/\/megalicdb.rs\/index.php?rest_route=\/wp\/v2\/product\/32853","targetHints":{"allow":["GET"]}}],"collection":[{"href":"https:\/\/megalicdb.rs\/index.php?rest_route=\/wp\/v2\/product"}],"about":[{"href":"https:\/\/megalicdb.rs\/index.php?rest_route=\/wp\/v2\/types\/product"}],"replies":[{"embeddable":true,"href":"https:\/\/megalicdb.rs\/index.php?rest_route=%2Fwp%2Fv2%2Fcomments&post=32853"}],"version-history":[{"count":1,"href":"https:\/\/megalicdb.rs\/index.php?rest_route=\/wp\/v2\/product\/32853\/revisions"}],"predecessor-version":[{"id":32855,"href":"https:\/\/megalicdb.rs\/index.php?rest_route=\/wp\/v2\/product\/32853\/revisions\/32855"}],"wp:featuredmedia":[{"embeddable":true,"href":"https:\/\/megalicdb.rs\/index.php?rest_route=\/wp\/v2\/media\/32854"}],"wp:attachment":[{"href":"https:\/\/megalicdb.rs\/index.php?rest_route=%2Fwp%2Fv2%2Fmedia&parent=32853"}],"wp:term":[{"taxonomy":"product_brand","embeddable":true,"href":"https:\/\/megalicdb.rs\/index.php?rest_route=%2Fwp%2Fv2%2Fproduct_brand&post=32853"},{"taxonomy":"product_cat","embeddable":true,"href":"https:\/\/megalicdb.rs\/index.php?rest_route=%2Fwp%2Fv2%2Fproduct_cat&post=32853"},{"taxonomy":"product_tag","embeddable":true,"href":"https:\/\/megalicdb.rs\/index.php?rest_route=%2Fwp%2Fv2%2Fproduct_tag&post=32853"}],"curies":[{"name":"wp","href":"https:\/\/api.w.org\/{rel}","templated":true}]}}