{"id":32859,"date":"2025-07-07T14:43:10","date_gmt":"2025-07-07T14:43:10","guid":{"rendered":"https:\/\/megalicdb.rs\/?post_type=product&#038;p=32859"},"modified":"2025-07-07T14:43:10","modified_gmt":"2025-07-07T14:43:10","slug":"slikovnica-dunav-magicna-reka-mihal-hvorecki-simona-smatana","status":"publish","type":"product","link":"https:\/\/megalicdb.rs\/?product=slikovnica-dunav-magicna-reka-mihal-hvorecki-simona-smatana","title":{"rendered":"Slikovnica \u2013 Dunav: Magi\u010dna reka Mihal Hvorecki, Simona Smatana"},"content":{"rendered":"<h2>Slikovnica za male \u0161kolarce.<\/h2>\n<div>\nZaroni u magi\u010dnu reku i pusti da te pri\u010da nosi. Zaplivaj s morunom, najve\u0107om re\u010dnom ribom, i otkrij kakve sve tajne krije druga najdu\u017ea reka u Evropi. Upoznaj i \u010duvaj Dunav kako ne bi postao samo pri\u010da koju pripoveda jedna stara moruna&#8230;<\/div>\n","protected":false},"excerpt":{"rendered":"<p>Slikovnica za male \u0161kolarce. Zaroni u magi\u010dnu reku i pusti da te pri\u010da nosi. Zaplivaj s morunom, najve\u0107om re\u010dnom ribom,<\/p>\n","protected":false},"featured_media":32860,"comment_status":"open","ping_status":"closed","template":"","meta":[],"product_brand":[],"product_cat":[324,343],"product_tag":[],"class_list":{"0":"post-32859","1":"product","2":"type-product","3":"status-publish","4":"has-post-thumbnail","6":"product_cat-knjige","7":"product_cat-knjizevnost-za-decu","9":"first","10":"instock","11":"taxable","12":"shipping-taxable","13":"purchasable","14":"product-type-simple"},"aioseo_notices":[],"_links":{"self":[{"href":"https:\/\/megalicdb.rs\/index.php?rest_route=\/wp\/v2\/product\/32859","targetHints":{"allow":["GET"]}}],"collection":[{"href":"https:\/\/megalicdb.rs\/index.php?rest_route=\/wp\/v2\/product"}],"about":[{"href":"https:\/\/megalicdb.rs\/index.php?rest_route=\/wp\/v2\/types\/product"}],"replies":[{"embeddable":true,"href":"https:\/\/megalicdb.rs\/index.php?rest_route=%2Fwp%2Fv2%2Fcomments&post=32859"}],"version-history":[{"count":1,"href":"https:\/\/megalicdb.rs\/index.php?rest_route=\/wp\/v2\/product\/32859\/revisions"}],"predecessor-version":[{"id":32861,"href":"https:\/\/megalicdb.rs\/index.php?rest_route=\/wp\/v2\/product\/32859\/revisions\/32861"}],"wp:featuredmedia":[{"embeddable":true,"href":"https:\/\/megalicdb.rs\/index.php?rest_route=\/wp\/v2\/media\/32860"}],"wp:attachment":[{"href":"https:\/\/megalicdb.rs\/index.php?rest_route=%2Fwp%2Fv2%2Fmedia&parent=32859"}],"wp:term":[{"taxonomy":"product_brand","embeddable":true,"href":"https:\/\/megalicdb.rs\/index.php?rest_route=%2Fwp%2Fv2%2Fproduct_brand&post=32859"},{"taxonomy":"product_cat","embeddable":true,"href":"https:\/\/megalicdb.rs\/index.php?rest_route=%2Fwp%2Fv2%2Fproduct_cat&post=32859"},{"taxonomy":"product_tag","embeddable":true,"href":"https:\/\/megalicdb.rs\/index.php?rest_route=%2Fwp%2Fv2%2Fproduct_tag&post=32859"}],"curies":[{"name":"wp","href":"https:\/\/api.w.org\/{rel}","templated":true}]}}