{"id":32862,"date":"2025-07-07T14:44:39","date_gmt":"2025-07-07T14:44:39","guid":{"rendered":"https:\/\/megalicdb.rs\/?post_type=product&#038;p=32862"},"modified":"2025-07-07T14:44:39","modified_gmt":"2025-07-07T14:44:39","slug":"jasno-kao-dan-anjes-marten-ligan","status":"publish","type":"product","link":"https:\/\/megalicdb.rs\/?product=jasno-kao-dan-anjes-marten-ligan","title":{"rendered":"Jasno kao dan Anjes Marten-Ligan"},"content":{"rendered":"<p>Autorka bestselera\u00a0<em>Sre\u0107ni ljudi \u010ditaju i piju kafu.<\/em><\/p>\n<p>\u201eRoman koji se \u017eudno \u010dita i postavlja \u017eivotna pitanja.\u201c<br \/>\n<em>\u2013 Paris Match<br \/>\n<\/em><br \/>\nRen vodi unosan posao sa svojim prijateljem Polom i ima divnog sedamnaestogodi\u0161njeg sina Noja, koga je sama podigla. Sre\u0107na je i ispunjena, sve do jednog poslovnog sastanka tokom koga upoznaje Pakoma, koji je magnetski privla\u010di. Ubrzo sre\u0107e njegovog poslovnog partnera Nikolu\u2026 Sedamnaest godina pre tog susreta Nikola je oti\u0161ao u Indiju i ostavio Ren, ne znaju\u0107i da je ona trudna. Istina \u0107e morati da iza\u0111e na videlo, a Noje, koji je rastao bez oca, odjednom \u0107e se suo\u010diti sa tri razli\u010dite o\u010dinske figure.<\/p>\n<p>Porodi\u010dni odnosi se komplikuju dok Ren preispituje svoja ose\u0107anja, novonastalu situaciju i sve promene izazvane neo\u010dekivanim susretom sa Nikolom i njegovom porodicom. Suze, bes, beg od ku\u0107e, kompromisi i solidarnost pro\u017eimaju ovu sentimentalnu pri\u010du koja \u010ditaoca okrepljuje i uverava da sve tajne jednog dana moraju biti razotkrivene.<\/p>\n<p>\u201eSve \u0161to volimo kod Anjes Marten-Ligan nalazi se u ovom romanu: junakinja sa bogatom pro\u0161lo\u0161\u0107u, ali i svetlom budu\u0107no\u0161\u0107u, bajkovita ljubavna pri\u010da, ugla\u0111eni mu\u0161ki likovi koje volimo uprkos njihovim manama i krhkosti, ali i sve one sitnice \u0161to \u017eivot zna\u010de kao \u0161to su miris vrele kafe, ispijanje vina uz smeh i suze, duvanski dim koji obavija besane no\u0107i, i dijalozi \u010diji nam ton zvu\u010di tako blisko.\u201c<br \/>\n\u2013\u00a0<em>Elle<\/em><\/p>\n<p>\u201eInspirisanu \u017eeljom da pi\u0161e o tajnama sa kojima je te\u0161ko \u017eiveti, Anjes privla\u010de intima i psiholo\u0161ke nijanse u karakteru njenih junaka, zbog \u010dega je njeno pero rasko\u0161na lepeza zadivljuju\u0107ih ose\u0107anja.\u201c<br \/>\n\u2013 journaldequebec.com<\/p>\n<p>\u201ePri\u010da koja odzvanja ljubavlju i ose\u0107ajno\u0161\u0107u.\u201c<br \/>\n\u2013\u00a0<em>\u00c9vasion polar<\/em><\/p>\n","protected":false},"excerpt":{"rendered":"<p>Autorka bestselera\u00a0Sre\u0107ni ljudi \u010ditaju i piju kafu. \u201eRoman koji se \u017eudno \u010dita i postavlja \u017eivotna pitanja.\u201c \u2013 Paris Match Ren<\/p>\n","protected":false},"featured_media":32863,"comment_status":"open","ping_status":"closed","template":"","meta":[],"product_brand":[],"product_cat":[416,324,417],"product_tag":[],"class_list":{"0":"post-32862","1":"product","2":"type-product","3":"status-publish","4":"has-post-thumbnail","6":"product_cat-beletristika","7":"product_cat-knjige","8":"product_cat-knjizevnost-za-odrasle","10":"first","11":"instock","12":"taxable","13":"shipping-taxable","14":"purchasable","15":"product-type-simple"},"aioseo_notices":[],"_links":{"self":[{"href":"https:\/\/megalicdb.rs\/index.php?rest_route=\/wp\/v2\/product\/32862","targetHints":{"allow":["GET"]}}],"collection":[{"href":"https:\/\/megalicdb.rs\/index.php?rest_route=\/wp\/v2\/product"}],"about":[{"href":"https:\/\/megalicdb.rs\/index.php?rest_route=\/wp\/v2\/types\/product"}],"replies":[{"embeddable":true,"href":"https:\/\/megalicdb.rs\/index.php?rest_route=%2Fwp%2Fv2%2Fcomments&post=32862"}],"version-history":[{"count":1,"href":"https:\/\/megalicdb.rs\/index.php?rest_route=\/wp\/v2\/product\/32862\/revisions"}],"predecessor-version":[{"id":32864,"href":"https:\/\/megalicdb.rs\/index.php?rest_route=\/wp\/v2\/product\/32862\/revisions\/32864"}],"wp:featuredmedia":[{"embeddable":true,"href":"https:\/\/megalicdb.rs\/index.php?rest_route=\/wp\/v2\/media\/32863"}],"wp:attachment":[{"href":"https:\/\/megalicdb.rs\/index.php?rest_route=%2Fwp%2Fv2%2Fmedia&parent=32862"}],"wp:term":[{"taxonomy":"product_brand","embeddable":true,"href":"https:\/\/megalicdb.rs\/index.php?rest_route=%2Fwp%2Fv2%2Fproduct_brand&post=32862"},{"taxonomy":"product_cat","embeddable":true,"href":"https:\/\/megalicdb.rs\/index.php?rest_route=%2Fwp%2Fv2%2Fproduct_cat&post=32862"},{"taxonomy":"product_tag","embeddable":true,"href":"https:\/\/megalicdb.rs\/index.php?rest_route=%2Fwp%2Fv2%2Fproduct_tag&post=32862"}],"curies":[{"name":"wp","href":"https:\/\/api.w.org\/{rel}","templated":true}]}}