{"id":32865,"date":"2025-07-07T14:51:58","date_gmt":"2025-07-07T14:51:58","guid":{"rendered":"https:\/\/megalicdb.rs\/?post_type=product&#038;p=32865"},"modified":"2025-07-07T14:51:58","modified_gmt":"2025-07-07T14:51:58","slug":"povratak-kuci-kejt-morton","status":"publish","type":"product","link":"https:\/\/megalicdb.rs\/?product=povratak-kuci-kejt-morton","title":{"rendered":"Povratak ku\u0107i Kejt Morton"},"content":{"rendered":"<p>Bestseler\u00a0<em>New York Timesa<\/em>,\u00a0<em>Sunday Timesa<\/em>,\u00a0<em>El Paisa<\/em><\/p>\n<p>\u201eNajbolji roman Kejt Morton do sada.\u201c<br \/>\n\u2013\u00a0<em>Publishers Weekly<\/em><\/p>\n<p>Adelejd Hils, Ju\u017ena Australija, Nova godina 1959. U predve\u010derje vrelog dana, nedaleko od velike seoske ku\u0107e jedan \u010dovek je slu\u010dajno otkrio u\u017easan zlo\u010din. Pozvana je policija, i mali grad Tambila biva upleten u jednu od najzagonetnijih istraga ubistva u istoriji Ju\u017ene Australije.<\/p>\n<p>London 2018. Nezaposlena novinarka D\u017ees u potrazi je za dobrom pri\u010dom kada je jedan telefonski poziv primorava da hitno do\u0111e u Sidnej. Njena baka Nora, koja ju je odgajala umesto majke, te\u0161ko je bolesna. U Norinoj kuc\u0301i D\u017ees otkriva knjigu o zlo\u010dinu nad porodicom Tarner iz 1959. Prelistavaju\u0107i njene stranice, D\u017ees pronalazi \u0161okantnu vezu izme\u0111u svoje porodice i tragi\u010dnog doga\u0111aja koji nikada nije u potpunosti razre\u0161en.<\/p>\n<p>Ova epska pri\u010da, koja obuhvata dva kontinenta i tri generacije, preispituje snagu ljubavi: \u0161ta bismo uradili za one koje volimo, kako se branimo la\u017eima i \u0161ta zna\u010di povratak korenima.<\/p>\n<p>\u201eIzuzetna ve\u0161tina Kejt Morton da preplete dva toka pri\u010de ovde je na vrhuncu. Pomisli\u0107ete da ste pronikli u vezu izme\u0111u glavnog toka radnje i knjige koju D\u017ees pronalazi, ali autorka \u010duva tajne koje \u0107e izazvati vatromet emocija na samom kraju.\u201c<br \/>\n\u2013\u00a0<em>Booklist<\/em><\/p>\n<p>\u201eU\u017eiva\u0107ete dok budete sklapali deli\u0107e ove misteriozne slagalice. Kako se roman pribli\u017eava kraju, ima\u0107ete utisak da znate \u0161ta vas tamo \u010deka, ali \u0107e vas napetost i neverovatna otkri\u0107a iznenaditi.\u201c<br \/>\n\u2013\u00a0<em>Bookpage<\/em><\/p>\n","protected":false},"excerpt":{"rendered":"<p>Bestseler\u00a0New York Timesa,\u00a0Sunday Timesa,\u00a0El Paisa \u201eNajbolji roman Kejt Morton do sada.\u201c \u2013\u00a0Publishers Weekly Adelejd Hils, Ju\u017ena Australija, Nova godina 1959.<\/p>\n","protected":false},"featured_media":32866,"comment_status":"open","ping_status":"closed","template":"","meta":[],"product_brand":[],"product_cat":[416,324,417],"product_tag":[],"class_list":{"0":"post-32865","1":"product","2":"type-product","3":"status-publish","4":"has-post-thumbnail","6":"product_cat-beletristika","7":"product_cat-knjige","8":"product_cat-knjizevnost-za-odrasle","10":"first","11":"instock","12":"taxable","13":"shipping-taxable","14":"purchasable","15":"product-type-simple"},"aioseo_notices":[],"_links":{"self":[{"href":"https:\/\/megalicdb.rs\/index.php?rest_route=\/wp\/v2\/product\/32865","targetHints":{"allow":["GET"]}}],"collection":[{"href":"https:\/\/megalicdb.rs\/index.php?rest_route=\/wp\/v2\/product"}],"about":[{"href":"https:\/\/megalicdb.rs\/index.php?rest_route=\/wp\/v2\/types\/product"}],"replies":[{"embeddable":true,"href":"https:\/\/megalicdb.rs\/index.php?rest_route=%2Fwp%2Fv2%2Fcomments&post=32865"}],"version-history":[{"count":1,"href":"https:\/\/megalicdb.rs\/index.php?rest_route=\/wp\/v2\/product\/32865\/revisions"}],"predecessor-version":[{"id":32867,"href":"https:\/\/megalicdb.rs\/index.php?rest_route=\/wp\/v2\/product\/32865\/revisions\/32867"}],"wp:featuredmedia":[{"embeddable":true,"href":"https:\/\/megalicdb.rs\/index.php?rest_route=\/wp\/v2\/media\/32866"}],"wp:attachment":[{"href":"https:\/\/megalicdb.rs\/index.php?rest_route=%2Fwp%2Fv2%2Fmedia&parent=32865"}],"wp:term":[{"taxonomy":"product_brand","embeddable":true,"href":"https:\/\/megalicdb.rs\/index.php?rest_route=%2Fwp%2Fv2%2Fproduct_brand&post=32865"},{"taxonomy":"product_cat","embeddable":true,"href":"https:\/\/megalicdb.rs\/index.php?rest_route=%2Fwp%2Fv2%2Fproduct_cat&post=32865"},{"taxonomy":"product_tag","embeddable":true,"href":"https:\/\/megalicdb.rs\/index.php?rest_route=%2Fwp%2Fv2%2Fproduct_tag&post=32865"}],"curies":[{"name":"wp","href":"https:\/\/api.w.org\/{rel}","templated":true}]}}