{"id":32868,"date":"2025-07-07T14:58:19","date_gmt":"2025-07-07T14:58:19","guid":{"rendered":"https:\/\/megalicdb.rs\/?post_type=product&#038;p=32868"},"modified":"2025-07-07T14:58:19","modified_gmt":"2025-07-07T14:58:19","slug":"kada-si-otisao-megi-ofarel","status":"publish","type":"product","link":"https:\/\/megalicdb.rs\/?product=kada-si-otisao-megi-ofarel","title":{"rendered":"Kada si oti\u0161ao Megi O\u2019Farel"},"content":{"rendered":"<p>Dobitnica\u00a0<em>Woman\u2019s Prize<\/em><\/p>\n<p>Od autorke bestselera\u00a0<em>Daljina me\u0111u nama<\/em>,\u00a0<em>Mora da je ovo to mesto<\/em>\u00a0i\u00a0<em>Hamnet<\/em><\/p>\n<p><em>\u0160ta da radi\u0161 sa svom ljubavlju prema nekome koga vi\u0161e nema?<br \/>\n<\/em><br \/>\nElis Rajks, mlada, povu\u010dena i pomalo smetena \u017eena, ukrcava se na voz za \u0160kotsku ne bi li posetila svoju porodicu. Na edinbur\u0161koj stanici sa\u010deka\u0107e je sestre, ali s njima ne\u0107e provesti ni pet minuta, a vide\u0107e ne\u0161to \u010dudno, neo\u010dekivano i mu\u010dno, ne\u0161to zbog \u010dega \u0107e se prvim slede\u0107im vozom vratiti u London, a zatim nesmotreno (ili mo\u017eda namerno) zakora\u010diti na ulicu me\u0111u automobile i do\u017eiveti saobra\u0107ajnu nesre\u0107u. Dok porodica bdi pored njene bolni\u010dke postelje, Elisinom sve\u0161\u0107u prolazi bujica se\u0107anja, slika, glasova iz njene pro\u0161losti i sada\u0161njosti.<\/p>\n<p>Prate\u0107i Elisino mentalno putovanje, mi polako otkrivamo tajne njene porodice i njenog srca. Ova potresna pri\u010da o ljubavi, gubitku i odlukama koje mogu odjekivati generacijama, ispri\u010dana neobi\u010dno i zavodljivo poput svetlosti koja mami leptirice, pa\u017eljiva je studija najdubljih i najja\u010dih ljudskih ose\u0107anja.<\/p>\n<p>\u201ePostoje knjige za koje, nakon \u0161to ih pro\u010ditate, shvatite da ste ih \u010dekali godinama. Ovo je jedna od takvih. Knjiga koja \u0107e vam promeniti \u017eivot&#8230;\u201c<br \/>\n\u2013 amazon.co.uk<\/p>\n<p>\u201eRoman O&#8217;Farelove \u010dita se u jednom dahu. Predivno napisana pri\u010da o odrastanju, zaljubljivanju i o jo\u0161 mnogo \u010demu va\u017enom. Naracija nas krivudavim putem dovodi do raspleta od koga zastaje srce. Jezik je predivan, pripovedanje originalno i \u0161armantno.\u201c<br \/>\n\u2013\u00a0<em>Independent<\/em><\/p>\n<p>\u201eDivno zami\u0161ljena pri\u010da o porodi\u010dnoj istoriji, religiji, rastajanju i smrti, a sve to povezano je jednom strasnom ljubavnom pri\u010dom.\u201c<br \/>\n\u2013\u00a0<em>Guardian<\/em><\/p>\n","protected":false},"excerpt":{"rendered":"<p>Dobitnica\u00a0Woman\u2019s Prize Od autorke bestselera\u00a0Daljina me\u0111u nama,\u00a0Mora da je ovo to mesto\u00a0i\u00a0Hamnet \u0160ta da radi\u0161 sa svom ljubavlju prema nekome<\/p>\n","protected":false},"featured_media":32869,"comment_status":"open","ping_status":"closed","template":"","meta":[],"product_brand":[],"product_cat":[416,324,417],"product_tag":[],"class_list":{"0":"post-32868","1":"product","2":"type-product","3":"status-publish","4":"has-post-thumbnail","6":"product_cat-beletristika","7":"product_cat-knjige","8":"product_cat-knjizevnost-za-odrasle","10":"first","11":"instock","12":"taxable","13":"shipping-taxable","14":"purchasable","15":"product-type-simple"},"aioseo_notices":[],"_links":{"self":[{"href":"https:\/\/megalicdb.rs\/index.php?rest_route=\/wp\/v2\/product\/32868","targetHints":{"allow":["GET"]}}],"collection":[{"href":"https:\/\/megalicdb.rs\/index.php?rest_route=\/wp\/v2\/product"}],"about":[{"href":"https:\/\/megalicdb.rs\/index.php?rest_route=\/wp\/v2\/types\/product"}],"replies":[{"embeddable":true,"href":"https:\/\/megalicdb.rs\/index.php?rest_route=%2Fwp%2Fv2%2Fcomments&post=32868"}],"version-history":[{"count":1,"href":"https:\/\/megalicdb.rs\/index.php?rest_route=\/wp\/v2\/product\/32868\/revisions"}],"predecessor-version":[{"id":32870,"href":"https:\/\/megalicdb.rs\/index.php?rest_route=\/wp\/v2\/product\/32868\/revisions\/32870"}],"wp:featuredmedia":[{"embeddable":true,"href":"https:\/\/megalicdb.rs\/index.php?rest_route=\/wp\/v2\/media\/32869"}],"wp:attachment":[{"href":"https:\/\/megalicdb.rs\/index.php?rest_route=%2Fwp%2Fv2%2Fmedia&parent=32868"}],"wp:term":[{"taxonomy":"product_brand","embeddable":true,"href":"https:\/\/megalicdb.rs\/index.php?rest_route=%2Fwp%2Fv2%2Fproduct_brand&post=32868"},{"taxonomy":"product_cat","embeddable":true,"href":"https:\/\/megalicdb.rs\/index.php?rest_route=%2Fwp%2Fv2%2Fproduct_cat&post=32868"},{"taxonomy":"product_tag","embeddable":true,"href":"https:\/\/megalicdb.rs\/index.php?rest_route=%2Fwp%2Fv2%2Fproduct_tag&post=32868"}],"curies":[{"name":"wp","href":"https:\/\/api.w.org\/{rel}","templated":true}]}}