{"id":32892,"date":"2025-07-07T15:35:33","date_gmt":"2025-07-07T15:35:33","guid":{"rendered":"https:\/\/megalicdb.rs\/?post_type=product&#038;p=32892"},"modified":"2025-07-07T15:35:34","modified_gmt":"2025-07-07T15:35:34","slug":"julijan-ivan-ivanji","status":"publish","type":"product","link":"https:\/\/megalicdb.rs\/?product=julijan-ivan-ivanji","title":{"rendered":"Julijan Ivan Ivanji"},"content":{"rendered":"<p>\u017divotopis rimskog imperatora i filozofa koga su hri\u0161\u0107ani proglasili za otpadnika.<\/p>\n<p>Istorijski roman\u00a0<em>Julijan<\/em>, pored romana\u00a0<em>Konstantin<\/em>\u00a0i\u00a0<em>Dioklecijan<\/em>, spada u opus magnum Ivana Ivanjija jer verodostojno i uverljivo o\u017eivljava vreme i okolnosti u kojima se u Rimskom carstvu \u0161irila i ustoli\u010dila nova religija Hristovih sledbenika.<\/p>\n<p>Poslednji roman iz Ivanjijeve trilogije o rimskim carevima poteklom sa na\u0161ih prostora, Julijan je pri\u010da o nadarenom i obrazovanom vladaru koji je poslednji poku\u0161ao nemogu\u0107e: da u Rimsko carstvo vrati mnogobo\u017ea\u010dku religiju predaka, zbog \u010dega je bio anatemisan i prozvan Apostata (otpadnik).<\/p>\n<p>\u201eKod ovog rimskog imperatora ima ne\u010deg univerzalnog u mehanizmu vlasti: oko njega su bili ljudi koji su pod Dioklecijanom proganjali hri\u0161\u0107ane, pa su pod Konstantinom postali dobri hri\u0161\u0107ani, a pod Julijanom su opet ustali protiv njih\u201c, ka\u017ee pisac u jednom osvrtu na roman. Julijan je \u017eiveo samo 27 godina, politikom je po\u010deo da se bavi kasno, sa dvadesetak godina, jer je prvo hteo da bude sve\u0161tenik pa onda filozof, a i sam je pisao neoplatonske rasprave. Nespreman je postao vojskovo\u0111a, u\u0161ao je u Galiju i dobijao bitke \u010ditaju\u0107i Cezara i, na kraju, prevaren i izdat, poginuo herojskom smr\u0107u prilikom opsade persijskog grada Ktesifona na Tigru.<\/p>\n<p>Njegove mladi\u0107ke godine u Atini, kada se posvetio prou\u010davanju helenske knji\u017eevnosti i filozofije i dru\u017eio sa najzna\u010dajnijim misliocima i umetnicima onoga vremena, njegova pravi\u010dnost, uzdr\u017eanost i skromnost kao rimskog cezara, \u201edostojnog da vlada drugima jer je umeo da vlada sobom\u201c, i nadasve njegov kratak a bogat i ispunjen \u017eivot \u2013 najvi\u0161e su razgorevali ma\u0161tu pokolenja jer je Julijan, od svih stotinak rimskih careva, bio jedini koji svojim plemenitim pregnu\u0107ima i kratkotrajnom vladavinom ostao upam\u0107en kao najtragi\u010dniji i najplemenitiji me\u0111u rimskim carevima.<\/p>\n","protected":false},"excerpt":{"rendered":"<p>\u017divotopis rimskog imperatora i filozofa koga su hri\u0161\u0107ani proglasili za otpadnika. Istorijski roman\u00a0Julijan, pored romana\u00a0Konstantin\u00a0i\u00a0Dioklecijan, spada u opus magnum Ivana<\/p>\n","protected":false},"featured_media":32893,"comment_status":"open","ping_status":"closed","template":"","meta":[],"product_brand":[],"product_cat":[324,417],"product_tag":[],"class_list":{"0":"post-32892","1":"product","2":"type-product","3":"status-publish","4":"has-post-thumbnail","6":"product_cat-knjige","7":"product_cat-knjizevnost-za-odrasle","9":"first","10":"instock","11":"taxable","12":"shipping-taxable","13":"purchasable","14":"product-type-simple"},"aioseo_notices":[],"_links":{"self":[{"href":"https:\/\/megalicdb.rs\/index.php?rest_route=\/wp\/v2\/product\/32892","targetHints":{"allow":["GET"]}}],"collection":[{"href":"https:\/\/megalicdb.rs\/index.php?rest_route=\/wp\/v2\/product"}],"about":[{"href":"https:\/\/megalicdb.rs\/index.php?rest_route=\/wp\/v2\/types\/product"}],"replies":[{"embeddable":true,"href":"https:\/\/megalicdb.rs\/index.php?rest_route=%2Fwp%2Fv2%2Fcomments&post=32892"}],"version-history":[{"count":1,"href":"https:\/\/megalicdb.rs\/index.php?rest_route=\/wp\/v2\/product\/32892\/revisions"}],"predecessor-version":[{"id":32894,"href":"https:\/\/megalicdb.rs\/index.php?rest_route=\/wp\/v2\/product\/32892\/revisions\/32894"}],"wp:featuredmedia":[{"embeddable":true,"href":"https:\/\/megalicdb.rs\/index.php?rest_route=\/wp\/v2\/media\/32893"}],"wp:attachment":[{"href":"https:\/\/megalicdb.rs\/index.php?rest_route=%2Fwp%2Fv2%2Fmedia&parent=32892"}],"wp:term":[{"taxonomy":"product_brand","embeddable":true,"href":"https:\/\/megalicdb.rs\/index.php?rest_route=%2Fwp%2Fv2%2Fproduct_brand&post=32892"},{"taxonomy":"product_cat","embeddable":true,"href":"https:\/\/megalicdb.rs\/index.php?rest_route=%2Fwp%2Fv2%2Fproduct_cat&post=32892"},{"taxonomy":"product_tag","embeddable":true,"href":"https:\/\/megalicdb.rs\/index.php?rest_route=%2Fwp%2Fv2%2Fproduct_tag&post=32892"}],"curies":[{"name":"wp","href":"https:\/\/api.w.org\/{rel}","templated":true}]}}