{"id":32896,"date":"2025-07-07T15:38:13","date_gmt":"2025-07-07T15:38:13","guid":{"rendered":"https:\/\/megalicdb.rs\/?post_type=product&#038;p=32896"},"modified":"2025-07-07T15:38:13","modified_gmt":"2025-07-07T15:38:13","slug":"covek-po-imenu-uve-fredrik-bakman","status":"publish","type":"product","link":"https:\/\/megalicdb.rs\/?product=covek-po-imenu-uve-fredrik-bakman","title":{"rendered":"\u010covek po imenu Uve Fredrik Bakman"},"content":{"rendered":"<p>Prodato u vi\u0161e od 4.000.000 primeraka \u0161irom sveta!<\/p>\n<p>\u201eIzvanredno! Smeja\u0107ete se, plakati i otkriti saose\u0107anje za d\u017eangrizala u svom \u017eivotu. Tako\u0111e, po\u017eele\u0107ete da se odselite u Skandinaviju, gde je sve nekako simpati\u010dnije.\u201c\u00a0<em>People<\/p>\n<p><\/em>Bestseler\u00a0<em>New York Timesa\u00a0<\/em>koji je napre\u010dac osvojio svet!<br \/>\n<em><br \/>\n<\/em>Upoznajte Uvea. On je d\u017eangrizalo \u2013 jedan od onih koji upiru prstom u ljude koji mu se ne dopadaju kao da su provalnici zate\u010deni pod njegovim prozorom. Svakog jutra Uve ide u inspekciju po naselju u kom \u017eivi. Preme\u0161ta bicikle i proverava da li je \u0111ubre pravilno razvrstano \u2013 iako je ve\u0107 nekoliko godina pro\u0161lo otkako je razre\u0161en du\u017enosti predsednika ku\u0107nog saveta. Ili otkako je \u201eizvr\u0161en prevrat\u201c, kako Uve govori o tome. Ljudi ga zovu \u201eogor\u010denim kom\u0161ijom iz pakla\u201c. Ali zar Uve mora da bude ogor\u010den samo zbog toga \u0161to ne \u0161eta okolo sa osmehom zalepljenim na lice?<\/p>\n<p>Me\u0111utim, iza njegove mrzovolje i pedanterije skriva se jedna pri\u010da i mnogo tuge&#8230; I tako, kada kom\u0161ije koje se useljavaju u susednu ku\u0107u jednog novembarskog dana slu\u010dajno uni\u0161te Uveovo po\u0161tansko sandu\u010de, iznenada po\u010dinje topla pri\u010da o odrpanim ma\u010dkama, neo\u010dekivanom prijateljstvu i drevnoj ve\u0161tini vo\u017enje auta sa prikolicom. Pri\u010da koja \u0107e su\u0161tinski promeniti jednog \u010doveka i jedno udru\u017eenje stanara.<em><br \/>\n<\/em><br \/>\n\u201eBakmanova vedra pri\u010da o ogor\u010denom starom kom\u0161iji ujedno je i veoma promi\u0161ljeno istra\u017eivanje o tome kako ne\u010diji \u017eivot mo\u017ee imati sna\u017ean uticaj na bezbroj drugih. Da postoji nagrada za naj\u0161armantniju knjigu godine, ovaj roman \u0161vedskog blogera koji se preko no\u0107i pretvorio u senzaciju dobio bi je bez ikakve sumnje.\u201c\u00a0<em>Booklist<br \/>\n<\/em><br \/>\n\u201e<em>\u010covek po imenu Uve<\/em>\u00a0je izuzetan. Lirski jezik je poput konfeta slobodno razbacan \u0161irom ove pri\u010de koja slavi \u017eivot, dodaju\u0107i sjaj i boje ionako spektakularnoj zabavi. Bakmanovi likovi deluju toliko autenti\u010dno da \u0107e \u010ditalac verovatno prona\u0107i njihove dvojnike u sopstvenom kom\u0161iluku.\u201c\u00a0<em>Shelf Awareness<\/em><\/p>\n","protected":false},"excerpt":{"rendered":"<p>Prodato u vi\u0161e od 4.000.000 primeraka \u0161irom sveta! \u201eIzvanredno! Smeja\u0107ete se, plakati i otkriti saose\u0107anje za d\u017eangrizala u svom \u017eivotu.<\/p>\n","protected":false},"featured_media":32897,"comment_status":"open","ping_status":"closed","template":"","meta":[],"product_brand":[],"product_cat":[324,417],"product_tag":[],"class_list":{"0":"post-32896","1":"product","2":"type-product","3":"status-publish","4":"has-post-thumbnail","6":"product_cat-knjige","7":"product_cat-knjizevnost-za-odrasle","9":"first","10":"instock","11":"taxable","12":"shipping-taxable","13":"purchasable","14":"product-type-simple"},"aioseo_notices":[],"_links":{"self":[{"href":"https:\/\/megalicdb.rs\/index.php?rest_route=\/wp\/v2\/product\/32896","targetHints":{"allow":["GET"]}}],"collection":[{"href":"https:\/\/megalicdb.rs\/index.php?rest_route=\/wp\/v2\/product"}],"about":[{"href":"https:\/\/megalicdb.rs\/index.php?rest_route=\/wp\/v2\/types\/product"}],"replies":[{"embeddable":true,"href":"https:\/\/megalicdb.rs\/index.php?rest_route=%2Fwp%2Fv2%2Fcomments&post=32896"}],"version-history":[{"count":1,"href":"https:\/\/megalicdb.rs\/index.php?rest_route=\/wp\/v2\/product\/32896\/revisions"}],"predecessor-version":[{"id":32898,"href":"https:\/\/megalicdb.rs\/index.php?rest_route=\/wp\/v2\/product\/32896\/revisions\/32898"}],"wp:featuredmedia":[{"embeddable":true,"href":"https:\/\/megalicdb.rs\/index.php?rest_route=\/wp\/v2\/media\/32897"}],"wp:attachment":[{"href":"https:\/\/megalicdb.rs\/index.php?rest_route=%2Fwp%2Fv2%2Fmedia&parent=32896"}],"wp:term":[{"taxonomy":"product_brand","embeddable":true,"href":"https:\/\/megalicdb.rs\/index.php?rest_route=%2Fwp%2Fv2%2Fproduct_brand&post=32896"},{"taxonomy":"product_cat","embeddable":true,"href":"https:\/\/megalicdb.rs\/index.php?rest_route=%2Fwp%2Fv2%2Fproduct_cat&post=32896"},{"taxonomy":"product_tag","embeddable":true,"href":"https:\/\/megalicdb.rs\/index.php?rest_route=%2Fwp%2Fv2%2Fproduct_tag&post=32896"}],"curies":[{"name":"wp","href":"https:\/\/api.w.org\/{rel}","templated":true}]}}