{"id":32899,"date":"2025-07-07T15:39:50","date_gmt":"2025-07-07T15:39:50","guid":{"rendered":"https:\/\/megalicdb.rs\/?post_type=product&#038;p=32899"},"modified":"2025-11-24T11:16:09","modified_gmt":"2025-11-24T11:16:09","slug":"sve-sto-me-podseca-na-njega-kolin-huver","status":"publish","type":"product","link":"https:\/\/megalicdb.rs\/?product=sve-sto-me-podseca-na-njega-kolin-huver","title":{"rendered":"Sve \u0161to me podse\u0107a na njega Kolin Huver"},"content":{"rendered":"<p>Autorka bestselera\u00a0<em>S nama se zavr\u0161ava<\/em>,<em>\u00a09. novembar<\/em>\u00a0i\u00a0<em>Veriti<\/em><\/p>\n<p>Nakon \u0161to je provela pet godina u zatvoru zbog jedne tragi\u010dne gre\u0161ke, Kena Rouan se vra\u0107a u isti grad u kom je sve krenulo naopako, nadaju\u0107i se ponovnom susretu sa svojom \u010detvorogodi\u0161njom \u0107erkom. Ispostavlja se da je mostove koje je spalila za sobom nemogu\u0107e obnoviti. Koliko god se trudila, svi je dr\u017ee daleko od devoj\u010dice.<\/p>\n<p>Led\u017eer Vord, vlasnik lokalnog bara i jedna od malobrojnih spona koje povezuju Kenu s \u0107erkom, jedina je osoba koja joj nije bespogovorno okrenula le\u0111a. Ali ako neko sazna da Led\u017eer polako postaje sve va\u017eniji Keni, oboma preti opasnost da izgube poverenje onih su im va\u017eni.<\/p>\n<p>Izme\u0111u njih dvoje ra\u0111a se bliskost uprkos pritisku sa svih strana. S njihovom romansom raste i rizik. Kena mora da prona\u0111e na\u010din da okaje svoje grehe kako bi izgradila budu\u0107nost na temeljima nade i isceljenja.<\/p>\n<p>\u201eKolin Huver zaranja duboko u ose\u0107aje tuge i gri\u017ee savesti da bi stvorila pri\u010du sa mnogo lica o iskupljenju njenih junaka, koji se bore podjednako \u017eestoko kao \u0161to vole.\u201c<br \/>\n\u2013\u00a0<em>Publishers Weekly<\/em><\/p>\n<p>\u201eNeodoljivim dijalozima, likovima koje mu\u010di nesigurnost i ponekom vrelom scenom, Kolin Huver je ponovo postigla uspeh.\u201c<br \/>\n\u2013\u00a0<em>Kirkus Reviews<br \/>\n<\/em><br \/>\n\u201eIspunjen zebnjama i sna\u017enim emocijama, posve\u0107en traganju za opro\u0161tajem i iskupljenjem za gre\u0161ke iz pro\u0161losti, roman\u00a0<em>Sve \u0161to me podse\u0107a na njeg<\/em><em>a<\/em>\u00a0uzdigao je ve\u0107 upe\u010datljivo stvarala\u0161tvo Kolin Huver na potpuno nov nivo.\u201c<br \/>\n\u2013\u00a0<em>Harlequin Junkie, Top Pick<\/em><\/p>\n<p>\u201eNovi ljubavni roman Kolin Huver rastr\u017ee du\u0161u i ponovo je spaja. Emotivno remek-delo o smrti i nadi, tuzi i opro\u0161taju, i o sposobnosti ljubavi da izle\u010di.\u201c<br \/>\n\u2013\u00a0<em>Popsugar<\/em><\/p>\n","protected":false},"excerpt":{"rendered":"<p>Autorka bestselera\u00a0S nama se zavr\u0161ava,\u00a09. novembar\u00a0i\u00a0Veriti Nakon \u0161to je provela pet godina u zatvoru zbog jedne tragi\u010dne gre\u0161ke, Kena Rouan<\/p>\n","protected":false},"featured_media":32900,"comment_status":"open","ping_status":"closed","template":"","meta":[],"product_brand":[],"product_cat":[416,324],"product_tag":[],"class_list":{"0":"post-32899","1":"product","2":"type-product","3":"status-publish","4":"has-post-thumbnail","6":"product_cat-beletristika","7":"product_cat-knjige","9":"first","10":"outofstock","11":"taxable","12":"shipping-taxable","13":"purchasable","14":"product-type-simple"},"aioseo_notices":[],"_links":{"self":[{"href":"https:\/\/megalicdb.rs\/index.php?rest_route=\/wp\/v2\/product\/32899","targetHints":{"allow":["GET"]}}],"collection":[{"href":"https:\/\/megalicdb.rs\/index.php?rest_route=\/wp\/v2\/product"}],"about":[{"href":"https:\/\/megalicdb.rs\/index.php?rest_route=\/wp\/v2\/types\/product"}],"replies":[{"embeddable":true,"href":"https:\/\/megalicdb.rs\/index.php?rest_route=%2Fwp%2Fv2%2Fcomments&post=32899"}],"version-history":[{"count":1,"href":"https:\/\/megalicdb.rs\/index.php?rest_route=\/wp\/v2\/product\/32899\/revisions"}],"predecessor-version":[{"id":32901,"href":"https:\/\/megalicdb.rs\/index.php?rest_route=\/wp\/v2\/product\/32899\/revisions\/32901"}],"wp:featuredmedia":[{"embeddable":true,"href":"https:\/\/megalicdb.rs\/index.php?rest_route=\/wp\/v2\/media\/32900"}],"wp:attachment":[{"href":"https:\/\/megalicdb.rs\/index.php?rest_route=%2Fwp%2Fv2%2Fmedia&parent=32899"}],"wp:term":[{"taxonomy":"product_brand","embeddable":true,"href":"https:\/\/megalicdb.rs\/index.php?rest_route=%2Fwp%2Fv2%2Fproduct_brand&post=32899"},{"taxonomy":"product_cat","embeddable":true,"href":"https:\/\/megalicdb.rs\/index.php?rest_route=%2Fwp%2Fv2%2Fproduct_cat&post=32899"},{"taxonomy":"product_tag","embeddable":true,"href":"https:\/\/megalicdb.rs\/index.php?rest_route=%2Fwp%2Fv2%2Fproduct_tag&post=32899"}],"curies":[{"name":"wp","href":"https:\/\/api.w.org\/{rel}","templated":true}]}}