{"id":32902,"date":"2025-07-07T15:41:21","date_gmt":"2025-07-07T15:41:21","guid":{"rendered":"https:\/\/megalicdb.rs\/?post_type=product&#038;p=32902"},"modified":"2025-07-07T15:41:21","modified_gmt":"2025-07-07T15:41:21","slug":"zauvek-tvoja-debi-dzonson","status":"publish","type":"product","link":"https:\/\/megalicdb.rs\/?product=zauvek-tvoja-debi-dzonson","title":{"rendered":"Zauvek tvoja Debi D\u017eonson"},"content":{"rendered":"<p>Trenutak koji menja \u017eivot.<\/p>\n<p>Obec\u0301anje da nikada nec\u0301e zaboraviti&#8230;<\/p>\n<p>Divna pri\u010da puna nade.<\/p>\n<p>Ljubav za ceo \u017eivot&#8230;<\/p>\n<p>D\u017eema predaje istoriju na koled\u017eu. To je bilo lako sve dok me\u0111u u\u010denicima nije po\u010dela da tra\u017ei o\u010di svoje \u0107erke. Iako sa strepnjom silno pri\u017eeljkuje da ih prepozna. Pre osamnaest godina dala je na usvajanje svoju devoj\u010dicu koja \u0107e uskoro biti punoletna i ste\u0107i pravo da potra\u017ei svoju majku.<\/p>\n<p>Od kada se kao \u0161esnaestogodi\u0161njakinja odrekla svoje \u0107erke D\u017eema \u017eivi po strogim pravilima. Da li je do\u0161lo vreme da prestane da be\u017ei od svojih tajni?<\/p>\n<p>\u010cak i kad se ceo svet ru\u0161i ljubav se mo\u017ee prona\u0107i na najneverovatnijim mestima jer ponekad je prava porodica ona koju odabere\u0161.<\/p>\n<p>\u201eEmotivan, dirljiv, romanti\u010dan i upe\u010datljiv roman kojem \u0107ete se vi\u0161e puta vra\u0107ati. Apsolutno briljantno i predivno.\u201c<br \/>\n<em>\u2013 Woman\u2019s Own<\/em><\/p>\n","protected":false},"excerpt":{"rendered":"<p>Trenutak koji menja \u017eivot. Obec\u0301anje da nikada nec\u0301e zaboraviti&#8230; Divna pri\u010da puna nade. Ljubav za ceo \u017eivot&#8230; D\u017eema predaje istoriju<\/p>\n","protected":false},"featured_media":32903,"comment_status":"open","ping_status":"closed","template":"","meta":[],"product_brand":[],"product_cat":[416,324],"product_tag":[],"class_list":{"0":"post-32902","1":"product","2":"type-product","3":"status-publish","4":"has-post-thumbnail","6":"product_cat-beletristika","7":"product_cat-knjige","9":"first","10":"instock","11":"taxable","12":"shipping-taxable","13":"purchasable","14":"product-type-simple"},"aioseo_notices":[],"_links":{"self":[{"href":"https:\/\/megalicdb.rs\/index.php?rest_route=\/wp\/v2\/product\/32902","targetHints":{"allow":["GET"]}}],"collection":[{"href":"https:\/\/megalicdb.rs\/index.php?rest_route=\/wp\/v2\/product"}],"about":[{"href":"https:\/\/megalicdb.rs\/index.php?rest_route=\/wp\/v2\/types\/product"}],"replies":[{"embeddable":true,"href":"https:\/\/megalicdb.rs\/index.php?rest_route=%2Fwp%2Fv2%2Fcomments&post=32902"}],"version-history":[{"count":1,"href":"https:\/\/megalicdb.rs\/index.php?rest_route=\/wp\/v2\/product\/32902\/revisions"}],"predecessor-version":[{"id":32904,"href":"https:\/\/megalicdb.rs\/index.php?rest_route=\/wp\/v2\/product\/32902\/revisions\/32904"}],"wp:featuredmedia":[{"embeddable":true,"href":"https:\/\/megalicdb.rs\/index.php?rest_route=\/wp\/v2\/media\/32903"}],"wp:attachment":[{"href":"https:\/\/megalicdb.rs\/index.php?rest_route=%2Fwp%2Fv2%2Fmedia&parent=32902"}],"wp:term":[{"taxonomy":"product_brand","embeddable":true,"href":"https:\/\/megalicdb.rs\/index.php?rest_route=%2Fwp%2Fv2%2Fproduct_brand&post=32902"},{"taxonomy":"product_cat","embeddable":true,"href":"https:\/\/megalicdb.rs\/index.php?rest_route=%2Fwp%2Fv2%2Fproduct_cat&post=32902"},{"taxonomy":"product_tag","embeddable":true,"href":"https:\/\/megalicdb.rs\/index.php?rest_route=%2Fwp%2Fv2%2Fproduct_tag&post=32902"}],"curies":[{"name":"wp","href":"https:\/\/api.w.org\/{rel}","templated":true}]}}