{"id":32911,"date":"2025-07-07T16:33:18","date_gmt":"2025-07-07T16:33:18","guid":{"rendered":"https:\/\/megalicdb.rs\/?post_type=product&#038;p=32911"},"modified":"2025-07-07T16:33:19","modified_gmt":"2025-07-07T16:33:19","slug":"pisci-i-ljubavnici-lili-king","status":"publish","type":"product","link":"https:\/\/megalicdb.rs\/?product=pisci-i-ljubavnici-lili-king","title":{"rendered":"Pisci i ljubavnici Lili King"},"content":{"rendered":"<p>Bestseler\u00a0<em>New York Timesa<\/em><\/p>\n<p>Knjiga godine po oceni\u00a0<em>Kirkus Reviewsa<\/em><\/p>\n<p>Knjiga oven\u010dana priznanjem\u00a0<em>England Society&#8217;s Book Award for Fiction<\/em><\/p>\n<p>Potpuno iskreno, neodoljivo i pronicljivo kazivanje o kreativnosti i \u017eivotu. Portret umetnice u mladosti.<\/p>\n<p>Slomljena iznenadnom smr\u0107u majke i krahom ljubavne veze, Kejsi Pibodi, nekada\u0161nje golfersko \u010dudo od deteta, dolazi u Masa\u010dusets bez plana za budu\u0107nost. Radi kao konobarica na Harvardovom trgu i \u017eivi u iznajmljenom memljivom sobi\u010dku pored gara\u017ee, posve\u0107uju\u0107i slobodno vreme romanu koji pi\u0161e ve\u0107 \u0161est godina.<\/p>\n<p>Iako je pre\u0161la tridesetu, Kejsi jo\u0161 gr\u010devito istrajava u ne\u010demu od \u010dega su sve njene stare drugarice odavno odustale: re\u0161enosti da \u017eivi kreativnim \u017eivotom. Kada se istovremeno zaljubi u dva potpuno razli\u010dita mu\u0161karca u ionako mukotrpnom nastojanju da ispuni svoje stvarala\u010dke ambicije i uravnote\u017ei sukobljene zahteve umetnosti i \u017eivota, Kejsi se suo\u010dava sa dodatnim izazovima koji je guraju do ruba provalije.<\/p>\n<p>Pri\u010da nas vodi kroz poslednje dane razdoblja u kojem se ba\u0161 svi aspekti njenog \u017eivota nalaze u krizi. Napisan duhovito, saose\u0107ajno i inteligentno, roman\u00a0<em>Pisci i ljubavnici<\/em>\u00a0je o\u010daravaju\u0107e \u0161tivo koje istra\u017euje zastra\u0161uju\u0107i i uzbudljivi prelazak iz jedne u drugu fazu \u017eivota.<\/p>\n<p>\u201e<em>Pisci i ljubavnici<\/em>\u00a0su, izme\u0111u ostalog, toliko fascinantni zbog savr\u0161eno ba\u017edarenih pojedinosti, ubedljivih razgovora i ironi\u010dne duhovitosti\u2026 Ovo je knjiga o strasti, \u017eelji, bolu, odlu\u010dnosti i nala\u017eenju svog puta. O \u017eudnji za ljubavlju, porodicom i uspehom\u2026 velikodu\u0161no pro\u017eetoj srcem i du\u0161om, humorom i mudro\u0161\u0107u.\u201c<br \/>\n\u2013\u00a0<em>NPR<\/em><\/p>\n<p>\u201eLili King uspeva da uhvati nemir krize kasne mladosti i ekscentri\u010dnosti \u017eivota jedne spisateljice, nadopunjavaju\u0107i narativ duhovito\u0161\u0107u, rasko\u0161nim slikama i urnebesnim ismevanjem literarnog elitizma.\u201c<br \/>\n\u2013\u00a0<em>People<\/em><\/p>\n<p>\u201ePravi u\u017eitak! Emocionalna snaga\u00a0<em>Pisaca i ljubavnika<\/em>\u00a0je ogromna.\u201c<br \/>\n\u2013\u00a0<em>New York Times Book Review<\/em><\/p>\n","protected":false},"excerpt":{"rendered":"<p>Bestseler\u00a0New York Timesa Knjiga godine po oceni\u00a0Kirkus Reviewsa Knjiga oven\u010dana priznanjem\u00a0England Society&#8217;s Book Award for Fiction Potpuno iskreno, neodoljivo i<\/p>\n","protected":false},"featured_media":32912,"comment_status":"open","ping_status":"closed","template":"","meta":[],"product_brand":[],"product_cat":[416,324],"product_tag":[],"class_list":{"0":"post-32911","1":"product","2":"type-product","3":"status-publish","4":"has-post-thumbnail","6":"product_cat-beletristika","7":"product_cat-knjige","9":"first","10":"instock","11":"taxable","12":"shipping-taxable","13":"purchasable","14":"product-type-simple"},"aioseo_notices":[],"_links":{"self":[{"href":"https:\/\/megalicdb.rs\/index.php?rest_route=\/wp\/v2\/product\/32911","targetHints":{"allow":["GET"]}}],"collection":[{"href":"https:\/\/megalicdb.rs\/index.php?rest_route=\/wp\/v2\/product"}],"about":[{"href":"https:\/\/megalicdb.rs\/index.php?rest_route=\/wp\/v2\/types\/product"}],"replies":[{"embeddable":true,"href":"https:\/\/megalicdb.rs\/index.php?rest_route=%2Fwp%2Fv2%2Fcomments&post=32911"}],"version-history":[{"count":1,"href":"https:\/\/megalicdb.rs\/index.php?rest_route=\/wp\/v2\/product\/32911\/revisions"}],"predecessor-version":[{"id":32913,"href":"https:\/\/megalicdb.rs\/index.php?rest_route=\/wp\/v2\/product\/32911\/revisions\/32913"}],"wp:featuredmedia":[{"embeddable":true,"href":"https:\/\/megalicdb.rs\/index.php?rest_route=\/wp\/v2\/media\/32912"}],"wp:attachment":[{"href":"https:\/\/megalicdb.rs\/index.php?rest_route=%2Fwp%2Fv2%2Fmedia&parent=32911"}],"wp:term":[{"taxonomy":"product_brand","embeddable":true,"href":"https:\/\/megalicdb.rs\/index.php?rest_route=%2Fwp%2Fv2%2Fproduct_brand&post=32911"},{"taxonomy":"product_cat","embeddable":true,"href":"https:\/\/megalicdb.rs\/index.php?rest_route=%2Fwp%2Fv2%2Fproduct_cat&post=32911"},{"taxonomy":"product_tag","embeddable":true,"href":"https:\/\/megalicdb.rs\/index.php?rest_route=%2Fwp%2Fv2%2Fproduct_tag&post=32911"}],"curies":[{"name":"wp","href":"https:\/\/api.w.org\/{rel}","templated":true}]}}