{"id":32914,"date":"2025-07-07T17:08:45","date_gmt":"2025-07-07T17:08:45","guid":{"rendered":"https:\/\/megalicdb.rs\/?post_type=product&#038;p=32914"},"modified":"2025-07-07T17:08:46","modified_gmt":"2025-07-07T17:08:46","slug":"devojka-iz-nekog-drugog-vremena-felisa-kingsli","status":"publish","type":"product","link":"https:\/\/megalicdb.rs\/?product=devojka-iz-nekog-drugog-vremena-felisa-kingsli","title":{"rendered":"Devojka iz nekog drugog vremena Feli\u0161a Kingsli"},"content":{"rendered":"<p>Koja devojka ne bi \u017eelela da \u017eivi u Londonu po\u010detkom XIX veka, da ide na balove u rasko\u0161nim haljinama, sa mu\u0161karcima koji znaju kako da se udvaraju \u017eeni?<\/p>\n<p>Briljantna studentkinja egiptologije i strastvena ljubiteljka romana iz regentskog perioda, Rebeka u\u017eiva da u\u010destvuje u kostimiranim istorijskim zabavama, a upravo tokom jedne od njih doga\u0111a se ne\u0161to neobja\u0161njivo \u2013 nekako se na\u0161la u Londonu iz 1816. godine. Nakon po\u010detnog \u0161oka, shvata da je dobila jedinstvenu priliku: da bude najpo\u017eeljnija debitantkinja me\u0111u ne\u017eenjama iz visokog dru\u0161tva i u\u017eiva u \u010dajankama, plesovima i \u0161etnjama po Hajd parku. Dok traga za svojim gospodinom Darsijem, privla\u010di pa\u017enju najnepouzdanijeg mu\u0161karca u Londonu, Ridlana Noksa, gusara sa tamnom aurom i, blago re\u010deno, skandaloznom reputacijom. Ukratko, Ridlan je tip mu\u0161karca kojeg bi svaka fina devojka trebalo da se kloni.<\/p>\n<p>Ali kada Rebeka otkrije neizgovorene tajne i podmukle spletke i zavere aristokratije, njen ose\u0107aj za pravdu tera je da istra\u017euje. Me\u0111utim, niko nije voljan da ugrozi svoj ugled kako bi joj pomogao. Ostaje joj samo da se obrati jedinom \u010doveku koji, zapravo, nema \u010dast koju bi branio: Ridlanu Noksu. A \u0161ta ako se, na kraju, ispostavi da je on mnogo interesantniji od plemi\u0107a o kakvom je oduvek sanjala? Odluka da li se vratiti u sada\u0161njost ili ostati u 1816. godini mogla bi da postane zaista te\u0161ka&#8230;<\/p>\n","protected":false},"excerpt":{"rendered":"<p>Koja devojka ne bi \u017eelela da \u017eivi u Londonu po\u010detkom XIX veka, da ide na balove u rasko\u0161nim haljinama, sa<\/p>\n","protected":false},"featured_media":32915,"comment_status":"open","ping_status":"closed","template":"","meta":[],"product_brand":[],"product_cat":[416,324],"product_tag":[],"class_list":{"0":"post-32914","1":"product","2":"type-product","3":"status-publish","4":"has-post-thumbnail","6":"product_cat-beletristika","7":"product_cat-knjige","9":"first","10":"instock","11":"taxable","12":"shipping-taxable","13":"purchasable","14":"product-type-simple"},"aioseo_notices":[],"_links":{"self":[{"href":"https:\/\/megalicdb.rs\/index.php?rest_route=\/wp\/v2\/product\/32914","targetHints":{"allow":["GET"]}}],"collection":[{"href":"https:\/\/megalicdb.rs\/index.php?rest_route=\/wp\/v2\/product"}],"about":[{"href":"https:\/\/megalicdb.rs\/index.php?rest_route=\/wp\/v2\/types\/product"}],"replies":[{"embeddable":true,"href":"https:\/\/megalicdb.rs\/index.php?rest_route=%2Fwp%2Fv2%2Fcomments&post=32914"}],"version-history":[{"count":1,"href":"https:\/\/megalicdb.rs\/index.php?rest_route=\/wp\/v2\/product\/32914\/revisions"}],"predecessor-version":[{"id":32916,"href":"https:\/\/megalicdb.rs\/index.php?rest_route=\/wp\/v2\/product\/32914\/revisions\/32916"}],"wp:featuredmedia":[{"embeddable":true,"href":"https:\/\/megalicdb.rs\/index.php?rest_route=\/wp\/v2\/media\/32915"}],"wp:attachment":[{"href":"https:\/\/megalicdb.rs\/index.php?rest_route=%2Fwp%2Fv2%2Fmedia&parent=32914"}],"wp:term":[{"taxonomy":"product_brand","embeddable":true,"href":"https:\/\/megalicdb.rs\/index.php?rest_route=%2Fwp%2Fv2%2Fproduct_brand&post=32914"},{"taxonomy":"product_cat","embeddable":true,"href":"https:\/\/megalicdb.rs\/index.php?rest_route=%2Fwp%2Fv2%2Fproduct_cat&post=32914"},{"taxonomy":"product_tag","embeddable":true,"href":"https:\/\/megalicdb.rs\/index.php?rest_route=%2Fwp%2Fv2%2Fproduct_tag&post=32914"}],"curies":[{"name":"wp","href":"https:\/\/api.w.org\/{rel}","templated":true}]}}