{"id":32917,"date":"2025-07-07T17:11:12","date_gmt":"2025-07-07T17:11:12","guid":{"rendered":"https:\/\/megalicdb.rs\/?post_type=product&#038;p=32917"},"modified":"2025-07-07T17:11:12","modified_gmt":"2025-07-07T17:11:12","slug":"dobra-devojka-zla-krv-holi-dzekson","status":"publish","type":"product","link":"https:\/\/megalicdb.rs\/?product=dobra-devojka-zla-krv-holi-dzekson","title":{"rendered":"Dobra devojka, zla krv Holi D\u017eekson"},"content":{"rendered":"<p>U mo\u0107nom nastavku serijala koji je zaveo milione \u010ditalaca \u0161irom sveta, na povr\u0161inu \u0107e isplivati jo\u0161 mnogo tajni.<\/p>\n<p>Pip vi\u0161e nije detektiv.<br \/>\nZajedno sa Ravijem Singom pokrenula je podkast o slu\u010daju koji su re\u0161ili pro\u0161le godine. Podkast je postao pravi uspeh, ali Pip tvrdi da su njeni istra\u017eiva\u010dki dani davna pro\u0161lost. Obe\u0107ala je sebi da vi\u0161e nikada ne\u0107e dovesti u opasnost svoj \u017eivot, ali ni \u017eivote ljudi koje voli.<\/p>\n<p>Ipak, nakon \u0161to nestane neko koga poznaje, mora\u0107e da prekr\u0161i ovo obe\u0107anje. D\u017eejmiju Renoldsu gubi se trag iste no\u0107i kada grad organizuje komemoraciju povodom \u0161estogodi\u0161njice smrti Endi Bel i Sala Singa.<br \/>\nPolicija ne \u017eeli da preduzme nikakve mere. A ako oni ne \u017eele da potra\u017ee D\u017eejmija, onda \u0107e to u\u010diniti Pip, dok usput otkriva jo\u0161 mra\u010dnih tajni koje krije ovaj grad\u2026 ali ovoga puta svi je slu\u0161aju. Da li \u0107e prona\u0107i D\u017eejmija pre nego \u0161to bude prekasno?<\/p>\n","protected":false},"excerpt":{"rendered":"<p>U mo\u0107nom nastavku serijala koji je zaveo milione \u010ditalaca \u0161irom sveta, na povr\u0161inu \u0107e isplivati jo\u0161 mnogo tajni. Pip vi\u0161e<\/p>\n","protected":false},"featured_media":32918,"comment_status":"open","ping_status":"closed","template":"","meta":[],"product_brand":[],"product_cat":[416,324],"product_tag":[],"class_list":{"0":"post-32917","1":"product","2":"type-product","3":"status-publish","4":"has-post-thumbnail","6":"product_cat-beletristika","7":"product_cat-knjige","9":"first","10":"instock","11":"taxable","12":"shipping-taxable","13":"purchasable","14":"product-type-simple"},"aioseo_notices":[],"_links":{"self":[{"href":"https:\/\/megalicdb.rs\/index.php?rest_route=\/wp\/v2\/product\/32917","targetHints":{"allow":["GET"]}}],"collection":[{"href":"https:\/\/megalicdb.rs\/index.php?rest_route=\/wp\/v2\/product"}],"about":[{"href":"https:\/\/megalicdb.rs\/index.php?rest_route=\/wp\/v2\/types\/product"}],"replies":[{"embeddable":true,"href":"https:\/\/megalicdb.rs\/index.php?rest_route=%2Fwp%2Fv2%2Fcomments&post=32917"}],"version-history":[{"count":1,"href":"https:\/\/megalicdb.rs\/index.php?rest_route=\/wp\/v2\/product\/32917\/revisions"}],"predecessor-version":[{"id":32919,"href":"https:\/\/megalicdb.rs\/index.php?rest_route=\/wp\/v2\/product\/32917\/revisions\/32919"}],"wp:featuredmedia":[{"embeddable":true,"href":"https:\/\/megalicdb.rs\/index.php?rest_route=\/wp\/v2\/media\/32918"}],"wp:attachment":[{"href":"https:\/\/megalicdb.rs\/index.php?rest_route=%2Fwp%2Fv2%2Fmedia&parent=32917"}],"wp:term":[{"taxonomy":"product_brand","embeddable":true,"href":"https:\/\/megalicdb.rs\/index.php?rest_route=%2Fwp%2Fv2%2Fproduct_brand&post=32917"},{"taxonomy":"product_cat","embeddable":true,"href":"https:\/\/megalicdb.rs\/index.php?rest_route=%2Fwp%2Fv2%2Fproduct_cat&post=32917"},{"taxonomy":"product_tag","embeddable":true,"href":"https:\/\/megalicdb.rs\/index.php?rest_route=%2Fwp%2Fv2%2Fproduct_tag&post=32917"}],"curies":[{"name":"wp","href":"https:\/\/api.w.org\/{rel}","templated":true}]}}