{"id":32926,"date":"2025-07-07T17:18:29","date_gmt":"2025-07-07T17:18:29","guid":{"rendered":"https:\/\/megalicdb.rs\/?post_type=product&#038;p=32926"},"modified":"2025-11-24T09:49:06","modified_gmt":"2025-11-24T09:49:06","slug":"hajduk-u-beogradu-gradimir-stojkovic","status":"publish","type":"product","link":"https:\/\/megalicdb.rs\/?product=hajduk-u-beogradu-gradimir-stojkovic","title":{"rendered":"Hajduk u Beogradu Gradimir Stojkovi\u0107"},"content":{"rendered":"<p>Legendarni serijal ponovo me\u0111u nama.<\/p>\n<p>Gligorije Pecikoza Hajduk dolazi iz sela u Beograd i polazi u osmi razred. Trudi se da bude prihva\u0107en i kao izvanredan ko\u0161arka\u0161, i kao dobar drug, i kao odli\u010dan \u0111ak, i kao odgovoran sin. Rastrzan izme\u0111u novih iskustava i ose\u0107anja, Hajduk \u0107e se nositi sa raznim preprekama i otkriti da postoji sila koja sve mo\u017ee da promeni i uzburka: ljubav&#8230;<\/p>\n<p>Nagra\u0111ivan i obo\u017eavan, ovaj kultni roman o odrastanju, uklapanju i o nedoumicama mladih i nakon vi\u0161e od trideset godina nosi u sebi univerzalne poruke o prijateljstvu i zajedni\u0161tvu. Va\u017ean kao prekretnica u doma\u0107oj knji\u017eevnosti za decu i mlade,\u00a0<em>Hajduk u Beogradu<\/em>\u00a0i danas nas podse\u0107a na nezamenljivost iskrenosti i po\u0161tenja.<\/p>\n","protected":false},"excerpt":{"rendered":"<p>Legendarni serijal ponovo me\u0111u nama. Gligorije Pecikoza Hajduk dolazi iz sela u Beograd i polazi u osmi razred. Trudi se<\/p>\n","protected":false},"featured_media":32927,"comment_status":"open","ping_status":"closed","template":"","meta":[],"product_brand":[],"product_cat":[416,324],"product_tag":[],"class_list":{"0":"post-32926","1":"product","2":"type-product","3":"status-publish","4":"has-post-thumbnail","6":"product_cat-beletristika","7":"product_cat-knjige","9":"first","10":"outofstock","11":"taxable","12":"shipping-taxable","13":"purchasable","14":"product-type-simple"},"aioseo_notices":[],"_links":{"self":[{"href":"https:\/\/megalicdb.rs\/index.php?rest_route=\/wp\/v2\/product\/32926","targetHints":{"allow":["GET"]}}],"collection":[{"href":"https:\/\/megalicdb.rs\/index.php?rest_route=\/wp\/v2\/product"}],"about":[{"href":"https:\/\/megalicdb.rs\/index.php?rest_route=\/wp\/v2\/types\/product"}],"replies":[{"embeddable":true,"href":"https:\/\/megalicdb.rs\/index.php?rest_route=%2Fwp%2Fv2%2Fcomments&post=32926"}],"version-history":[{"count":1,"href":"https:\/\/megalicdb.rs\/index.php?rest_route=\/wp\/v2\/product\/32926\/revisions"}],"predecessor-version":[{"id":32928,"href":"https:\/\/megalicdb.rs\/index.php?rest_route=\/wp\/v2\/product\/32926\/revisions\/32928"}],"wp:featuredmedia":[{"embeddable":true,"href":"https:\/\/megalicdb.rs\/index.php?rest_route=\/wp\/v2\/media\/32927"}],"wp:attachment":[{"href":"https:\/\/megalicdb.rs\/index.php?rest_route=%2Fwp%2Fv2%2Fmedia&parent=32926"}],"wp:term":[{"taxonomy":"product_brand","embeddable":true,"href":"https:\/\/megalicdb.rs\/index.php?rest_route=%2Fwp%2Fv2%2Fproduct_brand&post=32926"},{"taxonomy":"product_cat","embeddable":true,"href":"https:\/\/megalicdb.rs\/index.php?rest_route=%2Fwp%2Fv2%2Fproduct_cat&post=32926"},{"taxonomy":"product_tag","embeddable":true,"href":"https:\/\/megalicdb.rs\/index.php?rest_route=%2Fwp%2Fv2%2Fproduct_tag&post=32926"}],"curies":[{"name":"wp","href":"https:\/\/api.w.org\/{rel}","templated":true}]}}