{"id":32929,"date":"2025-07-07T17:20:35","date_gmt":"2025-07-07T17:20:35","guid":{"rendered":"https:\/\/megalicdb.rs\/?post_type=product&#038;p=32929"},"modified":"2025-11-24T10:25:01","modified_gmt":"2025-11-24T10:25:01","slug":"krojac-jelena-bacic-alimpic","status":"publish","type":"product","link":"https:\/\/megalicdb.rs\/?product=krojac-jelena-bacic-alimpic","title":{"rendered":"Kroja\u010d Jelena Ba\u010di\u0107 Alimpi\u0107"},"content":{"rendered":"<p><em>Svi znamo da se od sudbine ne mo\u017ee pobe\u0107i, ali mo\u017eemo je barem malo prekrojiti.<\/p>\n<p>\u010cini po svom srcu, sine, i \u0161to se mene i \u0161to se Voje ti\u010de, ali \u017eelim da zna\u0161 da sam te \u017eelela toliko da nijedan kroja\u010d, ovozemaljski ili nebeski, ne bi umeo da iskroji moju pri\u010du&#8230;<br \/>\n<\/em><br \/>\nU srcu Beograda, u vreme kada je svet gubio razum, jedan kroja\u010d kroji vi\u0161e od odela \u2013 on kroji sudbine.<\/p>\n<p>Jakob, mladi naslednik \u010duvene kroja\u010dke loze, prisiljen je da promeni ime i identitet kako bi pre\u017eiveo pakao Drugog svetskog rata. Kada njegovog oca odvedu u logor, njemu i majci skloni\u0161te pru\u017ea stari porodi\u010dni prijatelj, majstor Voja Jovanovi\u0107. Kroz \u0161apat igle i tajne u\u0161ivene u tkaninu, Jakob u\u010di da pre\u017eivi u svetu u kojem se sve menja, ali jedno ostaje isto \u2013 odanost porodici.<\/p>\n<p>Kada u njihove \u017eivote stigne Olgica, siro\u010de spaseno iz logora, Marta, Jakobova majka, pru\u017ei\u0107e joj ljubav i za\u0161titu, nesvesna da \u0107e jednoga dana morati da je pusti&#8230;<\/p>\n<p>U svom najnovijem romanu\u00a0<em>Kroja\u010d<\/em>, Jelena Ba\u010di\u0107 Alimpi\u0107 ispisuje pri\u010du o ljubavi, hrabrosti i ljudskosti u najmra\u010dnijim vremenima. Ovo je roman o onima koji su krojili \u017eivot uprkos smrti, o tajnama koje su ostale sa\u010duvane u \u0161avovima odela i o sudbini, koja se, poput konca, plete kroz generacije.<\/p>\n","protected":false},"excerpt":{"rendered":"<p>Svi znamo da se od sudbine ne mo\u017ee pobe\u0107i, ali mo\u017eemo je barem malo prekrojiti. \u010cini po svom srcu, sine,<\/p>\n","protected":false},"featured_media":32930,"comment_status":"open","ping_status":"closed","template":"","meta":[],"product_brand":[],"product_cat":[416,324],"product_tag":[],"class_list":{"0":"post-32929","1":"product","2":"type-product","3":"status-publish","4":"has-post-thumbnail","6":"product_cat-beletristika","7":"product_cat-knjige","9":"first","10":"outofstock","11":"taxable","12":"shipping-taxable","13":"purchasable","14":"product-type-simple"},"aioseo_notices":[],"_links":{"self":[{"href":"https:\/\/megalicdb.rs\/index.php?rest_route=\/wp\/v2\/product\/32929","targetHints":{"allow":["GET"]}}],"collection":[{"href":"https:\/\/megalicdb.rs\/index.php?rest_route=\/wp\/v2\/product"}],"about":[{"href":"https:\/\/megalicdb.rs\/index.php?rest_route=\/wp\/v2\/types\/product"}],"replies":[{"embeddable":true,"href":"https:\/\/megalicdb.rs\/index.php?rest_route=%2Fwp%2Fv2%2Fcomments&post=32929"}],"version-history":[{"count":1,"href":"https:\/\/megalicdb.rs\/index.php?rest_route=\/wp\/v2\/product\/32929\/revisions"}],"predecessor-version":[{"id":32931,"href":"https:\/\/megalicdb.rs\/index.php?rest_route=\/wp\/v2\/product\/32929\/revisions\/32931"}],"wp:featuredmedia":[{"embeddable":true,"href":"https:\/\/megalicdb.rs\/index.php?rest_route=\/wp\/v2\/media\/32930"}],"wp:attachment":[{"href":"https:\/\/megalicdb.rs\/index.php?rest_route=%2Fwp%2Fv2%2Fmedia&parent=32929"}],"wp:term":[{"taxonomy":"product_brand","embeddable":true,"href":"https:\/\/megalicdb.rs\/index.php?rest_route=%2Fwp%2Fv2%2Fproduct_brand&post=32929"},{"taxonomy":"product_cat","embeddable":true,"href":"https:\/\/megalicdb.rs\/index.php?rest_route=%2Fwp%2Fv2%2Fproduct_cat&post=32929"},{"taxonomy":"product_tag","embeddable":true,"href":"https:\/\/megalicdb.rs\/index.php?rest_route=%2Fwp%2Fv2%2Fproduct_tag&post=32929"}],"curies":[{"name":"wp","href":"https:\/\/api.w.org\/{rel}","templated":true}]}}