{"id":32932,"date":"2025-07-07T17:26:45","date_gmt":"2025-07-07T17:26:45","guid":{"rendered":"https:\/\/megalicdb.rs\/?post_type=product&#038;p=32932"},"modified":"2025-11-24T11:16:29","modified_gmt":"2025-11-24T11:16:29","slug":"ovaj-put-biram-sebe-dizgram","status":"publish","type":"product","link":"https:\/\/megalicdb.rs\/?product=ovaj-put-biram-sebe-dizgram","title":{"rendered":"Ovaj put biram sebe Dizgram"},"content":{"rendered":"<p>Od autora knjige\u00a0<em>Sebi duguje\u0161 sve<\/em><\/p>\n<p>Re\u010di koje hrabre du\u0161u<\/p>\n<p><em>\u017divi, grije\u0161i, oprosti, probaj ponovo,<br \/>\nka\u017ei, poka\u017ei, budi svoja, budi sama.<br \/>\nZaljubi se, reci ne, reci \u017eelje, predomisli se,<br \/>\noti\u0111i, otputuj, otka\u010di sve.<br \/>\nVoli sebe, pazi sebe, ne daj sebe.<\/em><\/p>\n<p>Ovu novu knjigu Dizgram je posvetio tebi \u2013 sna\u017enoj, nepokolebljivoj, prelepoj u svojoj autenti\u010dnosti. Njegove re\u010di \u0107e te podsta\u0107i da ustane\u0161 kada padne\u0161, da veruje\u0161 kada sumnja\u0161 i da voli\u0161 sebe bez zadr\u0161ke. Svaka stranica je podsetnik da nosi\u0161 mo\u0107 u sebi, da zaslu\u017euje\u0161 ljubav, sre\u0107u i ostvarenje svojih snova. Pre\u017eivela si sve ono \u0161to si mislila da ne\u0107e\u0161 mo\u0107i. To zna\u010di da mo\u017ee\u0161 i vi\u0161e nego \u0161to misli\u0161. Nasme\u0161i se svetu, a svet \u0107e ti osmehom uzvratiti.<\/p>\n<p>Prethodna Dizgramova knjiga\u00a0<em>Sebi duguje\u0161 sve<\/em>\u00a0osvojila je hiljade srca jednostavnim i iskrenim porukama koje inspiri\u0161u i ohrabruju.<\/p>\n<p>\u201eUvek sam cenio autore koji svojim re\u010dima stvaraju slike, retki su oni koji slikama stvore i magiju, pogode du\u0161u, a i srce. Takav si ti, zato i jesam jedan od onih koji vole tvoja slova, re\u010di i misli. Nastavi da pi\u0161e\u0161, nemoj nikada prestati. U moru ni\u010dega lepo nam je svaki put kad napi\u0161e\u0161 ovakve lepe re\u010di.\u201c<br \/>\n\u2013 D\u017eenan Lon\u010darevi\u0107<\/p>\n<p>\u201eKoliko ohrabrenja u ovim zlatnim redovima! Raduje me \u0161to se njima vra\u0107a svest o tome koliko su \u017eene ne\u017ene a toliko hrabre. Dizgramovi tekstovi podse\u0107aju na\u0161e du\u0161e da je uvek bitno ustati, koliko god puta pali!\u201c<br \/>\n\u2013 Milica Todorovi\u0107<\/p>\n","protected":false},"excerpt":{"rendered":"<p>Od autora knjige\u00a0Sebi duguje\u0161 sve Re\u010di koje hrabre du\u0161u \u017divi, grije\u0161i, oprosti, probaj ponovo, ka\u017ei, poka\u017ei, budi svoja, budi sama.<\/p>\n","protected":false},"featured_media":32933,"comment_status":"open","ping_status":"closed","template":"","meta":[],"product_brand":[],"product_cat":[416,324,417],"product_tag":[],"class_list":{"0":"post-32932","1":"product","2":"type-product","3":"status-publish","4":"has-post-thumbnail","6":"product_cat-beletristika","7":"product_cat-knjige","8":"product_cat-knjizevnost-za-odrasle","10":"first","11":"instock","12":"taxable","13":"shipping-taxable","14":"purchasable","15":"product-type-simple"},"aioseo_notices":[],"_links":{"self":[{"href":"https:\/\/megalicdb.rs\/index.php?rest_route=\/wp\/v2\/product\/32932","targetHints":{"allow":["GET"]}}],"collection":[{"href":"https:\/\/megalicdb.rs\/index.php?rest_route=\/wp\/v2\/product"}],"about":[{"href":"https:\/\/megalicdb.rs\/index.php?rest_route=\/wp\/v2\/types\/product"}],"replies":[{"embeddable":true,"href":"https:\/\/megalicdb.rs\/index.php?rest_route=%2Fwp%2Fv2%2Fcomments&post=32932"}],"version-history":[{"count":1,"href":"https:\/\/megalicdb.rs\/index.php?rest_route=\/wp\/v2\/product\/32932\/revisions"}],"predecessor-version":[{"id":32934,"href":"https:\/\/megalicdb.rs\/index.php?rest_route=\/wp\/v2\/product\/32932\/revisions\/32934"}],"wp:featuredmedia":[{"embeddable":true,"href":"https:\/\/megalicdb.rs\/index.php?rest_route=\/wp\/v2\/media\/32933"}],"wp:attachment":[{"href":"https:\/\/megalicdb.rs\/index.php?rest_route=%2Fwp%2Fv2%2Fmedia&parent=32932"}],"wp:term":[{"taxonomy":"product_brand","embeddable":true,"href":"https:\/\/megalicdb.rs\/index.php?rest_route=%2Fwp%2Fv2%2Fproduct_brand&post=32932"},{"taxonomy":"product_cat","embeddable":true,"href":"https:\/\/megalicdb.rs\/index.php?rest_route=%2Fwp%2Fv2%2Fproduct_cat&post=32932"},{"taxonomy":"product_tag","embeddable":true,"href":"https:\/\/megalicdb.rs\/index.php?rest_route=%2Fwp%2Fv2%2Fproduct_tag&post=32932"}],"curies":[{"name":"wp","href":"https:\/\/api.w.org\/{rel}","templated":true}]}}