{"id":32935,"date":"2025-07-07T17:31:23","date_gmt":"2025-07-07T17:31:23","guid":{"rendered":"https:\/\/megalicdb.rs\/?post_type=product&#038;p=32935"},"modified":"2025-07-07T17:31:23","modified_gmt":"2025-07-07T17:31:23","slug":"pod-tudjim-suncem-miodrag-majic","status":"publish","type":"product","link":"https:\/\/megalicdb.rs\/?product=pod-tudjim-suncem-miodrag-majic","title":{"rendered":"Pod tu\u0111im suncem Miodrag Maji\u0107"},"content":{"rendered":"<p>Pred vama je jo\u0161 jedna knjiga Miodraga Maji\u0107a, koju \u0107ete pro\u010ditati u dahu. Glasovi njenih junaka odjekiva\u0107e sna\u017eno i kada sklopite korice, zato \u0161to \u0107ete u njihovim pri\u010dama prepoznati stvarnost na\u0161ih dana, ali i sudbine pojedinaca koji ne odustaju od svojih istina i kada im \u017eivot dodeli ulogu gubitnika.<\/p>\n<p>Ova pri\u010da po\u010dinje jedne ki\u0161ne no\u0107i, u taksiju broj 382, kada Kosta Ra\u0161i\u0107, penzionisani oficir, odlu\u010di da krene put Krfa. Nakon \u0161to je prodao ku\u0107u u kojoj je odrastao kako bi vratio dugove, on \u0107e prvi put zakora\u010diti van granica svoje zemlje, tragaju\u0107i za istinom, njegovim jedinim preostalim uto\u010di\u0161tem. Slu\u010dajan susret sa Marijom, taksistkinjom koja te no\u0107i postaje njegov saputnik, predodredi\u0107e sve \u0161to \u0107e se potom dogoditi pod tu\u0111im suncem.<\/p>\n<p>Kosta \u017eeli da se suo\u010di sa sobom i ostacima svog \u017eivota. Marija \u017eeli da pobegne i od sebe i od svog \u017eivota. Ta ta\u010dka koja ih razdvaja posta\u0107e ta\u010dka u kojoj \u0107e se susti\u0107i njihova se\u0107anja. Istovremeno, ona \u0107e pokrenuti nevidljivi \u017eivotni mehanizam, u kojem se uvek otkriva da je sve mogu\u0107e.<\/p>\n","protected":false},"excerpt":{"rendered":"<p>Pred vama je jo\u0161 jedna knjiga Miodraga Maji\u0107a, koju \u0107ete pro\u010ditati u dahu. Glasovi njenih junaka odjekiva\u0107e sna\u017eno i kada<\/p>\n","protected":false},"featured_media":32936,"comment_status":"open","ping_status":"closed","template":"","meta":[],"product_brand":[],"product_cat":[324,417],"product_tag":[],"class_list":{"0":"post-32935","1":"product","2":"type-product","3":"status-publish","4":"has-post-thumbnail","6":"product_cat-knjige","7":"product_cat-knjizevnost-za-odrasle","9":"first","10":"instock","11":"taxable","12":"shipping-taxable","13":"purchasable","14":"product-type-simple"},"aioseo_notices":[],"_links":{"self":[{"href":"https:\/\/megalicdb.rs\/index.php?rest_route=\/wp\/v2\/product\/32935","targetHints":{"allow":["GET"]}}],"collection":[{"href":"https:\/\/megalicdb.rs\/index.php?rest_route=\/wp\/v2\/product"}],"about":[{"href":"https:\/\/megalicdb.rs\/index.php?rest_route=\/wp\/v2\/types\/product"}],"replies":[{"embeddable":true,"href":"https:\/\/megalicdb.rs\/index.php?rest_route=%2Fwp%2Fv2%2Fcomments&post=32935"}],"version-history":[{"count":1,"href":"https:\/\/megalicdb.rs\/index.php?rest_route=\/wp\/v2\/product\/32935\/revisions"}],"predecessor-version":[{"id":32937,"href":"https:\/\/megalicdb.rs\/index.php?rest_route=\/wp\/v2\/product\/32935\/revisions\/32937"}],"wp:featuredmedia":[{"embeddable":true,"href":"https:\/\/megalicdb.rs\/index.php?rest_route=\/wp\/v2\/media\/32936"}],"wp:attachment":[{"href":"https:\/\/megalicdb.rs\/index.php?rest_route=%2Fwp%2Fv2%2Fmedia&parent=32935"}],"wp:term":[{"taxonomy":"product_brand","embeddable":true,"href":"https:\/\/megalicdb.rs\/index.php?rest_route=%2Fwp%2Fv2%2Fproduct_brand&post=32935"},{"taxonomy":"product_cat","embeddable":true,"href":"https:\/\/megalicdb.rs\/index.php?rest_route=%2Fwp%2Fv2%2Fproduct_cat&post=32935"},{"taxonomy":"product_tag","embeddable":true,"href":"https:\/\/megalicdb.rs\/index.php?rest_route=%2Fwp%2Fv2%2Fproduct_tag&post=32935"}],"curies":[{"name":"wp","href":"https:\/\/api.w.org\/{rel}","templated":true}]}}