{"id":32941,"date":"2025-07-07T17:36:19","date_gmt":"2025-07-07T17:36:19","guid":{"rendered":"https:\/\/megalicdb.rs\/?post_type=product&#038;p=32941"},"modified":"2025-07-07T17:36:19","modified_gmt":"2025-07-07T17:36:19","slug":"sebi-dugujes-sve-dizgram","status":"publish","type":"product","link":"https:\/\/megalicdb.rs\/?product=sebi-dugujes-sve-dizgram","title":{"rendered":"Sebi duguje\u0161 sve Dizgram"},"content":{"rendered":"<p>Poruke ispisane jezikom du\u0161e<em><\/p>\n<p>C\u030cesto me pitaju koliko mi je godina.<br \/>\nZnas\u030c kako, mlad sam da z\u030celim,<br \/>\nplaniram i nadam se.<br \/>\nDa mogu, znam,<br \/>\nosjec\u0301am i ciljeve da imam.<br \/>\nDa iznova se zaljubim.<br \/>\nA i dovoljno star da ne\u0161to mudrosti imam,<br \/>\nda mogu samo odmahnuti rukom i nastaviti.<br \/>\nZnac\u030ci najbolje godine imam.<\/em><\/p>\n<p>\u201eKroz svoje jednostavne poruke i zrele misli Dizgram vje\u0161to oslikava nes(p)retni svijet koji ve\u0107 drugo tetura na koljenima povr\u0161nosti, onaj u kojima su strast, sre\u0107a i \u010dista ljudska emocija nasilno i\u0161\u010dupane iz srca ljubavi. Autor opisuje takav svjet ali mu se ne prepu\u0161ta, \u0161tovi\u0161e, bri\u0161e pra\u0161inu s njegovih unutarnjih i vanjskih prepreka, vra\u0107a iskrenu nadu i utire novi put, a \u017eenu nakon svih njezinih dubokih uvida napokon vra\u0107a tamo gdje i pripada \u2013 na pijedestal \u017eivota.\u201c<br \/>\n\u2013 Ingrid Divkovi\u0107<\/p>\n<p>\u201eDizgramovi tekstovi istovremeno zabavljaju, nasmijavaju, ali i poti\u010du na razmi\u0161ljanje i osvje\u0161\u0107ivanje. To nisu knjige savjeta ili pametovanja, ve\u0107 razmjena iskustava, a uistinu prava prilika da svaki \u010dovjek razmisli i suo\u010di se sa samim sobom.\u201c<br \/>\n\u2013 Alis Mari\u0107<\/p>\n<p>\u201ePonekad imam utisak da mi ulazi u du\u0161u i vidi najdublja ose\u0107anja! Dopada mi se njegov pogled na \u017eenski svet, re\u010di kojima ih opisuje. Kada bi ve\u0107ina mu\u0161karaca mislila kao on, \u017eene bi definitivno vladale svetom jer bi se ose\u0107ale kao kraljice. Njegove re\u010di ohrabruju, inspiri\u0161u i le\u010de i najranjivija srca!\u201c<br \/>\n\u2013 Ana Koki\u0107<\/p>\n","protected":false},"excerpt":{"rendered":"<p>Poruke ispisane jezikom du\u0161e C\u030cesto me pitaju koliko mi je godina. Znas\u030c kako, mlad sam da z\u030celim, planiram i nadam<\/p>\n","protected":false},"featured_media":32942,"comment_status":"open","ping_status":"closed","template":"","meta":[],"product_brand":[],"product_cat":[416,324,417],"product_tag":[],"class_list":{"0":"post-32941","1":"product","2":"type-product","3":"status-publish","4":"has-post-thumbnail","6":"product_cat-beletristika","7":"product_cat-knjige","8":"product_cat-knjizevnost-za-odrasle","10":"first","11":"instock","12":"taxable","13":"shipping-taxable","14":"purchasable","15":"product-type-simple"},"aioseo_notices":[],"_links":{"self":[{"href":"https:\/\/megalicdb.rs\/index.php?rest_route=\/wp\/v2\/product\/32941","targetHints":{"allow":["GET"]}}],"collection":[{"href":"https:\/\/megalicdb.rs\/index.php?rest_route=\/wp\/v2\/product"}],"about":[{"href":"https:\/\/megalicdb.rs\/index.php?rest_route=\/wp\/v2\/types\/product"}],"replies":[{"embeddable":true,"href":"https:\/\/megalicdb.rs\/index.php?rest_route=%2Fwp%2Fv2%2Fcomments&post=32941"}],"version-history":[{"count":1,"href":"https:\/\/megalicdb.rs\/index.php?rest_route=\/wp\/v2\/product\/32941\/revisions"}],"predecessor-version":[{"id":32943,"href":"https:\/\/megalicdb.rs\/index.php?rest_route=\/wp\/v2\/product\/32941\/revisions\/32943"}],"wp:featuredmedia":[{"embeddable":true,"href":"https:\/\/megalicdb.rs\/index.php?rest_route=\/wp\/v2\/media\/32942"}],"wp:attachment":[{"href":"https:\/\/megalicdb.rs\/index.php?rest_route=%2Fwp%2Fv2%2Fmedia&parent=32941"}],"wp:term":[{"taxonomy":"product_brand","embeddable":true,"href":"https:\/\/megalicdb.rs\/index.php?rest_route=%2Fwp%2Fv2%2Fproduct_brand&post=32941"},{"taxonomy":"product_cat","embeddable":true,"href":"https:\/\/megalicdb.rs\/index.php?rest_route=%2Fwp%2Fv2%2Fproduct_cat&post=32941"},{"taxonomy":"product_tag","embeddable":true,"href":"https:\/\/megalicdb.rs\/index.php?rest_route=%2Fwp%2Fv2%2Fproduct_tag&post=32941"}],"curies":[{"name":"wp","href":"https:\/\/api.w.org\/{rel}","templated":true}]}}