{"id":32944,"date":"2025-07-07T17:38:28","date_gmt":"2025-07-07T17:38:28","guid":{"rendered":"https:\/\/megalicdb.rs\/?post_type=product&#038;p=32944"},"modified":"2025-07-08T13:03:11","modified_gmt":"2025-07-08T13:03:11","slug":"umrijeti-bez-stresa-vedrana-rudan","status":"publish","type":"product","link":"https:\/\/megalicdb.rs\/?product=umrijeti-bez-stresa-vedrana-rudan","title":{"rendered":"Umrijeti bez stresa Vedrana Rudan"},"content":{"rendered":"<p>U svojoj najnovijoj knjizi\u00a0<em>Umrijeti bez stresa<\/em>\u00a0Vedrana Rudan nas britkim humorom i beskompromisnom iskreno\u0161\u0107u vodi kroz politi\u010dke, dru\u0161tvene i svakodnevne apsurde, otkrivaju\u0107i istine koje nas \u010desto ostavljaju bez re\u010di, ali i s osmehom na licu.<\/p>\n<p>\u010citaju\u0107i ovu knjigu, nai\u0107i \u0107ete na pasuse koji \u0107e vas nasmejati, ali i na one koji \u0107e vas u isti mah iznervirati i osna\u017eiti. Jer, kako autorka poru\u010duje, pravo na svoj glas, pravo da glasno ka\u017eemo \u201eje*e mi se!\u201c i pravo da progovorimo protiv svega \u0161to nas ograni\u010dava zaslu\u017euje svako.<\/p>\n<p>Zato ovo nije priru\u010dnik o pomireno\u0161\u0107u s postoje\u0107im stanjem. Ovo je o\u0161tar, lucidan i iskren obra\u010dun sa onim \u0161to nam ide na nerve dok smo jo\u0161 ovde, \u017eivi.<\/p>\n<p>Iznad svega,\u00a0<em>Umrijeti bez stresa<\/em>\u00a0je svima podsetnik da je \u017eivot prekratak da bismo, skriveni iza pristojnosti, \u0107utali i trpeli.<\/p>\n","protected":false},"excerpt":{"rendered":"<p>U svojoj najnovijoj knjizi\u00a0Umrijeti bez stresa\u00a0Vedrana Rudan nas britkim humorom i beskompromisnom iskreno\u0161\u0107u vodi kroz politi\u010dke, dru\u0161tvene i svakodnevne apsurde,<\/p>\n","protected":false},"featured_media":32963,"comment_status":"open","ping_status":"closed","template":"","meta":[],"product_brand":[],"product_cat":[416,324,417],"product_tag":[],"class_list":{"0":"post-32944","1":"product","2":"type-product","3":"status-publish","4":"has-post-thumbnail","6":"product_cat-beletristika","7":"product_cat-knjige","8":"product_cat-knjizevnost-za-odrasle","10":"first","11":"instock","12":"taxable","13":"shipping-taxable","14":"purchasable","15":"product-type-simple"},"aioseo_notices":[],"_links":{"self":[{"href":"https:\/\/megalicdb.rs\/index.php?rest_route=\/wp\/v2\/product\/32944","targetHints":{"allow":["GET"]}}],"collection":[{"href":"https:\/\/megalicdb.rs\/index.php?rest_route=\/wp\/v2\/product"}],"about":[{"href":"https:\/\/megalicdb.rs\/index.php?rest_route=\/wp\/v2\/types\/product"}],"replies":[{"embeddable":true,"href":"https:\/\/megalicdb.rs\/index.php?rest_route=%2Fwp%2Fv2%2Fcomments&post=32944"}],"version-history":[{"count":1,"href":"https:\/\/megalicdb.rs\/index.php?rest_route=\/wp\/v2\/product\/32944\/revisions"}],"predecessor-version":[{"id":32946,"href":"https:\/\/megalicdb.rs\/index.php?rest_route=\/wp\/v2\/product\/32944\/revisions\/32946"}],"wp:featuredmedia":[{"embeddable":true,"href":"https:\/\/megalicdb.rs\/index.php?rest_route=\/wp\/v2\/media\/32963"}],"wp:attachment":[{"href":"https:\/\/megalicdb.rs\/index.php?rest_route=%2Fwp%2Fv2%2Fmedia&parent=32944"}],"wp:term":[{"taxonomy":"product_brand","embeddable":true,"href":"https:\/\/megalicdb.rs\/index.php?rest_route=%2Fwp%2Fv2%2Fproduct_brand&post=32944"},{"taxonomy":"product_cat","embeddable":true,"href":"https:\/\/megalicdb.rs\/index.php?rest_route=%2Fwp%2Fv2%2Fproduct_cat&post=32944"},{"taxonomy":"product_tag","embeddable":true,"href":"https:\/\/megalicdb.rs\/index.php?rest_route=%2Fwp%2Fv2%2Fproduct_tag&post=32944"}],"curies":[{"name":"wp","href":"https:\/\/api.w.org\/{rel}","templated":true}]}}