{"id":32965,"date":"2025-07-08T15:54:33","date_gmt":"2025-07-08T15:54:33","guid":{"rendered":"https:\/\/megalicdb.rs\/?post_type=product&#038;p=32965"},"modified":"2025-07-08T15:54:33","modified_gmt":"2025-07-08T15:54:33","slug":"vodic-kroz-ljubavnu-istoriju-beograda-nenad-novak-stefanovic","status":"publish","type":"product","link":"https:\/\/megalicdb.rs\/?product=vodic-kroz-ljubavnu-istoriju-beograda-nenad-novak-stefanovic","title":{"rendered":"Vodi\u010d kroz ljubavnu istoriju Beograda Nenad Novak Stefanovi\u0107"},"content":{"rendered":"<p>Jedna ku\u0107a \u2013 jedna ljubavna pri\u010da!<\/p>\n<p>\u2022 Nesvakida\u0161nja istorija Beograda sagledana kroz klju\u010daonicu slavnih ljubavi.<br \/>\n\u2022 Lirska povest prestonice Srba.<br \/>\n\u2022 Pouzdan putokaz do mnogih nepoznatih pojedinosti o onome \u0161to se doga\u0111alo iza kulisa javnih i privatnih zgrada u Beogradu.<br \/>\n\u2022 Knjiga o znamenitim beogradskim zdanjima i jednovremeno o odnosima izme\u0111u njihovih poznatih stanara \u010diji su se \u017eivoti utkali u grad na najlep\u0161em u\u0161\u0107u Evrope\u2026<\/p>\n<p>Vodi\u010d o zatajnim vezama nobelovca Ive Andri\u0107a, nau\u010dnika Milutina Milankovi\u0107a, kraljevskih parova iz dinastija Obrenovi\u0107a i Kara\u0111or\u0111evi\u0107a, o dvorskoj romansi Josipa Broza i o desetinama zna\u010dajnih li\u010dnosti opisanih u ambijentu palata i ku\u0107a sa utisnutim pe\u010datom vremena.<\/p>\n<p>Sve adrese opisanih ku\u0107a i danas postoje, tako da je \u010ditanje ove knjige istovremeno i poziv u \u0161etnju kroz dva poslednja veka na\u0161e novije istorije, od kneza Milo\u0161a do dana\u0161njih dana, od Ite Rine do Jelene Dimitrijevi\u0107, Branka \u0106opi\u0107a, Riste i Bete Vukanovi\u0107, Vaska Pope&#8230;<\/p>\n<p>\u010citanje ove knjige je ulazak u avanturu u kojoj pratimo kako grad raste sa svojim zdanjima i ljubavnim pri\u010dama.<\/p>\n","protected":false},"excerpt":{"rendered":"<p>Jedna ku\u0107a \u2013 jedna ljubavna pri\u010da! \u2022 Nesvakida\u0161nja istorija Beograda sagledana kroz klju\u010daonicu slavnih ljubavi. \u2022 Lirska povest prestonice Srba.<\/p>\n","protected":false},"featured_media":32966,"comment_status":"open","ping_status":"closed","template":"","meta":[],"product_brand":[],"product_cat":[416,324],"product_tag":[],"class_list":{"0":"post-32965","1":"product","2":"type-product","3":"status-publish","4":"has-post-thumbnail","6":"product_cat-beletristika","7":"product_cat-knjige","9":"first","10":"instock","11":"taxable","12":"shipping-taxable","13":"purchasable","14":"product-type-simple"},"aioseo_notices":[],"_links":{"self":[{"href":"https:\/\/megalicdb.rs\/index.php?rest_route=\/wp\/v2\/product\/32965","targetHints":{"allow":["GET"]}}],"collection":[{"href":"https:\/\/megalicdb.rs\/index.php?rest_route=\/wp\/v2\/product"}],"about":[{"href":"https:\/\/megalicdb.rs\/index.php?rest_route=\/wp\/v2\/types\/product"}],"replies":[{"embeddable":true,"href":"https:\/\/megalicdb.rs\/index.php?rest_route=%2Fwp%2Fv2%2Fcomments&post=32965"}],"version-history":[{"count":1,"href":"https:\/\/megalicdb.rs\/index.php?rest_route=\/wp\/v2\/product\/32965\/revisions"}],"predecessor-version":[{"id":32967,"href":"https:\/\/megalicdb.rs\/index.php?rest_route=\/wp\/v2\/product\/32965\/revisions\/32967"}],"wp:featuredmedia":[{"embeddable":true,"href":"https:\/\/megalicdb.rs\/index.php?rest_route=\/wp\/v2\/media\/32966"}],"wp:attachment":[{"href":"https:\/\/megalicdb.rs\/index.php?rest_route=%2Fwp%2Fv2%2Fmedia&parent=32965"}],"wp:term":[{"taxonomy":"product_brand","embeddable":true,"href":"https:\/\/megalicdb.rs\/index.php?rest_route=%2Fwp%2Fv2%2Fproduct_brand&post=32965"},{"taxonomy":"product_cat","embeddable":true,"href":"https:\/\/megalicdb.rs\/index.php?rest_route=%2Fwp%2Fv2%2Fproduct_cat&post=32965"},{"taxonomy":"product_tag","embeddable":true,"href":"https:\/\/megalicdb.rs\/index.php?rest_route=%2Fwp%2Fv2%2Fproduct_tag&post=32965"}],"curies":[{"name":"wp","href":"https:\/\/api.w.org\/{rel}","templated":true}]}}