{"id":32968,"date":"2025-07-08T15:56:47","date_gmt":"2025-07-08T15:56:47","guid":{"rendered":"https:\/\/megalicdb.rs\/?post_type=product&#038;p=32968"},"modified":"2025-07-08T15:56:47","modified_gmt":"2025-07-08T15:56:47","slug":"devojka-sa-violinom-milena-sekulic-odalovic","status":"publish","type":"product","link":"https:\/\/megalicdb.rs\/?product=devojka-sa-violinom-milena-sekulic-odalovic","title":{"rendered":"Devojka sa violinom Milena Sekuli\u0107 Odalovi\u0107"},"content":{"rendered":"<p>Autorka romana\u00a0<em>Vetar sa Pirineja<\/em><\/p>\n<p>Godina je 1888. Sandrin Neker odlu\u010duje da pobegne iz porodi\u010dnog doma u Liverpulu misle\u0107i da \u0107e se tako re\u0161iti straha od koga joj se ledi krv. Tek kad se na\u0111e na londonskim ulicama, gladna, promrzla i bez ikakve nade da \u0107e prona\u0107i krov nad glavom, devojka shvata svu te\u017einu svoje situacije. U pomo\u0107 joj neo\u010dekivano priska\u010de tajanstvena grofica Kliford. Dovodi je u svoj rasko\u0161ni dom, obasipa je pa\u017enjom i poklonima, u nadi da \u0107e Sandrin prihvatiti ulogu koju joj je namenila. Zauzvrat nudi bogatu nagradu koja bi mladoj \u017eeni omogu\u0107ila da zapo\u010dne novi \u017eivot.<\/p>\n<p>Pa\u017eljivo razra\u0111eni plan raspada se \u010dim se pojavi lord Sajmon Kliford. Zapo\u010dinje bespo\u0161tedna borba za o\u010duvanje porodi\u010dnog nasle\u0111a, u kojoj Sandrin dobija neo\u010dekivanog saveznika, londonskog bonvivana i zavodnika Edvarda Berna.<\/p>\n<p>\u201eDramati\u010dna ljubavna pri\u010da, neobi\u010dan zaplet, interesantni likovi i nadasve odva\u017ena i snala\u017eljiva glavna junakinja tvore okosnicu ovog dela. Specifi\u010dan porodi\u010dni igrokaz u koji se mlada \u017eena neplanirano uplela, zaintrigira\u0107e sve koji vole viktorijanski period i istorijske romane pune romantike i zamr\u0161enih me\u0111uljudskih odnosa. U\u017eivanje u \u010ditanju je neizbe\u017eno.\u201c<br \/>\n\u2013 Slavica Mastikosa<\/p>\n<p>\u201eZvuk violine se poput niti Arijadninog klupka prote\u017ee kroz \u010ditav novi roman Milene Sekuli\u0107 Odalovi\u0107. Gotovo magijska mo\u0107 ovog instrumenta poma\u017ee Sandrin, glavnoj junakinji, da ne zaluta u nepoznatom gradu u kom se svojevoljno obrela i da u odsudnim trenucima prona\u0111e pravi put. Intrige, tajne, zavere, izneverena o\u010dekivanja, za\u010dinjavaju dramati\u010dno do\u010darane odnose me\u0111u likovima, a ubistvo jedne od njih donosi obrt u pri\u010di i neo\u010dekivani krimi-zaplet.\u201c<br \/>\n\u2013 Ljiljana \u0160arac<\/p>\n","protected":false},"excerpt":{"rendered":"<p>Autorka romana\u00a0Vetar sa Pirineja Godina je 1888. Sandrin Neker odlu\u010duje da pobegne iz porodi\u010dnog doma u Liverpulu misle\u0107i da \u0107e<\/p>\n","protected":false},"featured_media":32969,"comment_status":"open","ping_status":"closed","template":"","meta":[],"product_brand":[],"product_cat":[416,324],"product_tag":[],"class_list":{"0":"post-32968","1":"product","2":"type-product","3":"status-publish","4":"has-post-thumbnail","6":"product_cat-beletristika","7":"product_cat-knjige","9":"first","10":"instock","11":"taxable","12":"shipping-taxable","13":"purchasable","14":"product-type-simple"},"aioseo_notices":[],"_links":{"self":[{"href":"https:\/\/megalicdb.rs\/index.php?rest_route=\/wp\/v2\/product\/32968","targetHints":{"allow":["GET"]}}],"collection":[{"href":"https:\/\/megalicdb.rs\/index.php?rest_route=\/wp\/v2\/product"}],"about":[{"href":"https:\/\/megalicdb.rs\/index.php?rest_route=\/wp\/v2\/types\/product"}],"replies":[{"embeddable":true,"href":"https:\/\/megalicdb.rs\/index.php?rest_route=%2Fwp%2Fv2%2Fcomments&post=32968"}],"version-history":[{"count":1,"href":"https:\/\/megalicdb.rs\/index.php?rest_route=\/wp\/v2\/product\/32968\/revisions"}],"predecessor-version":[{"id":32970,"href":"https:\/\/megalicdb.rs\/index.php?rest_route=\/wp\/v2\/product\/32968\/revisions\/32970"}],"wp:featuredmedia":[{"embeddable":true,"href":"https:\/\/megalicdb.rs\/index.php?rest_route=\/wp\/v2\/media\/32969"}],"wp:attachment":[{"href":"https:\/\/megalicdb.rs\/index.php?rest_route=%2Fwp%2Fv2%2Fmedia&parent=32968"}],"wp:term":[{"taxonomy":"product_brand","embeddable":true,"href":"https:\/\/megalicdb.rs\/index.php?rest_route=%2Fwp%2Fv2%2Fproduct_brand&post=32968"},{"taxonomy":"product_cat","embeddable":true,"href":"https:\/\/megalicdb.rs\/index.php?rest_route=%2Fwp%2Fv2%2Fproduct_cat&post=32968"},{"taxonomy":"product_tag","embeddable":true,"href":"https:\/\/megalicdb.rs\/index.php?rest_route=%2Fwp%2Fv2%2Fproduct_tag&post=32968"}],"curies":[{"name":"wp","href":"https:\/\/api.w.org\/{rel}","templated":true}]}}