{"id":32971,"date":"2025-07-08T15:59:06","date_gmt":"2025-07-08T15:59:06","guid":{"rendered":"https:\/\/megalicdb.rs\/?post_type=product&#038;p=32971"},"modified":"2025-11-24T10:39:11","modified_gmt":"2025-11-24T10:39:11","slug":"pogledaj-sto-je-macka-donijela-ante-tomic","status":"publish","type":"product","link":"https:\/\/megalicdb.rs\/?product=pogledaj-sto-je-macka-donijela-ante-tomic","title":{"rendered":"Pogledaj \u0161to je ma\u010dka donijela Ante Tomi\u0107"},"content":{"rendered":"<p>\u201eKad u ameri\u010dkim filmovima u prostoriju u\u0111e ne\u017eeljeni posjetitelj, gotovo uvijek netko ka\u017ee:\u00a0<em>Look what the cat dragged in<\/em>. Nemaju ma\u010dke obzira, donijet \u0107e nam pred noge ba\u0161 ono \u0161to ne bismo rado vidjeli, a upravo to se, i bez ma\u010daka, doga\u0111a junacima ovih Tomi\u0107evih pri\u010da. Od obli\u017enjeg supermarketa i stanova u na\u0161em susjedstvu, preko Baranje i mjesta\u0161aca poput Duduka ili Smiljeva, pa sve do malenog naselja u blizini Vudstoka, Ante Tomi\u0107 majstorski fabulira sudbine dovoljno nestvarne da postanu predlo\u017eak za knji\u017eevnost, a opet dovoljno stvarne da djeluju zastra\u0161uju\u0107e. Od te pogubne stvarnosti Ante Tomi\u0107 spa\u0161ava nas svojim punokrvnim humorom, kao da nam se njime u svoje ime ispri\u010dava \u0161to je svijet katkad toliko odvratan.\u201c Marina Vuj\u010di\u0107<\/p>\n<p>\u201eNigdje takve i tolike tuge i melanholije kao kod \u010carlija \u010caplina. U prirodi je svake dobre komedije da bude na rubu suza. Pogotovo u na\u0161em, produ\u017eenom dvadesetom vijeku. Ante Tomi\u0107 pisac je tog vijeka. U jednoj pri\u010di neki na\u0161 \u010dovjek kupi ku\u0107u u selu iz kojeg su protjerani Srbi, i iste mu no\u0107i u san do\u0111e glas:\u00a0<em>Za\u0161to si me ubio, Milutine?<\/em>\u00a0U drugoj pri\u010di Bog, koji ina\u010de \u017eivi na sedmom katu oronule socijalisti\u010dke zgrade, od ljudi kona\u010dno digne ruke, uz zaklju\u010dak:<em>\u00a0Ionako sam oduvijek vi\u0161e volio vjeverice.\u00a0<\/em>\u010covjeku bi srce prepuklo od tuge da nije tako smije\u0161no. Zato je Tomi\u0107 veliki pisac, zato su njegove pri\u010de za sve ljude koji razumiju njegov jezik.\u201c Miljenko Jergovi\u0107<\/p>\n","protected":false},"excerpt":{"rendered":"<p>\u201eKad u ameri\u010dkim filmovima u prostoriju u\u0111e ne\u017eeljeni posjetitelj, gotovo uvijek netko ka\u017ee:\u00a0Look what the cat dragged in. Nemaju ma\u010dke<\/p>\n","protected":false},"featured_media":32972,"comment_status":"open","ping_status":"closed","template":"","meta":[],"product_brand":[],"product_cat":[416,324],"product_tag":[],"class_list":{"0":"post-32971","1":"product","2":"type-product","3":"status-publish","4":"has-post-thumbnail","6":"product_cat-beletristika","7":"product_cat-knjige","9":"first","10":"outofstock","11":"taxable","12":"shipping-taxable","13":"purchasable","14":"product-type-simple"},"aioseo_notices":[],"_links":{"self":[{"href":"https:\/\/megalicdb.rs\/index.php?rest_route=\/wp\/v2\/product\/32971","targetHints":{"allow":["GET"]}}],"collection":[{"href":"https:\/\/megalicdb.rs\/index.php?rest_route=\/wp\/v2\/product"}],"about":[{"href":"https:\/\/megalicdb.rs\/index.php?rest_route=\/wp\/v2\/types\/product"}],"replies":[{"embeddable":true,"href":"https:\/\/megalicdb.rs\/index.php?rest_route=%2Fwp%2Fv2%2Fcomments&post=32971"}],"version-history":[{"count":1,"href":"https:\/\/megalicdb.rs\/index.php?rest_route=\/wp\/v2\/product\/32971\/revisions"}],"predecessor-version":[{"id":32973,"href":"https:\/\/megalicdb.rs\/index.php?rest_route=\/wp\/v2\/product\/32971\/revisions\/32973"}],"wp:featuredmedia":[{"embeddable":true,"href":"https:\/\/megalicdb.rs\/index.php?rest_route=\/wp\/v2\/media\/32972"}],"wp:attachment":[{"href":"https:\/\/megalicdb.rs\/index.php?rest_route=%2Fwp%2Fv2%2Fmedia&parent=32971"}],"wp:term":[{"taxonomy":"product_brand","embeddable":true,"href":"https:\/\/megalicdb.rs\/index.php?rest_route=%2Fwp%2Fv2%2Fproduct_brand&post=32971"},{"taxonomy":"product_cat","embeddable":true,"href":"https:\/\/megalicdb.rs\/index.php?rest_route=%2Fwp%2Fv2%2Fproduct_cat&post=32971"},{"taxonomy":"product_tag","embeddable":true,"href":"https:\/\/megalicdb.rs\/index.php?rest_route=%2Fwp%2Fv2%2Fproduct_tag&post=32971"}],"curies":[{"name":"wp","href":"https:\/\/api.w.org\/{rel}","templated":true}]}}