{"id":32974,"date":"2025-07-08T16:01:09","date_gmt":"2025-07-08T16:01:09","guid":{"rendered":"https:\/\/megalicdb.rs\/?post_type=product&#038;p=32974"},"modified":"2025-07-11T08:13:18","modified_gmt":"2025-07-11T08:13:18","slug":"izgradi-svoj-stil-mali-saveti-lea-stankovic-lea-stankovic","status":"publish","type":"product","link":"https:\/\/megalicdb.rs\/?product=izgradi-svoj-stil-mali-saveti-lea-stankovic-lea-stankovic","title":{"rendered":"Izgradi svoj stil &#8211; Mali saveti: Lea Stankovi\u0107 Lea Stankovi\u0107"},"content":{"rendered":"<p>Ako \u017eeli\u0161 da se bavi\u0161 modom ili kreira\u0161 svoj modni\u00a0<em>Jutjub<\/em>\u00a0kanal, ovaj priru\u010dnik i saveti jedne od najpopularnijih vlogerki Lee Stankovi\u0107 pomo\u0107i \u0107e ti u tome. Unutra su mnogobrojni zadaci i stranice za bele\u0161ke i pravljenje planova.<\/p>\n<p>U\u0111i u svet mode zajedno sa Leom Stankovi\u0107.<\/p>\n","protected":false},"excerpt":{"rendered":"<p>Ako \u017eeli\u0161 da se bavi\u0161 modom ili kreira\u0161 svoj modni\u00a0Jutjub\u00a0kanal, ovaj priru\u010dnik i saveti jedne od najpopularnijih vlogerki Lee Stankovi\u0107<\/p>\n","protected":false},"featured_media":32975,"comment_status":"open","ping_status":"closed","template":"","meta":[],"product_brand":[],"product_cat":[411,324,343],"product_tag":[],"class_list":{"0":"post-32974","1":"product","2":"type-product","3":"status-publish","4":"has-post-thumbnail","6":"product_cat-akcija","7":"product_cat-knjige","8":"product_cat-knjizevnost-za-decu","10":"first","11":"instock","12":"sale","13":"taxable","14":"shipping-taxable","15":"purchasable","16":"product-type-simple"},"aioseo_notices":[],"_links":{"self":[{"href":"https:\/\/megalicdb.rs\/index.php?rest_route=\/wp\/v2\/product\/32974","targetHints":{"allow":["GET"]}}],"collection":[{"href":"https:\/\/megalicdb.rs\/index.php?rest_route=\/wp\/v2\/product"}],"about":[{"href":"https:\/\/megalicdb.rs\/index.php?rest_route=\/wp\/v2\/types\/product"}],"replies":[{"embeddable":true,"href":"https:\/\/megalicdb.rs\/index.php?rest_route=%2Fwp%2Fv2%2Fcomments&post=32974"}],"version-history":[{"count":1,"href":"https:\/\/megalicdb.rs\/index.php?rest_route=\/wp\/v2\/product\/32974\/revisions"}],"predecessor-version":[{"id":32976,"href":"https:\/\/megalicdb.rs\/index.php?rest_route=\/wp\/v2\/product\/32974\/revisions\/32976"}],"wp:featuredmedia":[{"embeddable":true,"href":"https:\/\/megalicdb.rs\/index.php?rest_route=\/wp\/v2\/media\/32975"}],"wp:attachment":[{"href":"https:\/\/megalicdb.rs\/index.php?rest_route=%2Fwp%2Fv2%2Fmedia&parent=32974"}],"wp:term":[{"taxonomy":"product_brand","embeddable":true,"href":"https:\/\/megalicdb.rs\/index.php?rest_route=%2Fwp%2Fv2%2Fproduct_brand&post=32974"},{"taxonomy":"product_cat","embeddable":true,"href":"https:\/\/megalicdb.rs\/index.php?rest_route=%2Fwp%2Fv2%2Fproduct_cat&post=32974"},{"taxonomy":"product_tag","embeddable":true,"href":"https:\/\/megalicdb.rs\/index.php?rest_route=%2Fwp%2Fv2%2Fproduct_tag&post=32974"}],"curies":[{"name":"wp","href":"https:\/\/api.w.org\/{rel}","templated":true}]}}