{"id":32977,"date":"2025-07-08T16:04:14","date_gmt":"2025-07-08T16:04:14","guid":{"rendered":"https:\/\/megalicdb.rs\/?post_type=product&#038;p=32977"},"modified":"2025-07-11T08:14:19","modified_gmt":"2025-07-11T08:14:19","slug":"lepota-vlogerski-prirucnik-s-preporukama-jane-dacovic-jana-dacovic","status":"publish","type":"product","link":"https:\/\/megalicdb.rs\/?product=lepota-vlogerski-prirucnik-s-preporukama-jane-dacovic-jana-dacovic","title":{"rendered":"Lepota \u2013 vlogerski priru\u010dnik s preporukama Jane Da\u010dovi\u0107 Jana Da\u010dovi\u0107"},"content":{"rendered":"<p>Neka te ovaj priru\u010dnik podstakne da celu godinu ispuni\u0161 lepotom. Uz preporuke Jane Da\u010dovi\u0107, ispuni ovu svesku i planiraj svoje vlogove!<\/p>\n<p>Ilustracije: Ema Prajs i Aleksandar Stoj\u0161i\u0107<\/p>\n","protected":false},"excerpt":{"rendered":"<p>Neka te ovaj priru\u010dnik podstakne da celu godinu ispuni\u0161 lepotom. Uz preporuke Jane Da\u010dovi\u0107, ispuni ovu svesku i planiraj svoje<\/p>\n","protected":false},"featured_media":32978,"comment_status":"open","ping_status":"closed","template":"","meta":[],"product_brand":[],"product_cat":[411,324,343],"product_tag":[],"class_list":{"0":"post-32977","1":"product","2":"type-product","3":"status-publish","4":"has-post-thumbnail","6":"product_cat-akcija","7":"product_cat-knjige","8":"product_cat-knjizevnost-za-decu","10":"first","11":"instock","12":"sale","13":"taxable","14":"shipping-taxable","15":"purchasable","16":"product-type-simple"},"aioseo_notices":[],"_links":{"self":[{"href":"https:\/\/megalicdb.rs\/index.php?rest_route=\/wp\/v2\/product\/32977","targetHints":{"allow":["GET"]}}],"collection":[{"href":"https:\/\/megalicdb.rs\/index.php?rest_route=\/wp\/v2\/product"}],"about":[{"href":"https:\/\/megalicdb.rs\/index.php?rest_route=\/wp\/v2\/types\/product"}],"replies":[{"embeddable":true,"href":"https:\/\/megalicdb.rs\/index.php?rest_route=%2Fwp%2Fv2%2Fcomments&post=32977"}],"version-history":[{"count":1,"href":"https:\/\/megalicdb.rs\/index.php?rest_route=\/wp\/v2\/product\/32977\/revisions"}],"predecessor-version":[{"id":32979,"href":"https:\/\/megalicdb.rs\/index.php?rest_route=\/wp\/v2\/product\/32977\/revisions\/32979"}],"wp:featuredmedia":[{"embeddable":true,"href":"https:\/\/megalicdb.rs\/index.php?rest_route=\/wp\/v2\/media\/32978"}],"wp:attachment":[{"href":"https:\/\/megalicdb.rs\/index.php?rest_route=%2Fwp%2Fv2%2Fmedia&parent=32977"}],"wp:term":[{"taxonomy":"product_brand","embeddable":true,"href":"https:\/\/megalicdb.rs\/index.php?rest_route=%2Fwp%2Fv2%2Fproduct_brand&post=32977"},{"taxonomy":"product_cat","embeddable":true,"href":"https:\/\/megalicdb.rs\/index.php?rest_route=%2Fwp%2Fv2%2Fproduct_cat&post=32977"},{"taxonomy":"product_tag","embeddable":true,"href":"https:\/\/megalicdb.rs\/index.php?rest_route=%2Fwp%2Fv2%2Fproduct_tag&post=32977"}],"curies":[{"name":"wp","href":"https:\/\/api.w.org\/{rel}","templated":true}]}}