{"id":32983,"date":"2025-07-08T16:13:01","date_gmt":"2025-07-08T16:13:01","guid":{"rendered":"https:\/\/megalicdb.rs\/?post_type=product&#038;p=32983"},"modified":"2025-07-11T08:26:19","modified_gmt":"2025-07-11T08:26:19","slug":"pomor-i-strah-vule-zuric","status":"publish","type":"product","link":"https:\/\/megalicdb.rs\/?product=pomor-i-strah-vule-zuric","title":{"rendered":"Pomor i strah Vule \u017duri\u0107"},"content":{"rendered":"<p>Vitalova nagrada\u00a0<em>Zlatni suncokret<\/em>\u00a0za najbolje ostvarenje na srpskom jeziku u 2018. godini.<\/p>\n<p>Novi roman dobitnika\u00a0<em>Andri\u0107eve nagrade<\/em>.<\/p>\n<p>Irig, 1795.<\/p>\n<p>Godina stra\u0161nog pomora od kuge u Sremu, koja je odnela samo u toj varo\u0161i preko 2500 \u017eivota za manje od godinu dana. Sve\u0161teniku Stevanu Vezili\u0107u i lekaru Andriji Budaiju, skrbnicima du\u0161e i tela svojih sugra\u0111ana, palo je u deo da \u017eiteljima pru\u017ee svaku vrstu pomo\u0107i, da ute\u0161e bolesne i bli\u017enje, da ubla\u017ee strah i bolove, i da uz pomo\u0107 austrijskih vlasti otvore karantin i zaustave epidemiju. U narodu se \u0161ire glasine da kugu \u0161iri prelepa devojka pepeljastih o\u010diju sa belim pla\u0161tom, koja se povremeno pojavljuje po sremskim selima. A samo Vezili\u0107 i Budai znaju pravu istinu\u2026<\/p>\n<p>U svom novom romanu \u017duri\u0107 pripoveda o mukama Iri\u017eana i naporima da savladaju stra\u0161nu moriju koja ih je zadesila krajem XVIII veka. Ve\u0161to upli\u0107u\u0107i istorijske doga\u0111aje i likove u radnju i slu\u017ee\u0107i se autenti\u010dnom leksikom i govorom onda\u0161njeg srpskog \u017eivlja na granici Austrije i Turske, pisac uspeva da na privla\u010dan na\u010din, uprkos te\u0161koj temi, do\u010dara vreme i obi\u010daje jedne prohujale epohe, u kojoj su se na ovim prostorima pome\u0161ali narodi, verovanja, kulture i obi\u010daji.<\/p>\n<p>Intrigantan roman koji, poput srodnih knji\u017eevnih alegorija (kao \u0161to su Kamijeva\u00a0<em>Kuga<\/em>, Peki\u0107evo\u00a0<em>Besnilo<\/em>\u00a0ili Saramagovo\u00a0<em>Slepilo<\/em>), ispituje granice ljudskosti u nevoljnim vremenima.<\/p>\n<p><em>Takovi pomor bio i strah \u0161to u svetu ne mo\u017ee biti stra\u0161nije, da na dan po 20, po 30, po 35 du\u0161a umiraju i toj bolesti tj. kugi drugoga lekarstva nema, kromje ako se koji razbole, to taki njega u \u0161pitalj, a drugi iz ku\u0107e neka be\u017ee.<\/em><\/p>\n","protected":false},"excerpt":{"rendered":"<p>Vitalova nagrada\u00a0Zlatni suncokret\u00a0za najbolje ostvarenje na srpskom jeziku u 2018. godini. Novi roman dobitnika\u00a0Andri\u0107eve nagrade. Irig, 1795. Godina stra\u0161nog pomora<\/p>\n","protected":false},"featured_media":32984,"comment_status":"open","ping_status":"closed","template":"","meta":[],"product_brand":[],"product_cat":[411,324,417],"product_tag":[],"class_list":{"0":"post-32983","1":"product","2":"type-product","3":"status-publish","4":"has-post-thumbnail","6":"product_cat-akcija","7":"product_cat-knjige","8":"product_cat-knjizevnost-za-odrasle","10":"first","11":"instock","12":"sale","13":"taxable","14":"shipping-taxable","15":"purchasable","16":"product-type-simple"},"aioseo_notices":[],"_links":{"self":[{"href":"https:\/\/megalicdb.rs\/index.php?rest_route=\/wp\/v2\/product\/32983","targetHints":{"allow":["GET"]}}],"collection":[{"href":"https:\/\/megalicdb.rs\/index.php?rest_route=\/wp\/v2\/product"}],"about":[{"href":"https:\/\/megalicdb.rs\/index.php?rest_route=\/wp\/v2\/types\/product"}],"replies":[{"embeddable":true,"href":"https:\/\/megalicdb.rs\/index.php?rest_route=%2Fwp%2Fv2%2Fcomments&post=32983"}],"version-history":[{"count":1,"href":"https:\/\/megalicdb.rs\/index.php?rest_route=\/wp\/v2\/product\/32983\/revisions"}],"predecessor-version":[{"id":32985,"href":"https:\/\/megalicdb.rs\/index.php?rest_route=\/wp\/v2\/product\/32983\/revisions\/32985"}],"wp:featuredmedia":[{"embeddable":true,"href":"https:\/\/megalicdb.rs\/index.php?rest_route=\/wp\/v2\/media\/32984"}],"wp:attachment":[{"href":"https:\/\/megalicdb.rs\/index.php?rest_route=%2Fwp%2Fv2%2Fmedia&parent=32983"}],"wp:term":[{"taxonomy":"product_brand","embeddable":true,"href":"https:\/\/megalicdb.rs\/index.php?rest_route=%2Fwp%2Fv2%2Fproduct_brand&post=32983"},{"taxonomy":"product_cat","embeddable":true,"href":"https:\/\/megalicdb.rs\/index.php?rest_route=%2Fwp%2Fv2%2Fproduct_cat&post=32983"},{"taxonomy":"product_tag","embeddable":true,"href":"https:\/\/megalicdb.rs\/index.php?rest_route=%2Fwp%2Fv2%2Fproduct_tag&post=32983"}],"curies":[{"name":"wp","href":"https:\/\/api.w.org\/{rel}","templated":true}]}}