{"id":32989,"date":"2025-07-08T16:16:18","date_gmt":"2025-07-08T16:16:18","guid":{"rendered":"https:\/\/megalicdb.rs\/?post_type=product&#038;p=32989"},"modified":"2025-07-11T08:13:50","modified_gmt":"2025-07-11T08:13:50","slug":"duh-pobune-luka-miceta","status":"publish","type":"product","link":"https:\/\/megalicdb.rs\/?product=duh-pobune-luka-miceta","title":{"rendered":"Duh pobune Luka Mi\u010deta"},"content":{"rendered":"<p>Du\u0161an Prelevi\u0107 \u2022 Vladimir Arsenijevi\u0107 \u2022 Mirjana Novakovi\u0107 \u2022\u00a0Svetlana Velmar-Jankovi\u0107 \u2022 Svetislav Basara \u2022 Jovan \u0106irilov \u2022\u00a0Aleksandar Ti\u0161ma \u2022 Maks Erenrajh Ostoji\u0107 \u2022 Mladen Markov \u2022\u00a0Mileta Prodanovi\u0107 \u2022 Milovan \u0110ilas<\/p>\n<p>Razgovori sa knji\u017eevnim buntovnicima i novatorima!<\/p>\n<p>Svi pisci sa kojima je Luka Mi\u010deta razgovarao zapravo su buntovnici \u2013 neki otvoreni i bu\u010dni, neki skriveni i tihi, ali sve ih ujedinjuje nepristajanje na zablude, mitove i licemerje vremena u kome \u017eive. A ni to vreme nije bilo koje vreme \u2013 svi razgovori u knjizi vo\u0111eni su tragi\u010dnih devedesetih, ratnih godina dvadesetog stole\u0107a\u2026<\/p>\n<p>Polazi\u0161te buntovni\u0161tva uvek sadr\u017ei sastojak gneva, u slu\u010daju pisaca u ovoj knjizi i te kako opravdanog \u2013 ali sam gnev, za pobunu prona\u0111enog smisla, svakako nije dovoljan. Samo buntovnik koji istinski promi\u0161lja svoju pobunu, potkrepljuju\u0107i je \u0161irinom pogleda i dubinom uvida, dokazima i znanjem mo\u017ee dovesti gnev pobune do uspe\u0161nog kraja \u2013 do mudrosti.<\/p>\n<p>I neka to bude merilo pomo\u0107u kojeg valja ocenjivati vrednosti vi\u0161eglasja u ovoj knjizi \u2013 iskaza robusnog rokera Du\u0161ana Prelevi\u0107a, pisca antiratnog o\u010dajanja mladog pokoljena Vladimira Arsenijevi\u0107a, nepokorne i zami\u0161ljene Mirjane Novakovi\u0107, nad usponima i padovima srpske istorije sagnute Svetlane Velmar- Jankovi\u0107, uvek ljutitog i gnevnog Svetislava Basare, modernog \u2013 svetskog, prustovski zanetog, ravnopravnosti odanog Jovana \u0106irilova, selinovski iskrenog, zlu posve\u0107enog Aleksandra Ti\u0161me, ljudskoj gre\u0161nosti predanog Maksa Erenrajha-Ostoji\u0107a, boemski razbaru\u0161enog Mladena Markova, sudbinom pokoljenja u nevremenu obuzetog Milete Prodanovi\u0107a, i dramati\u010dno i neposredno ispovednog Milovana \u0110ilasa.<\/p>\n<p>Iz pogovora prof. dr Aleksandra Ili\u0107a<\/p>\n","protected":false},"excerpt":{"rendered":"<p>Du\u0161an Prelevi\u0107 \u2022 Vladimir Arsenijevi\u0107 \u2022 Mirjana Novakovi\u0107 \u2022\u00a0Svetlana Velmar-Jankovi\u0107 \u2022 Svetislav Basara \u2022 Jovan \u0106irilov \u2022\u00a0Aleksandar Ti\u0161ma \u2022 Maks<\/p>\n","protected":false},"featured_media":32990,"comment_status":"open","ping_status":"closed","template":"","meta":[],"product_brand":[],"product_cat":[411,324,417],"product_tag":[],"class_list":{"0":"post-32989","1":"product","2":"type-product","3":"status-publish","4":"has-post-thumbnail","6":"product_cat-akcija","7":"product_cat-knjige","8":"product_cat-knjizevnost-za-odrasle","10":"first","11":"instock","12":"sale","13":"taxable","14":"shipping-taxable","15":"purchasable","16":"product-type-simple"},"aioseo_notices":[],"_links":{"self":[{"href":"https:\/\/megalicdb.rs\/index.php?rest_route=\/wp\/v2\/product\/32989","targetHints":{"allow":["GET"]}}],"collection":[{"href":"https:\/\/megalicdb.rs\/index.php?rest_route=\/wp\/v2\/product"}],"about":[{"href":"https:\/\/megalicdb.rs\/index.php?rest_route=\/wp\/v2\/types\/product"}],"replies":[{"embeddable":true,"href":"https:\/\/megalicdb.rs\/index.php?rest_route=%2Fwp%2Fv2%2Fcomments&post=32989"}],"version-history":[{"count":1,"href":"https:\/\/megalicdb.rs\/index.php?rest_route=\/wp\/v2\/product\/32989\/revisions"}],"predecessor-version":[{"id":32991,"href":"https:\/\/megalicdb.rs\/index.php?rest_route=\/wp\/v2\/product\/32989\/revisions\/32991"}],"wp:featuredmedia":[{"embeddable":true,"href":"https:\/\/megalicdb.rs\/index.php?rest_route=\/wp\/v2\/media\/32990"}],"wp:attachment":[{"href":"https:\/\/megalicdb.rs\/index.php?rest_route=%2Fwp%2Fv2%2Fmedia&parent=32989"}],"wp:term":[{"taxonomy":"product_brand","embeddable":true,"href":"https:\/\/megalicdb.rs\/index.php?rest_route=%2Fwp%2Fv2%2Fproduct_brand&post=32989"},{"taxonomy":"product_cat","embeddable":true,"href":"https:\/\/megalicdb.rs\/index.php?rest_route=%2Fwp%2Fv2%2Fproduct_cat&post=32989"},{"taxonomy":"product_tag","embeddable":true,"href":"https:\/\/megalicdb.rs\/index.php?rest_route=%2Fwp%2Fv2%2Fproduct_tag&post=32989"}],"curies":[{"name":"wp","href":"https:\/\/api.w.org\/{rel}","templated":true}]}}